{"id":17,"date":"2014-10-30T07:22:38","date_gmt":"2014-10-30T07:22:38","guid":{"rendered":"http:\/\/www.betelu.eus\/?page_id=17"},"modified":"2023-11-04T16:14:49","modified_gmt":"2023-11-04T15:14:49","slug":"betelu","status":"publish","type":"page","link":"http:\/\/www.betelu.eus\/es\/betelu\/","title":{"rendered":"Betelu"},"content":{"rendered":"<p><\/p>\n<dl class=\"organizacionayuntamiento\" style=\"color: #333333\">\n<dd>\n<h5><strong><span style=\"color: #008000\">GEOGRAFIA:<\/span><\/strong><\/h5>\n<p style=\"text-align: justify\">Betelu es un municipio navarro cercano a la frontera noroeste con Gipuzkoa. Limita al Oeste y al Norte con Araitz, al Este con Larraun y al Sur con el monte Aralar. El r\u00edo Araxes atraviesa el territorio y la villa en s\u00ed formando un estrecho valle. Pueden distinguirse en este valle las dos unidades geomorfol\u00f3gicas que se diferencian en el valle de Araitz: las Malloas y el sinclinorio Araitz-Ultzama. Son estas dos peculiaridades las que definen su paisaje que se asienta sobre sedimentos margosos del cret\u00e1cico y sobre calizas urgonianas.<\/p>\n<h5><span style=\"color: #008000\"><strong>NATURALEZA:<\/strong><\/span><\/h5>\n<p style=\"text-align: justify\">La vegetaci\u00f3n en las zonas de altitud de 1.000 metros la constituyen hayedos y pastos de monta\u00f1a y en las zonas bajas, entorno a los 240-600 metros la variedad es mucho mayor, combin\u00e1ndose prados, helechales, robledales, casta\u00f1ales, avellanos, fresnos y encinas. Destaca por su singularidad el encinar de Zigadi-Beroate, enclave natural mediterr\u00e1neo en plena cornisa cant\u00e1brica en el desfiladero escavado por el r\u00edo Araxes.<\/p>\n<p style=\"text-align: justify\">Fauna rica y variada destacando las truchas del Araxes, ranas, jabal\u00ed, corzo, liebre y sin fin de especies de p\u00e1jaros entre los que destaca el buitre que anida en las Malloas, el alimoche que habita tambi\u00e9n en este valle y otros m\u00e1s como el txantxangorri, el mirlo acu\u00e1tico, el mart\u00edn pescador, <abbr title=\"etc\u00e9tera\">etc<\/abbr>.<\/p>\n<p style=\"text-align: justify\">El clima es oce\u00e1nico con influencias del cant\u00e1brico y en consecuencia suave, con lluvias abundantes y regulares. La temperatura media anual es de 8-12\u00a0<abbr title=\"grados Cent\u00edgrados\">\u00baC<\/abbr>.<\/p>\n<h5><span style=\"color: #008000\"><strong>HISTORIA:<\/strong><\/span><\/h5>\n<p>A\u00f1o 1820: Un lugar de Se\u00f1or\u00edo realengo era lo que constitu\u00eda Betelu. En 1507 los Reyes de Navarra Juan III de Labrit y Catalina, concedieron la hidalgu\u00eda a los vecinos de Betelu, hidalgu\u00eda que se mantuvo tras la conquista de Navarra por los Reyes Cat\u00f3li<a href=\"http:\/\/www.betelu.es\/wp-content\/uploads\/sites\/140\/2015\/08\/Historia-1.jpg\"><img loading=\"lazy\" decoding=\"async\" class=\"alignright wp-image-167 \" src=\"http:\/\/www.betelu.es\/wp-content\/uploads\/sites\/140\/2015\/08\/Historia-1-300x225.jpg\" alt=\"Historia-1\" width=\"260\" height=\"195\" srcset=\"http:\/\/www.betelu.eus\/wp-content\/uploads\/sites\/140\/2015\/08\/Historia-1-300x225.jpg 300w, http:\/\/www.betelu.eus\/wp-content\/uploads\/sites\/140\/2015\/08\/Historia-1-1024x768.jpg 1024w, http:\/\/www.betelu.eus\/wp-content\/uploads\/sites\/140\/2015\/08\/Historia-1-600x450.jpg 600w, http:\/\/www.betelu.eus\/wp-content\/uploads\/sites\/140\/2015\/08\/Historia-1.jpg 1076w\" sizes=\"auto, (max-width: 260px) 100vw, 260px\" \/><\/a>cos de Castilla. En 1694 Betelu se independiz\u00f3 administrativamente del valle de Araitz gracias al pago de 500 ducados al erario de Castilla.<\/p>\n<p>Elementos de inter\u00e9s guarda la historia de esta villa de Betelu, por ejemplo se cu\u00f1aron las \u00faltimas monedas emitidas por el Reyno de Navarra en 1833. Se trata de la tresena de Betelu. Es de mencionar tambi\u00e9n que el reloj que marc\u00f3 la vida de los pamploneses desde la fachada de su Ayuntamiento entre 1849 y 1990 llevaba la firma de un ilustre relojero de Betelu: Juan Manuel Yeregui.<\/p>\n<p>El balneario que funcion\u00f3 entre 1818 y 1965 con la estrecha relaci\u00f3n que Betelu ha tenido hist\u00f3ricamente con el agua, lleg\u00f3 a ser uno de los balnearios m\u00e1s afortunados de la \u00e9poca, frecuentado por importantes personajes de la pol\u00edtica, el arte y la nobleza. Hoy d\u00eda se contin\u00faa con la comercializaci\u00f3n apostando por la recuperaci\u00f3n de la actividad termal.<\/p>\n<p>El agua movi\u00f3 tambi\u00e9n hist\u00f3ricamente diversas actividades artesanales, adem\u00e1s de la ya mencionada f\u00e1brica de monedas, cabe destacar, la ferrer\u00eda, f\u00e1brica de lino, f\u00e1brica de chocolate y serrer\u00edas, molinos, etc, y m\u00e1s tarde con mini centrales el\u00e9ctricas.<\/p>\n<h5><span style=\"color: #008000\"><strong>CURIOSIDADES:<\/strong><\/span><\/h5>\n<p><strong>Balneario de Betelu:<\/strong><\/p>\n<p>\u00bfQui\u00e9n no recuerda el antiguo balneario? Durante los cerca de 150 a\u00f1os en que Betelu fue una villa termal, fue el lugar ideal de descanso y recuperaci\u00f3n para muchas personas que <img loading=\"lazy\" decoding=\"async\" class=\"alignright wp-image-163 size-medium\" src=\"http:\/\/www.betelu.es\/wp-content\/uploads\/sites\/140\/2015\/08\/Bitxikeriak-1-209x300.jpg\" alt=\"\" width=\"209\" height=\"300\" srcset=\"http:\/\/www.betelu.eus\/wp-content\/uploads\/sites\/140\/2015\/08\/Bitxikeriak-1-209x300.jpg 209w, http:\/\/www.betelu.eus\/wp-content\/uploads\/sites\/140\/2015\/08\/Bitxikeriak-1-714x1024.jpg 714w, http:\/\/www.betelu.eus\/wp-content\/uploads\/sites\/140\/2015\/08\/Bitxikeriak-1-600x860.jpg 600w, http:\/\/www.betelu.eus\/wp-content\/uploads\/sites\/140\/2015\/08\/Bitxikeriak-1.jpg 772w\" sizes=\"auto, (max-width: 209px) 100vw, 209px\" \/>ven\u00edan a tomar sus aguas curativas, atra\u00eddos por la belleza natural del entorno y la excelente cualidad terap\u00e9utica de sus aguas termales.<\/p>\n<p>Este establecimiento estaba en la parte sur de la villa, en la margen izquierda del r\u00edo Araxes, donde en la actualidad se ubica la f\u00e1brica de aguas.<\/p>\n<p>Los manantiales del Balneario eran tres: Iturri Santu, con un agua sulfurosa s\u00f3dica nitrogenada; Dama Iturri, con agua clorurado s\u00f3dica, bicarbonatada lit\u00ednica y el \u00faltimo era la fuente de Carmelo de agua clorurado s\u00f3dica.<\/p>\n<p>Estos manantiales surgen a favor de unas fracturas que afectan a las calizas arrecifales masivas del Cret\u00e1cico inferior, a las calizas del Jur\u00e1sico y a los yesos de Keuper.<\/p>\n<p>El balneario constaba de 200 habitaciones y los propietarios reservaban una de ellas, la mejor de todas, por supuesto, para la visita que durante los veranos hac\u00eda el rey Alfonso XII.<\/p>\n<p>Las aguas de estos manantiales se explotan hoy en d\u00eda industrialmente para aguas de mesa.<\/p>\n<p><strong>La ferrer\u00eda de Betelu:<\/strong><\/p>\n<p>La ferrer\u00eda de Betelu, fue constituida por tres socios en 1828, en plena \u00e9poca de decadencia del sector. <img loading=\"lazy\" decoding=\"async\" class=\"alignleft wp-image-164\" src=\"http:\/\/www.betelu.es\/wp-content\/uploads\/sites\/140\/2015\/08\/Bitxikeriak-2-300x224.jpg\" alt=\"Bitxikeriak-2\" width=\"231\" height=\"173\" srcset=\"http:\/\/www.betelu.eus\/wp-content\/uploads\/sites\/140\/2015\/08\/Bitxikeriak-2-300x224.jpg 300w, http:\/\/www.betelu.eus\/wp-content\/uploads\/sites\/140\/2015\/08\/Bitxikeriak-2-1024x767.jpg 1024w, http:\/\/www.betelu.eus\/wp-content\/uploads\/sites\/140\/2015\/08\/Bitxikeriak-2-600x449.jpg 600w, http:\/\/www.betelu.eus\/wp-content\/uploads\/sites\/140\/2015\/08\/Bitxikeriak-2.jpg 1297w\" sizes=\"auto, (max-width: 231px) 100vw, 231px\" \/>Juan Antonio Zabala, Cristobal Lazcano y Pedro Antonio Ochotorena impulsaron un<br \/>\nconjunto industrial en el que instalaron una ferrer\u00eda mayor destinada a labrar hierro y un martinete de cobre para el acu\u00f1ado de la tresena, \u00faltima moneda Navarra equivalente a tres maraved\u00eds. La tresena de Betelu se acu\u00f1o en este martinete hasta el a\u00f1o 1833.<\/p>\n<h5><\/h5>\n<h5><\/h5>\n<h5 style=\"text-align: left\"><\/h5>\n<h5 style=\"text-align: left\"><strong><span style=\"color: #008000\">ARTE:<\/span><\/strong><\/h5>\n<h5><a href=\"http:\/\/www.betelu.eus\/wp-content\/uploads\/sites\/140\/2015\/03\/imagen-puerta.jpg\"><img loading=\"lazy\" decoding=\"async\" class=\"alignleft wp-image-132 \" src=\"http:\/\/www.betelu.eus\/wp-content\/uploads\/sites\/140\/2015\/03\/imagen-puerta-226x300.jpg\" alt=\"imagen-puerta\" width=\"144\" height=\"191\" srcset=\"http:\/\/www.betelu.eus\/wp-content\/uploads\/sites\/140\/2015\/03\/imagen-puerta-226x300.jpg 226w, http:\/\/www.betelu.eus\/wp-content\/uploads\/sites\/140\/2015\/03\/imagen-puerta.jpg 261w\" sizes=\"auto, (max-width: 144px) 100vw, 144px\" \/><\/a><\/h5>\n<p>Iglesia de San Pedro ap\u00f3stol: Edificio de una nave, realizado en piedra. El acceso a su interior se realiza por el lado de la ep\u00edstola a trav\u00e9s de una bella portada en estilo g\u00f3tico tard\u00edo. <img loading=\"lazy\" decoding=\"async\" class=\"alignright wp-image-131 \" src=\"http:\/\/www.betelu.eus\/wp-content\/uploads\/sites\/140\/2015\/03\/imagen-300x225.jpg\" alt=\"imagen\" width=\"208\" height=\"156\" srcset=\"http:\/\/www.betelu.eus\/wp-content\/uploads\/sites\/140\/2015\/03\/imagen-300x225.jpg 300w, http:\/\/www.betelu.eus\/wp-content\/uploads\/sites\/140\/2015\/03\/imagen.jpg 377w\" sizes=\"auto, (max-width: 208px) 100vw, 208px\" \/>En su interior, ofrece en la capilla mayor la figura de San Pedro, como pont\u00edfice, sedente en trono, flanqueada por la Virgen de los Dolores y San Antonio de Padua.<\/p>\n<p>Ermita rom\u00e1nica Irulegui, del Siglo XII. En ella se venera la imagen g\u00f3tica de Nuestra Se\u00f1ora del Sagrario. Tiene una b\u00f3veda de ca\u00f1\u00f3n con arco de medio punto en la cabecera.<\/p>\n<p>Ermita de Santa Cruz, del Siglo XVI.<\/p>\n<p>Casa Torre Apeztegizaharra, del siglo XIII. Se utilizaba de defensa ante ataques castellanos.<\/p>\n<p><a href=\"http:\/\/www.betelu.es\/wp-content\/uploads\/sites\/140\/2015\/03\/casa.jpg\"><img loading=\"lazy\" decoding=\"async\" class=\"alignright wp-image-130\" src=\"http:\/\/www.betelu.es\/wp-content\/uploads\/sites\/140\/2015\/03\/casa-300x224.jpg\" alt=\"casa\" width=\"238\" height=\"178\" srcset=\"http:\/\/www.betelu.eus\/wp-content\/uploads\/sites\/140\/2015\/03\/casa-300x224.jpg 300w, http:\/\/www.betelu.eus\/wp-content\/uploads\/sites\/140\/2015\/03\/casa.jpg 415w\" sizes=\"auto, (max-width: 238px) 100vw, 238px\" \/><\/a>Casa Indianoetxea, del a\u00f1o 1736, tiene un claustro de piedra y hoy en d\u00eda en \u00e9l est\u00e1 ubicado el ayuntamiento y se utiliza para diversos servicios municipales.<\/p>\n<h5><span style=\"color: #008000\"><strong>PERSONAJES ILUSTRES: <\/strong><\/span><\/h5>\n<p><strong>Blas Alexandre de Lezaeta (1597-1647):<\/strong><\/p>\n<p>Nacido en la casa Albirena de Betelu. Fue Prior de Roncesvalles en 1647 y obispo electo de Pamplona por las cortes de Navarra y falleci\u00f3 en Zaragoza el mismo a\u00f1o de su nombramiento.<\/p>\n<p><strong>Pedro de Lezaeta y Zabala:<\/strong><\/p>\n<p>Hermano de Blas Alexandre de Lezaeta. \u00c9ste fue capit\u00e1n en los Estados de Flandes y virrey de Per\u00fa.<\/p>\n<p><strong>Los Juanagorri:<\/strong><\/p>\n<p>El apellido de esta familia es Igerabide, pero eran m\u00e1s conocidos como Juanagorri. Domingo Igerabide fue el due\u00f1o de la casa Juanagorri. Este falleci\u00f3 en el a\u00f1o 1915, pero hab\u00eda dejado marca en el pueblo ya que en sus tiempos hab\u00eda sido un \u00abkorrikalari\u00bb, \u00absegalari\u00bb y \u00abpetrikillo\u00bb excelente. Domingo fue un hombre apostador, pero no solo para las carreras, sino que siempre ten\u00eda alg\u00fan animal preparado en el caser\u00edo para apostar con \u00e9l.<\/p>\n<p>Este beteluarra tuvo una familia fabulosa. Aunque algunos hijos se le murieron siendo ni\u00f1os, otros siguieron los pasos del padre incluso llegando a su nivel.<\/p>\n<p>El hijo mayor de Domingo, Martin Miguel, despu\u00e9s de ser uno de los mejores aizkolaris y korrikaris de su \u00e9poca, parti\u00f3 hacia las Am\u00e9ricas. Juan Ignacio fue el segundo hijo. Este tambi\u00e9n fue korrikalari, pero se hizo m\u00e1s conocido como bertsolari. El tercer hijo de Domingo, Santiago, tambi\u00e9n fue bertsolari y korrikalari, pero en realidad fue como petrikillo donde sac\u00f3 sus dones, haciendo curaciones asombrosas. El cuarto hijo, Ferm\u00edn, fue tambi\u00e9n bertsolari, y antes de emigrar a Am\u00e9rica nos demostr\u00f3 que tambi\u00e9n era korrikalari.<\/p>\n<p>El \u00faltimo Juanagorri de Betelu, fue Antonio Igerabide Iriarte. Despu\u00e9s de haber estado cuatro veces en Argentina, escap\u00e1ndose del servicio militar se march\u00f3 a Francia. Muchas visitas hac\u00eda a su pueblo natal de Betelu y en una de esas visitas fue arrestado y lo enviaron a Africa para tres a\u00f1os.<\/p>\n<p>Hoy en d\u00eda, no queda descendientes de los Juanagorri en Betelu, ya que un hijo de Inazio Igerabide vendi\u00f3 el caser\u00edo estando en Argentina.<\/p>\n<p><strong>Los Yeregitarras:<\/strong><\/p>\n<p>Los Yeregitarras fueron nacidos en Leiza, pero a finales del siglo XVIII fue cuando llegaron a Betelu.<\/p>\n<p>El primer herrero y relojero de esta familia se llamaba Francisco Yeregui Zabaleta. Francisco naci\u00f3 en Leiza en el a\u00f1o 1760 y a pesar de ser carpintero en un principio, luego se pas\u00f3 a la industria del hierro. Despu\u00e9s de estudiar durante dos a\u00f1os, el primer reloj que fabric\u00f3 fue para la iglesia de Betelu en 1796. Fue entonces cuando se asent\u00f3 en la casa \u00abEtxetxo\u00bb de Betelu con su familia.<\/p>\n<p>El segundo reloj que construy\u00f3 Francisco, lo hizo para Burlada en el a\u00f1o 1821. Su hijo, Juan Manuel, naci\u00f3 en Leiza en 1795 y fue quien sigui\u00f3 los pasos de su padre.<\/p>\n<p>Entre los relojes que fabric\u00f3 Juan Manuel, el de la Iglesia de San Lorenzo de Pamplona, el que fabric\u00f3 para el Ayuntamiento de Pamplona en el 1849 y el de Arantzazu fueron los m\u00e1s importantes.<\/p>\n<p>El hijo de Juan Manuel, Juan Jos\u00e9 Yeregui fue el siguiente relojero de esta familia. Naci\u00f3 en Betelu en el a\u00f1o 1819 y falleci\u00f3 tambi\u00e9n en Betelu en el 1887.<\/p>\n<p>El heredero de Juan Jos\u00e9, Bonifacio, fue la cuarta generaci\u00f3n de la familia. Naci\u00f3n en el 1850 y falleci\u00f3 en el 1911. Siguiendo la costumbre, Bonifacio tambi\u00e9n fabric\u00f3 relojes, como por ejemplo para Marcilla, Sald\u00edas, Gaintza (de Navarra), Villanueva, etc.<\/p>\n<p>En el a\u00f1o 1844 naci\u00f3 el hijo de Bonifacio, Andr\u00e9s. Este fue el \u00faltimo relojero, ya que su hijo tom\u00f3 otro camino.<\/p>\n<p>De entre los relojes construidos por Andr\u00e9s, son de mencionar los de Izurdiaga, Igoa y Latasa, este \u00faltimo lo termin\u00f3 en el 1914.<\/p>\n<p><strong>Los Txakarro:<\/strong><\/p>\n<p>Francisco Estanga Perez naci\u00f3 en Betelu el 13 de mayo de 1894. Era m\u00e1s conocido como Txakarro.<\/p>\n<p>Desde muy peque\u00f1o se dio cuenta de que ten\u00eda una habilidad especial en sus manos, ya que pod\u00eda curar todo aquel mal de huesos. Conoc\u00eda todos los huesos perfectamente sin haber tenido ning\u00fan tipo de estudio.<\/p>\n<p>Aprovech\u00e1ndose de esa ocasi\u00f3n mucha gente acud\u00eda a sus manos para poder curar roturas, esguinces, etc. As\u00ed y de boca en boca es como se hizo famoso y cada vez acud\u00eda m\u00e1s gente al pueblo preguntando donde viv\u00eda el \u00abpetrikillo\u00bb (se le llama as\u00ed al curandero de fracturas de hueso) para poder pasar por sus manos.<\/p>\n<p>Normalmente atend\u00eda en su casa, pero una vez a la semana sol\u00eda ir a un bar de Tolosa llamado Zeru-Txiki para all\u00ed tambi\u00e9n poder atender a gente y que luego se traslad\u00f3 con sus milagrosas manos y sus famosos \u00ab40 d\u00edas de reposo\u00bb, al bar Zumeta en Tolosa tambi\u00e9n.<\/p>\n<p>Por su consulta del bar pasaron deportistas famosos hasta gente m\u00e1s humilde. En caso de urgencia te tra\u00edan primero a donde \u00e9l a Betelu para que aqu\u00ed te atendiera. Numerosos m\u00e9dicos recurrieron a sus servicios o quisieron ver los m\u00e9todos de trabajo de aquel personaje tan afamado.<\/p>\n<p>Como an\u00e9cdota decir, que, alguno, quiz\u00e1 celoso de su fama, lo denunci\u00f3 y desde el mismo bar, la Guardia civil se lo llev\u00f3 detenido, aunque a las dos horas ya estaba en la calle.<\/p>\n<p>Txakarro se cas\u00f3 con Martina Olarra y tuvieron 11 hijos. Uno de ellos, Jes\u00fas, nacido el 14 de octubre de 1940 y fue quien sigui\u00f3 con el don que hab\u00eda heredado de su padre, ya que \u00e9ste tambi\u00e9n ten\u00eda las manos \u00abpoderosas\u00bb. Jes\u00fas tambi\u00e9n sol\u00eda acudir al bar de Zumeta de Tolosa una vez por semana.<\/p>\n<p>El hijo de Txakarro, que a \u00e9ste tambi\u00e9n lo apodaron as\u00ed, se cas\u00f3 con Beatriz Otamendi y tuvieron 4 hijos. Uno de ellos, Iosu, estudi\u00f3 fisioterapeuta y hoy en d\u00eda es quien sigue con la herencia familiar teniendo su propia consulta en el pueblo.<\/p>\n<p>Jes\u00fas Estanga muri\u00f3 el 14 de diciembre del 2001.<\/p>\n<p><strong>Pelotari Josetxo Lasa \u00abBrazo de hierro\u00bb:<\/strong><\/p>\n<p>Martin Jos\u00e9 Sotil, m\u00e1s conocido como Josetxo Lasa naci\u00f3 en Betelu en el a\u00f1o 1896.<\/p>\n<p>Josetxo jugaba a pelota mano, era zurdo y a pesar de que su t\u00e9cnica no era envidiable, ya que basaba todo su juego en la fuerza y que nunca pudo hacer frente a los mejores especialistas guipuzcoanos y vizca\u00ednos, Lasa se convirti\u00f3 durante casi veinte a\u00f1os en el mejor manista navarro. Su diferencia con los dem\u00e1s pelotaris era tal que ten\u00eda que hacerlo ante d\u00faos o con una sola mano, y no era frecuente que saliera derrotado.<\/p>\n<p>Cuando su fama empez\u00f3 a expandirse pronto tuvo oportunidad de jugar en otros frontones de mayor importancia. Barcelona, Zaragoza, Bilbao y las distintas canchas guipuzcoanas le reclamaban.<\/p>\n<p style=\"text-align: justify\">Lasa muri\u00f3 en el a\u00f1o 1964 despu\u00e9s de haber ofrecido un gran espect\u00e1culo en todos aquellos frontones donde ac<em>udi\u00f3.<\/em><\/p>\n<\/dd>\n<\/dl>\n<p><\/p>","protected":false},"excerpt":{"rendered":"<p>GEOGRAFIA: Betelu es un municipio navarro cercano a la frontera noroeste con Gipuzkoa. Limita al Oeste y al Norte con Araitz, al Este con Larraun y al Sur con el monte Aralar. El r\u00edo Araxes atraviesa el territorio y la&hellip; <\/p>\n","protected":false},"author":1,"featured_media":0,"parent":0,"menu_order":26,"comment_status":"closed","ping_status":"closed","template":"","meta":{"_monsterinsights_skip_tracking":false,"_monsterinsights_sitenote_active":false,"_monsterinsights_sitenote_note":"","_monsterinsights_sitenote_category":0,"footnotes":""},"class_list":["post-17","page","type-page","status-publish","hentry"],"yoast_head":"<!-- This site is optimized with the Yoast SEO plugin v26.8 - https:\/\/yoast.com\/product\/yoast-seo-wordpress\/ -->\r\n<title>Betelu - Ayuntamiento de BETELU<\/title>\r\n<meta name=\"robots\" content=\"index, follow, max-snippet:-1, max-image-preview:large, max-video-preview:-1\" \/>\r\n<link rel=\"canonical\" href=\"http:\/\/www.betelu.eus\/betelu\/\" \/>\r\n<meta property=\"og:locale\" content=\"es_ES\" \/>\r\n<meta property=\"og:type\" content=\"article\" \/>\r\n<meta property=\"og:title\" content=\"Betelu - Ayuntamiento de BETELU\" \/>\r\n<meta property=\"og:description\" content=\"GEOGRAFIA: Betelu es un municipio navarro cercano a la frontera noroeste con Gipuzkoa. Limita al Oeste y al Norte con Araitz, al Este con Larraun y al Sur con el monte Aralar. El r\u00edo Araxes atraviesa el territorio y la&hellip;\" \/>\r\n<meta property=\"og:url\" content=\"http:\/\/www.betelu.eus\/betelu\/\" \/>\r\n<meta property=\"og:site_name\" content=\"Ayuntamiento de BETELU\" \/>\r\n<meta property=\"article:modified_time\" content=\"2023-11-04T15:14:49+00:00\" \/>\r\n<meta property=\"og:image\" content=\"http:\/\/www.betelu.es\/wp-content\/uploads\/sites\/140\/2015\/08\/Historia-1-300x225.jpg\" \/>\r\n<meta name=\"twitter:card\" content=\"summary_large_image\" \/>\r\n<meta name=\"twitter:label1\" content=\"Tiempo de lectura\" \/>\n\t<meta name=\"twitter:data1\" content=\"12 minutos\" \/>\r\n<script type=\"application\/ld+json\" class=\"yoast-schema-graph\">{\"@context\":\"https:\/\/schema.org\",\"@graph\":[{\"@type\":\"WebPage\",\"@id\":\"http:\/\/www.betelu.eus\/betelu\/\",\"url\":\"http:\/\/www.betelu.eus\/betelu\/\",\"name\":\"Betelu - Ayuntamiento de BETELU\",\"isPartOf\":{\"@id\":\"http:\/\/www.betelu.eus\/#website\"},\"primaryImageOfPage\":{\"@id\":\"http:\/\/www.betelu.eus\/betelu\/#primaryimage\"},\"image\":{\"@id\":\"http:\/\/www.betelu.eus\/betelu\/#primaryimage\"},\"thumbnailUrl\":\"http:\/\/www.betelu.es\/wp-content\/uploads\/sites\/140\/2015\/08\/Historia-1-300x225.jpg\",\"datePublished\":\"2014-10-30T07:22:38+00:00\",\"dateModified\":\"2023-11-04T15:14:49+00:00\",\"breadcrumb\":{\"@id\":\"http:\/\/www.betelu.eus\/betelu\/#breadcrumb\"},\"inLanguage\":\"es\",\"potentialAction\":[{\"@type\":\"ReadAction\",\"target\":[\"http:\/\/www.betelu.eus\/betelu\/\"]}]},{\"@type\":\"ImageObject\",\"inLanguage\":\"es\",\"@id\":\"http:\/\/www.betelu.eus\/betelu\/#primaryimage\",\"url\":\"http:\/\/www.betelu.es\/wp-content\/uploads\/sites\/140\/2015\/08\/Historia-1-300x225.jpg\",\"contentUrl\":\"http:\/\/www.betelu.es\/wp-content\/uploads\/sites\/140\/2015\/08\/Historia-1-300x225.jpg\"},{\"@type\":\"BreadcrumbList\",\"@id\":\"http:\/\/www.betelu.eus\/betelu\/#breadcrumb\",\"itemListElement\":[{\"@type\":\"ListItem\",\"position\":1,\"name\":\"Portada\",\"item\":\"http:\/\/www.betelu.eus\/\"},{\"@type\":\"ListItem\",\"position\":2,\"name\":\"Betelu\"}]},{\"@type\":\"WebSite\",\"@id\":\"http:\/\/www.betelu.eus\/#website\",\"url\":\"http:\/\/www.betelu.eus\/\",\"name\":\"Ayuntamiento de BETELU\",\"description\":\"Web del Ayuntamiento de BETELU\",\"potentialAction\":[{\"@type\":\"SearchAction\",\"target\":{\"@type\":\"EntryPoint\",\"urlTemplate\":\"http:\/\/www.betelu.eus\/?s={search_term_string}\"},\"query-input\":{\"@type\":\"PropertyValueSpecification\",\"valueRequired\":true,\"valueName\":\"search_term_string\"}}],\"inLanguage\":\"es\"}]}<\/script>\r\n<!-- \/ Yoast SEO plugin. -->","yoast_head_json":{"title":"Betelu - Ayuntamiento de BETELU","robots":{"index":"index","follow":"follow","max-snippet":"max-snippet:-1","max-image-preview":"max-image-preview:large","max-video-preview":"max-video-preview:-1"},"canonical":"http:\/\/www.betelu.eus\/betelu\/","og_locale":"es_ES","og_type":"article","og_title":"Betelu - Ayuntamiento de BETELU","og_description":"GEOGRAFIA: Betelu es un municipio navarro cercano a la frontera noroeste con Gipuzkoa. Limita al Oeste y al Norte con Araitz, al Este con Larraun y al Sur con el monte Aralar. El r\u00edo Araxes atraviesa el territorio y la&hellip;","og_url":"http:\/\/www.betelu.eus\/betelu\/","og_site_name":"Ayuntamiento de BETELU","article_modified_time":"2023-11-04T15:14:49+00:00","og_image":[{"url":"http:\/\/www.betelu.es\/wp-content\/uploads\/sites\/140\/2015\/08\/Historia-1-300x225.jpg","type":"","width":"","height":""}],"twitter_card":"summary_large_image","twitter_misc":{"Tiempo de lectura":"12 minutos"},"schema":{"@context":"https:\/\/schema.org","@graph":[{"@type":"WebPage","@id":"http:\/\/www.betelu.eus\/betelu\/","url":"http:\/\/www.betelu.eus\/betelu\/","name":"Betelu - Ayuntamiento de BETELU","isPartOf":{"@id":"http:\/\/www.betelu.eus\/#website"},"primaryImageOfPage":{"@id":"http:\/\/www.betelu.eus\/betelu\/#primaryimage"},"image":{"@id":"http:\/\/www.betelu.eus\/betelu\/#primaryimage"},"thumbnailUrl":"http:\/\/www.betelu.es\/wp-content\/uploads\/sites\/140\/2015\/08\/Historia-1-300x225.jpg","datePublished":"2014-10-30T07:22:38+00:00","dateModified":"2023-11-04T15:14:49+00:00","breadcrumb":{"@id":"http:\/\/www.betelu.eus\/betelu\/#breadcrumb"},"inLanguage":"es","potentialAction":[{"@type":"ReadAction","target":["http:\/\/www.betelu.eus\/betelu\/"]}]},{"@type":"ImageObject","inLanguage":"es","@id":"http:\/\/www.betelu.eus\/betelu\/#primaryimage","url":"http:\/\/www.betelu.es\/wp-content\/uploads\/sites\/140\/2015\/08\/Historia-1-300x225.jpg","contentUrl":"http:\/\/www.betelu.es\/wp-content\/uploads\/sites\/140\/2015\/08\/Historia-1-300x225.jpg"},{"@type":"BreadcrumbList","@id":"http:\/\/www.betelu.eus\/betelu\/#breadcrumb","itemListElement":[{"@type":"ListItem","position":1,"name":"Portada","item":"http:\/\/www.betelu.eus\/"},{"@type":"ListItem","position":2,"name":"Betelu"}]},{"@type":"WebSite","@id":"http:\/\/www.betelu.eus\/#website","url":"http:\/\/www.betelu.eus\/","name":"Ayuntamiento de BETELU","description":"Web del Ayuntamiento de BETELU","potentialAction":[{"@type":"SearchAction","target":{"@type":"EntryPoint","urlTemplate":"http:\/\/www.betelu.eus\/?s={search_term_string}"},"query-input":{"@type":"PropertyValueSpecification","valueRequired":true,"valueName":"search_term_string"}}],"inLanguage":"es"}]}},"_links":{"self":[{"href":"http:\/\/www.betelu.eus\/es\/wp-json\/wp\/v2\/pages\/17","targetHints":{"allow":["GET"]}}],"collection":[{"href":"http:\/\/www.betelu.eus\/es\/wp-json\/wp\/v2\/pages"}],"about":[{"href":"http:\/\/www.betelu.eus\/es\/wp-json\/wp\/v2\/types\/page"}],"author":[{"embeddable":true,"href":"http:\/\/www.betelu.eus\/es\/wp-json\/wp\/v2\/users\/1"}],"replies":[{"embeddable":true,"href":"http:\/\/www.betelu.eus\/es\/wp-json\/wp\/v2\/comments?post=17"}],"version-history":[{"count":3,"href":"http:\/\/www.betelu.eus\/es\/wp-json\/wp\/v2\/pages\/17\/revisions"}],"predecessor-version":[{"id":8203,"href":"http:\/\/www.betelu.eus\/es\/wp-json\/wp\/v2\/pages\/17\/revisions\/8203"}],"wp:attachment":[{"href":"http:\/\/www.betelu.eus\/es\/wp-json\/wp\/v2\/media?parent=17"}],"curies":[{"name":"wp","href":"https:\/\/api.w.org\/{rel}","templated":true}]}}