{"id":18,"date":"2014-10-30T07:40:11","date_gmt":"2014-10-30T07:40:11","guid":{"rendered":"http:\/\/www.betelu.eus\/?page_id=18"},"modified":"2023-11-04T17:11:11","modified_gmt":"2023-11-04T16:11:11","slug":"visitanos","status":"publish","type":"page","link":"http:\/\/www.betelu.eus\/es\/visitanos\/","title":{"rendered":"Vis\u00edtanos"},"content":{"rendered":"<p><\/p>\n<h2><span style=\"color: #000000\">Localizaci\u00f3n\u00a0<\/span><\/h2>\n<p style=\"text-align: center\"><a href=\"\/wp-content\/uploads\/sites\/140\/2014\/10\/navarra.jpg\"><img loading=\"lazy\" decoding=\"async\" class=\"alignnone size-full wp-image-20\" src=\"\/wp-content\/uploads\/sites\/140\/2014\/10\/navarra.jpg\" alt=\"navarra\" width=\"279\" height=\"300\" \/><\/a> <a href=\"\/wp-content\/uploads\/sites\/140\/2014\/10\/carreteras.jpg\"><img loading=\"lazy\" decoding=\"async\" class=\"alignnone size-full wp-image-19\" src=\"\/wp-content\/uploads\/sites\/140\/2014\/10\/carreteras.jpg\" alt=\"carreteras\" width=\"279\" height=\"300\" \/><\/a><\/p>\n<ul style=\"color: #333333\">\n<li style=\"text-align: justify\"><strong>Comunidad Aut\u00f3noma:<\/strong>\u00a0Navarra.<\/li>\n<li style=\"text-align: justify\"><strong>Provincia:<\/strong>\u00a0Navarra.<\/li>\n<li style=\"text-align: justify\"><strong>Categor\u00eda Hist\u00f3rica:<\/strong>\u00a0Villa.<\/li>\n<li style=\"text-align: justify\"><strong>Categor\u00eda Administrativa:<\/strong>\u00a0Municipio.<\/li>\n<li style=\"text-align: justify\"><strong>Partido Judicial:<\/strong>\u00a0Pamplona-Iru\u00f1a.<\/li>\n<li style=\"text-align: justify\"><strong>Merindad:<\/strong>\u00a0Pamplona-Iru\u00f1a.<\/li>\n<li style=\"text-align: justify\"><strong>Comarca Geogr\u00e1fica:<\/strong>\u00a0Se encuentra geogr\u00e1ficamente en la Cuenca del R\u00edo Araxes junto al Valle de Araitz.<\/li>\n<li style=\"text-align: justify\"><strong>Poblaci\u00f3n en 2022:<\/strong> 369 habitantes.<\/li>\n<li style=\"text-align: justify\"><strong>Superficie:<\/strong>\u00a07,17\u00a0<abbr title=\"kil\u00f3metros cuadrados\">Km\u00b2<\/abbr>.<\/li>\n<li style=\"text-align: justify\"><strong>Densidad de poblaci\u00f3n:<\/strong> 51,46 habitantes\/<abbr title=\"kil\u00f3metro cuadrado\">Km\u00b2<\/abbr>.<\/li>\n<li style=\"text-align: justify\"><strong>Altitud en el Ayuntamiento:<\/strong>\u00a0240 metros.<\/li>\n<li style=\"text-align: justify\"><strong>Distancia a Pamplona:<\/strong>\u00a043\u00a0<abbr title=\"kil\u00f3metros\">Km<\/abbr>.<\/li>\n<li style=\"text-align: justify\"><strong>Comunicaciones \/ Carreteras de acceso:<\/strong>\u00a0La poblaci\u00f3n es atravesada por la\u00a0NA-1300 Pamplona-Iru\u00f1a \/ San Sebasti\u00e1n-Donostia.<br \/>\nAntigua carretera que un\u00eda San Sebasti\u00e1n con Pamplona.\u00a0Dista 45 kil\u00f3metros de ambas capitales.<br \/>\nC\u00f3mo llegar:<br \/>\nViniendo de Pamplona por la\u00a0A-15, se sale en Lekunberri y se toma\u00a0carretera San Sebasti\u00e1n\u00a0(NA 1300) bajando por el Puerto de Azpiroz. De Lekunberri a unos\u00a010 Km.<br \/>\nViniendo de San Sebasti\u00e1n por la\u00a0N-1, en cambio, se sale en Tolosa y se toma\u00a0la carretera a\u00a0Pamplona\u00a0(NA1300). De Tolosa a unos\u00a020 Km.<br \/>\nHay varios servicios al d\u00eda de Alsa de Pamplona a San Sebasti\u00e1n y viceversa.<br \/>\nHorarios aproximados (hora de parada en Betelu):<br \/>\nPamplona &#8211; San Sebasti\u00e1n: 12:25 ; 19:25.<br \/>\nSan Sebasti\u00e1n &#8211; Pamplona: 9:30 (De lunes a viernes); 19:30.<\/li>\n<li style=\"text-align: justify\"><strong>Gentilicio:<\/strong>\u00a0Beteluarra.<\/li>\n<\/ul>\n<h2><a title=\"Servicios y alojamiento\" href=\"http:\/\/www.betelu.eus\/es\/visitanos\/zerbitzuak-eta-ostatu-hartu\/\">Comer y dormir<\/a><\/h2>\n<h6><\/h6>\n<p><\/p>","protected":false},"excerpt":{"rendered":"<p>Localizaci\u00f3n\u00a0 Comunidad Aut\u00f3noma:\u00a0Navarra. Provincia:\u00a0Navarra. Categor\u00eda Hist\u00f3rica:\u00a0Villa. Categor\u00eda Administrativa:\u00a0Municipio. Partido Judicial:\u00a0Pamplona-Iru\u00f1a. Merindad:\u00a0Pamplona-Iru\u00f1a. Comarca Geogr\u00e1fica:\u00a0Se encuentra geogr\u00e1ficamente en la Cuenca del R\u00edo Araxes junto al Valle de Araitz. Poblaci\u00f3n en 2022: 369 habitantes. Superficie:\u00a07,17\u00a0Km\u00b2. Densidad de poblaci\u00f3n: 51,46 habitantes\/Km\u00b2. Altitud en el&hellip; <\/p>\n","protected":false},"author":1,"featured_media":0,"parent":0,"menu_order":27,"comment_status":"closed","ping_status":"closed","template":"","meta":{"_monsterinsights_skip_tracking":false,"_monsterinsights_sitenote_active":false,"_monsterinsights_sitenote_note":"","_monsterinsights_sitenote_category":0,"footnotes":""},"class_list":["post-18","page","type-page","status-publish","hentry"],"yoast_head":"<!-- This site is optimized with the Yoast SEO plugin v26.8 - https:\/\/yoast.com\/product\/yoast-seo-wordpress\/ -->\r\n<title>Vis\u00edtanos - Ayuntamiento de BETELU<\/title>\r\n<meta name=\"robots\" content=\"index, follow, max-snippet:-1, max-image-preview:large, max-video-preview:-1\" \/>\r\n<link rel=\"canonical\" href=\"http:\/\/www.betelu.eus\/visitanos\/\" \/>\r\n<meta property=\"og:locale\" content=\"es_ES\" \/>\r\n<meta property=\"og:type\" content=\"article\" \/>\r\n<meta property=\"og:title\" content=\"[:es]Vis\u00edtanos[:eu]Bisita Gaitzazu[:] - Ayuntamiento de BETELU\" \/>\r\n<meta property=\"og:description\" content=\"Localizaci\u00f3n\u00a0 Comunidad Aut\u00f3noma:\u00a0Navarra. Provincia:\u00a0Navarra. Categor\u00eda Hist\u00f3rica:\u00a0Villa. Categor\u00eda Administrativa:\u00a0Municipio. Partido Judicial:\u00a0Pamplona-Iru\u00f1a. Merindad:\u00a0Pamplona-Iru\u00f1a. Comarca Geogr\u00e1fica:\u00a0Se encuentra geogr\u00e1ficamente en la Cuenca del R\u00edo Araxes junto al Valle de Araitz. Poblaci\u00f3n en 2022: 369 habitantes. Superficie:\u00a07,17\u00a0Km\u00b2. Densidad de poblaci\u00f3n: 51,46 habitantes\/Km\u00b2. Altitud en el&hellip;\" \/>\r\n<meta property=\"og:url\" content=\"http:\/\/www.betelu.eus\/visitanos\/\" \/>\r\n<meta property=\"og:site_name\" content=\"Ayuntamiento de BETELU\" \/>\r\n<meta property=\"article:modified_time\" content=\"2023-11-04T16:11:11+00:00\" \/>\r\n<meta name=\"twitter:card\" content=\"summary_large_image\" \/>\r\n<meta name=\"twitter:label1\" content=\"Tiempo de lectura\" \/>\n\t<meta name=\"twitter:data1\" content=\"2 minutos\" \/>\r\n<script type=\"application\/ld+json\" class=\"yoast-schema-graph\">{\"@context\":\"https:\/\/schema.org\",\"@graph\":[{\"@type\":\"WebPage\",\"@id\":\"http:\/\/www.betelu.eus\/visitanos\/\",\"url\":\"http:\/\/www.betelu.eus\/visitanos\/\",\"name\":\"[:es]Vis\u00edtanos[:eu]Bisita Gaitzazu[:] - Ayuntamiento de BETELU\",\"isPartOf\":{\"@id\":\"http:\/\/www.betelu.eus\/#website\"},\"datePublished\":\"2014-10-30T07:40:11+00:00\",\"dateModified\":\"2023-11-04T16:11:11+00:00\",\"breadcrumb\":{\"@id\":\"http:\/\/www.betelu.eus\/visitanos\/#breadcrumb\"},\"inLanguage\":\"es\",\"potentialAction\":[{\"@type\":\"ReadAction\",\"target\":[\"http:\/\/www.betelu.eus\/visitanos\/\"]}]},{\"@type\":\"BreadcrumbList\",\"@id\":\"http:\/\/www.betelu.eus\/visitanos\/#breadcrumb\",\"itemListElement\":[{\"@type\":\"ListItem\",\"position\":1,\"name\":\"Portada\",\"item\":\"http:\/\/www.betelu.eus\/\"},{\"@type\":\"ListItem\",\"position\":2,\"name\":\"Vis\u00edtanos\"}]},{\"@type\":\"WebSite\",\"@id\":\"http:\/\/www.betelu.eus\/#website\",\"url\":\"http:\/\/www.betelu.eus\/\",\"name\":\"Ayuntamiento de BETELU\",\"description\":\"Web del Ayuntamiento de BETELU\",\"potentialAction\":[{\"@type\":\"SearchAction\",\"target\":{\"@type\":\"EntryPoint\",\"urlTemplate\":\"http:\/\/www.betelu.eus\/?s={search_term_string}\"},\"query-input\":{\"@type\":\"PropertyValueSpecification\",\"valueRequired\":true,\"valueName\":\"search_term_string\"}}],\"inLanguage\":\"es\"}]}<\/script>\r\n<!-- \/ Yoast SEO plugin. -->","yoast_head_json":{"title":"[:es]Vis\u00edtanos[:eu]Bisita Gaitzazu[:] - Ayuntamiento de BETELU","robots":{"index":"index","follow":"follow","max-snippet":"max-snippet:-1","max-image-preview":"max-image-preview:large","max-video-preview":"max-video-preview:-1"},"canonical":"http:\/\/www.betelu.eus\/visitanos\/","og_locale":"es_ES","og_type":"article","og_title":"[:es]Vis\u00edtanos[:eu]Bisita Gaitzazu[:] - Ayuntamiento de BETELU","og_description":"Localizaci\u00f3n\u00a0 Comunidad Aut\u00f3noma:\u00a0Navarra. Provincia:\u00a0Navarra. Categor\u00eda Hist\u00f3rica:\u00a0Villa. Categor\u00eda Administrativa:\u00a0Municipio. Partido Judicial:\u00a0Pamplona-Iru\u00f1a. Merindad:\u00a0Pamplona-Iru\u00f1a. Comarca Geogr\u00e1fica:\u00a0Se encuentra geogr\u00e1ficamente en la Cuenca del R\u00edo Araxes junto al Valle de Araitz. Poblaci\u00f3n en 2022: 369 habitantes. Superficie:\u00a07,17\u00a0Km\u00b2. Densidad de poblaci\u00f3n: 51,46 habitantes\/Km\u00b2. Altitud en el&hellip;","og_url":"http:\/\/www.betelu.eus\/visitanos\/","og_site_name":"Ayuntamiento de BETELU","article_modified_time":"2023-11-04T16:11:11+00:00","twitter_card":"summary_large_image","twitter_misc":{"Tiempo de lectura":"2 minutos"},"schema":{"@context":"https:\/\/schema.org","@graph":[{"@type":"WebPage","@id":"http:\/\/www.betelu.eus\/visitanos\/","url":"http:\/\/www.betelu.eus\/visitanos\/","name":"[:es]Vis\u00edtanos[:eu]Bisita Gaitzazu[:] - Ayuntamiento de BETELU","isPartOf":{"@id":"http:\/\/www.betelu.eus\/#website"},"datePublished":"2014-10-30T07:40:11+00:00","dateModified":"2023-11-04T16:11:11+00:00","breadcrumb":{"@id":"http:\/\/www.betelu.eus\/visitanos\/#breadcrumb"},"inLanguage":"es","potentialAction":[{"@type":"ReadAction","target":["http:\/\/www.betelu.eus\/visitanos\/"]}]},{"@type":"BreadcrumbList","@id":"http:\/\/www.betelu.eus\/visitanos\/#breadcrumb","itemListElement":[{"@type":"ListItem","position":1,"name":"Portada","item":"http:\/\/www.betelu.eus\/"},{"@type":"ListItem","position":2,"name":"Vis\u00edtanos"}]},{"@type":"WebSite","@id":"http:\/\/www.betelu.eus\/#website","url":"http:\/\/www.betelu.eus\/","name":"Ayuntamiento de BETELU","description":"Web del Ayuntamiento de BETELU","potentialAction":[{"@type":"SearchAction","target":{"@type":"EntryPoint","urlTemplate":"http:\/\/www.betelu.eus\/?s={search_term_string}"},"query-input":{"@type":"PropertyValueSpecification","valueRequired":true,"valueName":"search_term_string"}}],"inLanguage":"es"}]}},"_links":{"self":[{"href":"http:\/\/www.betelu.eus\/es\/wp-json\/wp\/v2\/pages\/18","targetHints":{"allow":["GET"]}}],"collection":[{"href":"http:\/\/www.betelu.eus\/es\/wp-json\/wp\/v2\/pages"}],"about":[{"href":"http:\/\/www.betelu.eus\/es\/wp-json\/wp\/v2\/types\/page"}],"author":[{"embeddable":true,"href":"http:\/\/www.betelu.eus\/es\/wp-json\/wp\/v2\/users\/1"}],"replies":[{"embeddable":true,"href":"http:\/\/www.betelu.eus\/es\/wp-json\/wp\/v2\/comments?post=18"}],"version-history":[{"count":10,"href":"http:\/\/www.betelu.eus\/es\/wp-json\/wp\/v2\/pages\/18\/revisions"}],"predecessor-version":[{"id":8217,"href":"http:\/\/www.betelu.eus\/es\/wp-json\/wp\/v2\/pages\/18\/revisions\/8217"}],"wp:attachment":[{"href":"http:\/\/www.betelu.eus\/es\/wp-json\/wp\/v2\/media?parent=18"}],"curies":[{"name":"wp","href":"https:\/\/api.w.org\/{rel}","templated":true}]}}