{"id":196,"date":"2016-08-05T14:17:45","date_gmt":"2016-08-05T14:17:45","guid":{"rendered":"http:\/\/www.betelu.es\/?page_id=196"},"modified":"2016-08-23T10:36:56","modified_gmt":"2016-08-23T10:36:56","slug":"zer-ikusi","status":"publish","type":"page","link":"http:\/\/www.betelu.eus\/es\/visitanos\/zer-ikusi\/","title":{"rendered":"Que visitar"},"content":{"rendered":"<p><\/p>\n<div style=\"color: #2c2b2b\">\n<h1 style=\"color: #333333\"><\/h1>\n<p><strong>Balneario de Betelu:<\/strong><\/p>\n<p>\u00bfQui\u00e9n no recuerda el antiguo balneario? Durante los cerca de 150 a\u00f1os en que Betelu fue una villa termal, fue el lugar ideal de descanso y recuperaci\u00f3n para muchas personas que\u00a0ven\u00edan a tomar sus aguas curativas, atra\u00eddos por la belleza natural del entorno y la excelente cualidad terap\u00e9utica de sus aguas termales.<\/p>\n<p>Este establecimiento estaba en la parte sur de la villa, en la margen izquierda del r\u00edo Araxes, <img loading=\"lazy\" decoding=\"async\" class=\"size-medium wp-image-167 alignright\" src=\"http:\/\/www.betelu.eus\/wp-content\/uploads\/sites\/140\/2015\/08\/Historia-1-300x225.jpg\" alt=\"Historia-1\" width=\"300\" height=\"225\" srcset=\"http:\/\/www.betelu.eus\/wp-content\/uploads\/sites\/140\/2015\/08\/Historia-1-300x225.jpg 300w, http:\/\/www.betelu.eus\/wp-content\/uploads\/sites\/140\/2015\/08\/Historia-1-1024x768.jpg 1024w, http:\/\/www.betelu.eus\/wp-content\/uploads\/sites\/140\/2015\/08\/Historia-1-600x450.jpg 600w, http:\/\/www.betelu.eus\/wp-content\/uploads\/sites\/140\/2015\/08\/Historia-1.jpg 1076w\" sizes=\"auto, (max-width: 300px) 100vw, 300px\" \/>donde en la actualidad se ubica la f\u00e1brica de aguas.<\/p>\n<p>Los manantiales del Balneario eran tres: Iturri Santu, con un agua sulfurosa s\u00f3dica nitrogenada; Dama Iturri, con agua clorurado s\u00f3dica, bicarbonatada lit\u00ednica y el \u00faltimo era la fuente de Carmelo de agua clorurado s\u00f3dica.<\/p>\n<p>Estos manantiales surgen a favor de unas fracturas que afectan a las calizas arrecifales masivas del Cret\u00e1cico inferior, a las calizas del Jur\u00e1sico y a los yesos de Keuper.<\/p>\n<p>El balneario constaba de 200 habitaciones y los propietarios reservaban una de ellas, la mejo<img loading=\"lazy\" decoding=\"async\" class=\"alignright wp-image-163\" src=\"http:\/\/www.betelu.eus\/wp-content\/uploads\/sites\/140\/2015\/08\/Bitxikeriak-1-209x300.jpg\" alt=\"Bitxikeriak-1\" width=\"156\" height=\"224\" srcset=\"http:\/\/www.betelu.eus\/wp-content\/uploads\/sites\/140\/2015\/08\/Bitxikeriak-1-209x300.jpg 209w, http:\/\/www.betelu.eus\/wp-content\/uploads\/sites\/140\/2015\/08\/Bitxikeriak-1-714x1024.jpg 714w, http:\/\/www.betelu.eus\/wp-content\/uploads\/sites\/140\/2015\/08\/Bitxikeriak-1-600x860.jpg 600w, http:\/\/www.betelu.eus\/wp-content\/uploads\/sites\/140\/2015\/08\/Bitxikeriak-1.jpg 772w\" sizes=\"auto, (max-width: 156px) 100vw, 156px\" \/>r de todas, por supuesto, para la visita que durante los veranos hac\u00eda el rey Alfonso XII.<\/p>\n<p>Las aguas de estos manantiales se explotan hoy en d\u00eda industrialmente para aguas de mesa.<\/p>\n<p><strong>La ferrer\u00eda de Betelu:<\/strong><\/p>\n<p>La ferrer\u00eda de Betelu, fue constituida por tres socios en 1828, en plena \u00e9poca de decadencia del sector.\u00a0Juan Antonio Zabala, Cristobal Lazcano y Pedro Antonio Ochotorena impulsaron un<br \/>\nconjunto industrial en el que instalaron una ferrer\u00eda mayor destinada a labrar hierro y un <img loading=\"lazy\" decoding=\"async\" class=\"size-medium wp-image-126 alignright\" src=\"http:\/\/www.betelu.eus\/wp-content\/uploads\/sites\/140\/2014\/10\/P6240522-300x225.jpg\" alt=\"OLYMPUS DIGITAL CAMERA\" width=\"300\" height=\"225\" srcset=\"http:\/\/www.betelu.eus\/wp-content\/uploads\/sites\/140\/2014\/10\/P6240522-300x225.jpg 300w, http:\/\/www.betelu.eus\/wp-content\/uploads\/sites\/140\/2014\/10\/P6240522-1024x768.jpg 1024w, http:\/\/www.betelu.eus\/wp-content\/uploads\/sites\/140\/2014\/10\/P6240522-600x450.jpg 600w\" sizes=\"auto, (max-width: 300px) 100vw, 300px\" \/>martinete de cobre para el acu\u00f1ado de la tresena, \u00faltima moneda Navarra equivalente a tres maraved\u00eds. La tresena de Betelu se acu\u00f1o en este martinete hasta el a\u00f1o 1833.<\/p>\n<p><strong>ARTE:<\/strong><\/p>\n<p><strong>Iglesia de San Pedro ap\u00f3stol:<\/strong> Edificio de una nave, realizado en piedra. El acceso<img loading=\"lazy\" decoding=\"async\" class=\" wp-image-132 alignright\" src=\"http:\/\/www.betelu.eus\/wp-content\/uploads\/sites\/140\/2015\/03\/imagen-puerta-226x300.jpg\" alt=\"imagen-puerta\" width=\"165\" height=\"219\" srcset=\"http:\/\/www.betelu.eus\/wp-content\/uploads\/sites\/140\/2015\/03\/imagen-puerta-226x300.jpg 226w, http:\/\/www.betelu.eus\/wp-content\/uploads\/sites\/140\/2015\/03\/imagen-puerta.jpg 261w\" sizes=\"auto, (max-width: 165px) 100vw, 165px\" \/> a su interior se realiza por el lado de la ep\u00edstola a trav\u00e9s de una bella portada en estilo g\u00f3tico<br \/>\ntard\u00edo.\u00a0En su interior, ofrece en la capilla mayor la figura de San Pedro, como pont\u00edfice, sedente en trono, flanqueada por la Virgen de los Dolores y San Antonio de Padua.<\/p>\n<p><strong>Ermita rom\u00e1nica Irulegui, del Siglo XII.<\/strong> En ella se venera la imagen g\u00f3tica de Nuestra Se\u00f1ora del Sagrario. Tiene una b\u00f3veda de ca\u00f1\u00f3n con arco de medio punto en la cabecera.<\/p>\n<p><strong>Ermita de Santa Cruz, del Siglo XVI.<img loading=\"lazy\" decoding=\"async\" class=\"size-medium wp-image-130 alignright\" src=\"http:\/\/www.betelu.eus\/wp-content\/uploads\/sites\/140\/2015\/03\/casa-300x224.jpg\" alt=\"casa\" width=\"300\" height=\"224\" srcset=\"http:\/\/www.betelu.eus\/wp-content\/uploads\/sites\/140\/2015\/03\/casa-300x224.jpg 300w, http:\/\/www.betelu.eus\/wp-content\/uploads\/sites\/140\/2015\/03\/casa.jpg 415w\" sizes=\"auto, (max-width: 300px) 100vw, 300px\" \/><\/strong><\/p>\n<p><strong>Casa Torre Apeztegizaharra, del siglo XIII<\/strong>. Se utilizaba de defensa ante ataques castellanos.<\/p>\n<p><strong>Casa Indianoetxea,<\/strong> del a\u00f1o 1736, tiene un claustro de piedra y hoy en d\u00eda en \u00e9l est\u00e1 ubicado el ayuntamiento y se utiliza para diversos servicios municipales.<\/p>\n<\/div>\n<p><\/p>","protected":false},"excerpt":{"rendered":"<p>Balneario de Betelu: \u00bfQui\u00e9n no recuerda el antiguo balneario? Durante los cerca de 150 a\u00f1os en que Betelu fue una villa termal, fue el lugar ideal de descanso y recuperaci\u00f3n para muchas personas que\u00a0ven\u00edan a tomar sus aguas curativas, atra\u00eddos&hellip; <\/p>\n","protected":false},"author":10129,"featured_media":0,"parent":18,"menu_order":55,"comment_status":"closed","ping_status":"closed","template":"","meta":{"_monsterinsights_skip_tracking":false,"_monsterinsights_sitenote_active":false,"_monsterinsights_sitenote_note":"","_monsterinsights_sitenote_category":0,"footnotes":""},"class_list":["post-196","page","type-page","status-publish","hentry"],"yoast_head":"<!-- This site is optimized with the Yoast SEO plugin v26.8 - https:\/\/yoast.com\/product\/yoast-seo-wordpress\/ -->\r\n<title>Que visitarZer ikusi - Ayuntamiento de BETELU<\/title>\r\n<meta name=\"robots\" content=\"index, follow, max-snippet:-1, max-image-preview:large, max-video-preview:-1\" \/>\r\n<link rel=\"canonical\" href=\"http:\/\/www.betelu.eus\/visitanos\/zer-ikusi\/\" \/>\r\n<meta property=\"og:locale\" content=\"es_ES\" \/>\r\n<meta property=\"og:type\" content=\"article\" \/>\r\n<meta property=\"og:title\" content=\"Que visitarZer ikusi - Ayuntamiento de BETELU\" \/>\r\n<meta property=\"og:description\" content=\"Balneario de Betelu: \u00bfQui\u00e9n no recuerda el antiguo balneario? Durante los cerca de 150 a\u00f1os en que Betelu fue una villa termal, fue el lugar ideal de descanso y recuperaci\u00f3n para muchas personas que\u00a0ven\u00edan a tomar sus aguas curativas, atra\u00eddos&hellip;\" \/>\r\n<meta property=\"og:url\" content=\"http:\/\/www.betelu.eus\/visitanos\/zer-ikusi\/\" \/>\r\n<meta property=\"og:site_name\" content=\"Ayuntamiento de BETELU\" \/>\r\n<meta property=\"article:modified_time\" content=\"2016-08-23T10:36:56+00:00\" \/>\r\n<meta property=\"og:image\" content=\"http:\/\/www.betelu.eus\/wp-content\/uploads\/sites\/140\/2015\/08\/Historia-1-300x225.jpg\" \/>\r\n<meta name=\"twitter:card\" content=\"summary_large_image\" \/>\r\n<meta name=\"twitter:label1\" content=\"Tiempo de lectura\" \/>\n\t<meta name=\"twitter:data1\" content=\"4 minutos\" \/>\r\n<script type=\"application\/ld+json\" class=\"yoast-schema-graph\">{\"@context\":\"https:\/\/schema.org\",\"@graph\":[{\"@type\":\"WebPage\",\"@id\":\"http:\/\/www.betelu.eus\/visitanos\/zer-ikusi\/\",\"url\":\"http:\/\/www.betelu.eus\/visitanos\/zer-ikusi\/\",\"name\":\"Que visitarZer ikusi - Ayuntamiento de BETELU\",\"isPartOf\":{\"@id\":\"http:\/\/www.betelu.eus\/#website\"},\"primaryImageOfPage\":{\"@id\":\"http:\/\/www.betelu.eus\/visitanos\/zer-ikusi\/#primaryimage\"},\"image\":{\"@id\":\"http:\/\/www.betelu.eus\/visitanos\/zer-ikusi\/#primaryimage\"},\"thumbnailUrl\":\"http:\/\/www.betelu.eus\/wp-content\/uploads\/sites\/140\/2015\/08\/Historia-1-300x225.jpg\",\"datePublished\":\"2016-08-05T14:17:45+00:00\",\"dateModified\":\"2016-08-23T10:36:56+00:00\",\"breadcrumb\":{\"@id\":\"http:\/\/www.betelu.eus\/visitanos\/zer-ikusi\/#breadcrumb\"},\"inLanguage\":\"es\",\"potentialAction\":[{\"@type\":\"ReadAction\",\"target\":[\"http:\/\/www.betelu.eus\/visitanos\/zer-ikusi\/\"]}]},{\"@type\":\"ImageObject\",\"inLanguage\":\"es\",\"@id\":\"http:\/\/www.betelu.eus\/visitanos\/zer-ikusi\/#primaryimage\",\"url\":\"http:\/\/www.betelu.eus\/wp-content\/uploads\/sites\/140\/2015\/08\/Historia-1-300x225.jpg\",\"contentUrl\":\"http:\/\/www.betelu.eus\/wp-content\/uploads\/sites\/140\/2015\/08\/Historia-1-300x225.jpg\"},{\"@type\":\"BreadcrumbList\",\"@id\":\"http:\/\/www.betelu.eus\/visitanos\/zer-ikusi\/#breadcrumb\",\"itemListElement\":[{\"@type\":\"ListItem\",\"position\":1,\"name\":\"Portada\",\"item\":\"http:\/\/www.betelu.eus\/\"},{\"@type\":\"ListItem\",\"position\":2,\"name\":\"Vis\u00edtanos\",\"item\":\"http:\/\/www.betelu.eus\/visitanos\/\"},{\"@type\":\"ListItem\",\"position\":3,\"name\":\"Zer ikusi\"}]},{\"@type\":\"WebSite\",\"@id\":\"http:\/\/www.betelu.eus\/#website\",\"url\":\"http:\/\/www.betelu.eus\/\",\"name\":\"Ayuntamiento de BETELU\",\"description\":\"Web del Ayuntamiento de BETELU\",\"potentialAction\":[{\"@type\":\"SearchAction\",\"target\":{\"@type\":\"EntryPoint\",\"urlTemplate\":\"http:\/\/www.betelu.eus\/?s={search_term_string}\"},\"query-input\":{\"@type\":\"PropertyValueSpecification\",\"valueRequired\":true,\"valueName\":\"search_term_string\"}}],\"inLanguage\":\"es\"}]}<\/script>\r\n<!-- \/ Yoast SEO plugin. -->","yoast_head_json":{"title":"Que visitarZer ikusi - Ayuntamiento de BETELU","robots":{"index":"index","follow":"follow","max-snippet":"max-snippet:-1","max-image-preview":"max-image-preview:large","max-video-preview":"max-video-preview:-1"},"canonical":"http:\/\/www.betelu.eus\/visitanos\/zer-ikusi\/","og_locale":"es_ES","og_type":"article","og_title":"Que visitarZer ikusi - Ayuntamiento de BETELU","og_description":"Balneario de Betelu: \u00bfQui\u00e9n no recuerda el antiguo balneario? Durante los cerca de 150 a\u00f1os en que Betelu fue una villa termal, fue el lugar ideal de descanso y recuperaci\u00f3n para muchas personas que\u00a0ven\u00edan a tomar sus aguas curativas, atra\u00eddos&hellip;","og_url":"http:\/\/www.betelu.eus\/visitanos\/zer-ikusi\/","og_site_name":"Ayuntamiento de BETELU","article_modified_time":"2016-08-23T10:36:56+00:00","og_image":[{"url":"http:\/\/www.betelu.eus\/wp-content\/uploads\/sites\/140\/2015\/08\/Historia-1-300x225.jpg","type":"","width":"","height":""}],"twitter_card":"summary_large_image","twitter_misc":{"Tiempo de lectura":"4 minutos"},"schema":{"@context":"https:\/\/schema.org","@graph":[{"@type":"WebPage","@id":"http:\/\/www.betelu.eus\/visitanos\/zer-ikusi\/","url":"http:\/\/www.betelu.eus\/visitanos\/zer-ikusi\/","name":"Que visitarZer ikusi - Ayuntamiento de BETELU","isPartOf":{"@id":"http:\/\/www.betelu.eus\/#website"},"primaryImageOfPage":{"@id":"http:\/\/www.betelu.eus\/visitanos\/zer-ikusi\/#primaryimage"},"image":{"@id":"http:\/\/www.betelu.eus\/visitanos\/zer-ikusi\/#primaryimage"},"thumbnailUrl":"http:\/\/www.betelu.eus\/wp-content\/uploads\/sites\/140\/2015\/08\/Historia-1-300x225.jpg","datePublished":"2016-08-05T14:17:45+00:00","dateModified":"2016-08-23T10:36:56+00:00","breadcrumb":{"@id":"http:\/\/www.betelu.eus\/visitanos\/zer-ikusi\/#breadcrumb"},"inLanguage":"es","potentialAction":[{"@type":"ReadAction","target":["http:\/\/www.betelu.eus\/visitanos\/zer-ikusi\/"]}]},{"@type":"ImageObject","inLanguage":"es","@id":"http:\/\/www.betelu.eus\/visitanos\/zer-ikusi\/#primaryimage","url":"http:\/\/www.betelu.eus\/wp-content\/uploads\/sites\/140\/2015\/08\/Historia-1-300x225.jpg","contentUrl":"http:\/\/www.betelu.eus\/wp-content\/uploads\/sites\/140\/2015\/08\/Historia-1-300x225.jpg"},{"@type":"BreadcrumbList","@id":"http:\/\/www.betelu.eus\/visitanos\/zer-ikusi\/#breadcrumb","itemListElement":[{"@type":"ListItem","position":1,"name":"Portada","item":"http:\/\/www.betelu.eus\/"},{"@type":"ListItem","position":2,"name":"Vis\u00edtanos","item":"http:\/\/www.betelu.eus\/visitanos\/"},{"@type":"ListItem","position":3,"name":"Zer ikusi"}]},{"@type":"WebSite","@id":"http:\/\/www.betelu.eus\/#website","url":"http:\/\/www.betelu.eus\/","name":"Ayuntamiento de BETELU","description":"Web del Ayuntamiento de BETELU","potentialAction":[{"@type":"SearchAction","target":{"@type":"EntryPoint","urlTemplate":"http:\/\/www.betelu.eus\/?s={search_term_string}"},"query-input":{"@type":"PropertyValueSpecification","valueRequired":true,"valueName":"search_term_string"}}],"inLanguage":"es"}]}},"_links":{"self":[{"href":"http:\/\/www.betelu.eus\/es\/wp-json\/wp\/v2\/pages\/196","targetHints":{"allow":["GET"]}}],"collection":[{"href":"http:\/\/www.betelu.eus\/es\/wp-json\/wp\/v2\/pages"}],"about":[{"href":"http:\/\/www.betelu.eus\/es\/wp-json\/wp\/v2\/types\/page"}],"author":[{"embeddable":true,"href":"http:\/\/www.betelu.eus\/es\/wp-json\/wp\/v2\/users\/10129"}],"replies":[{"embeddable":true,"href":"http:\/\/www.betelu.eus\/es\/wp-json\/wp\/v2\/comments?post=196"}],"version-history":[{"count":1,"href":"http:\/\/www.betelu.eus\/es\/wp-json\/wp\/v2\/pages\/196\/revisions"}],"predecessor-version":[{"id":414,"href":"http:\/\/www.betelu.eus\/es\/wp-json\/wp\/v2\/pages\/196\/revisions\/414"}],"up":[{"embeddable":true,"href":"http:\/\/www.betelu.eus\/es\/wp-json\/wp\/v2\/pages\/18"}],"wp:attachment":[{"href":"http:\/\/www.betelu.eus\/es\/wp-json\/wp\/v2\/media?parent=196"}],"curies":[{"name":"wp","href":"https:\/\/api.w.org\/{rel}","templated":true}]}}