{"id":198,"date":"2015-11-12T16:24:59","date_gmt":"2015-11-12T16:24:59","guid":{"rendered":"http:\/\/www.betelu.es\/?page_id=198"},"modified":"2023-11-04T17:06:05","modified_gmt":"2023-11-04T16:06:05","slug":"udaletxea","status":"publish","type":"page","link":"http:\/\/www.betelu.eus\/es\/udal-zerbitzuak\/udaletxea\/","title":{"rendered":"Composicion del ayuntamiento"},"content":{"rendered":"<p><\/p>\n<dl class=\"organizacionayuntamiento\">\n<dt style=\"font-weight: bold\"><\/dt>\n<dt style=\"font-weight: bold\"><\/dt>\n<dt style=\"font-weight: bold\"><\/dt>\n<dt style=\"font-weight: bold\"><\/dt>\n<dt style=\"font-weight: bold\"><\/dt>\n<dt style=\"font-weight: bold\"><\/dt>\n<dt style=\"font-weight: bold\"><\/dt>\n<dt style=\"font-weight: bold\">\n<h5 class=\"title\"><strong>Corporacion municipal<\/strong><\/h5>\n<p><span style=\"color: #333399\">ARRITXU TALDEA<\/span><\/p>\n<p>Alcalde: <span style=\"font-weight: normal\"><span style=\"color: #333399\">Lorenzo Zubillaga Goicoechea \u00a0<\/span><br \/>\n<\/span><\/dt>\n<dd style=\"font-weight: bold\">Primer teniente de alcade: <span style=\"font-weight: normal\"><span style=\"color: #333399\">Nerea Yeregui Balda<\/span> \u00a0 \u00a0 \u00a0\u00a0<\/span><\/dd>\n<dd><\/dd>\n<dd style=\"font-weight: bold\">Segundo teniente de alcalde:<span style=\"font-weight: normal\"><span style=\"color: #333399\"> Igor Otermin Eguia<\/span><br \/>\n<\/span><\/dd>\n<dt><\/dt>\n<dt><\/dt>\n<\/dl>\n<dl class=\"organizacionayuntamiento\">\n<dt style=\"font-weight: bold\"><\/dt>\n<dt><\/dt>\n<dt><\/dt>\n<dt><\/dt>\n<dt style=\"font-weight: bold\">Concejales:<\/dt>\n<\/dl>\n<ul>\n<li style=\"list-style-type: none\">\n<ul>\n<li>\n<div><span style=\"color: #333399\">Igor Otermin Eguia<\/span><\/div>\n<\/li>\n<li><span style=\"color: #333399\">Maria Cristina Val Sardon<\/span><\/li>\n<li><span style=\"color: #333399\">I\u00f1aki Elizalde Zubillaga<\/span><\/li>\n<li><span style=\"color: #333399\">Nerea Yeregui Balda\u00a0<\/span><\/li>\n<li><span style=\"color: #333399\">Ander Prados Otamendi<\/span><\/li>\n<li><span style=\"color: #333399\">Aitziber Otamendi Echarri<\/span><\/li>\n<\/ul>\n<\/li>\n<\/ul>\n<p><strong>Secretario:<\/strong><\/p>\n<ul>\n<li><span style=\"color: #333399\">Joanes Aleman Ollo<\/span><\/li>\n<\/ul>\n<h5><strong>Composicion de comisiones\u00a0<\/strong><\/h5>\n<table style=\"height: 1504px\" width=\"626\">\n<tbody>\n<tr style=\"height: 122px\">\n<td style=\"height: 67px;text-align: center;width: 296px;vertical-align: middle\"><strong>-Mancomunidad de Basuras del Alto Araxes<\/strong><\/td>\n<td style=\"height: 67px;width: 416.633px\" colspan=\"2\">\n<p>1. Lorenzo Zubillaga Goicoechea<\/p>\n<p>2. I\u00f1aki Elizalde Zubillaga<\/p>\n<p>3. Nerea Yeregui Balda<\/p>\n<p>4. Aitziber Otamendi Echarri<\/td>\n<\/tr>\n<tr style=\"height: 57px\">\n<td style=\"height: 10px;text-align: center;width: 296px;vertical-align: middle\"><strong>-Mancomunidad Servicios Sociales Zona B\u00e1sica de Irurtzun<\/strong><\/td>\n<td style=\"height: 10px;width: 416.633px\" colspan=\"2\">\n<p>1. Aitziber Otamendi Echarri<\/p>\n<p>2. Maria Cristina Val Sardon<\/td>\n<\/tr>\n<tr style=\"height: 61px\">\n<td style=\"height: 10px;width: 296px;text-align: center;vertical-align: middle\"><strong>-Asociaci\u00f3n Cederna Garalur<\/strong><\/td>\n<td style=\"height: 10px;width: 416.633px\" colspan=\"2\">\n<p>1. Nerea Yeregui Balda<\/p>\n<p>2. Lorenzo Zubillaga Goicoechea<\/td>\n<\/tr>\n<tr style=\"height: 64px\">\n<td style=\"height: 64px;width: 296px;text-align: center;vertical-align: middle\"><strong>-Agenda Local 21<\/strong><\/td>\n<td style=\"height: 64px;width: 416.633px\" colspan=\"2\">\n<p>1. Lorenzo Zubillaga Goicoechea<\/p>\n<p>2. Nerea Yeregui Balda<\/td>\n<\/tr>\n<tr style=\"height: 57px\">\n<td style=\"height: 57px;width: 296px;text-align: center;vertical-align: middle\"><strong>-Consejo Escolar. Colegio P\u00fablico Comarcal Araxes<\/strong><\/td>\n<td style=\"height: 57px;width: 416.633px\" colspan=\"2\">\n<p>1. Lorenzo Zubillaga Goicoechea<\/p>\n<p>2. Maria Cristina Val Sardon<\/td>\n<\/tr>\n<tr style=\"height: 57px\">\n<td style=\"height: 57px;width: 296px;text-align: center;vertical-align: middle\"><strong>-Aralar Udal Musika Eskola \/ Escuela de M\u00fasica Aralar<\/strong><\/td>\n<td style=\"height: 57px;width: 416.633px\" colspan=\"2\">\n<p>1. I\u00f1aki Elizalde Zubillaga<\/p>\n<p>2. Ander Prados Otamendi<\/td>\n<\/tr>\n<tr style=\"height: 72px\">\n<td style=\"height: 72px;width: 296px;text-align: center;vertical-align: middle\">&#8211;<strong>Mancomunidad de Euskera Zona Norte.<\/strong><\/td>\n<td style=\"height: 72px;width: 416.633px\" colspan=\"2\">\n<p>1. Igor Otermin Eguia<\/p>\n<p>2. Lorenzo Zubillaga Goicoechea<\/td>\n<\/tr>\n<tr style=\"height: 103px\">\n<td style=\"height: 51px;width: 296px;text-align: center;vertical-align: middle\"><strong>-Mancomunidad Deportiva Araitz-Areso-Betelu-Larraun-Lekunberri<\/strong><\/td>\n<td style=\"height: 51px;width: 416.633px\" colspan=\"2\">\n<p>1. Igor Otermin Eguia<\/p>\n<p>2. I\u00f1aki Elizalde Zubillaga<\/td>\n<\/tr>\n<tr style=\"height: 92px\">\n<td style=\"height: 30px;width: 296px;text-align: center;vertical-align: middle\"><strong>-Uni\u00f3n de Aralar.<\/strong><\/td>\n<td style=\"height: 30px;width: 416.633px\" colspan=\"2\">\n<p>1. Lorenzo Zubillaga Goicoechea<\/p>\n<p>2. Ander Prados Otamendi<\/td>\n<\/tr>\n<tr style=\"height: 92px\">\n<td style=\"height: 31px;width: 296px;text-align: center;vertical-align: middle\"><strong>-Consejo de Administraci\u00f3n de Asistencial Villa de Betelu, S.A.<\/strong><\/td>\n<td style=\"height: 31px;width: 416.633px\" colspan=\"2\">\n<p>1. Maria Cristina Val Sardon<\/p>\n<p>2. Lorenzo Zubillaga Goicoechea<\/td>\n<\/tr>\n<tr style=\"height: 85px\">\n<td style=\"height: 47px;width: 296px;text-align: center;vertical-align: middle\"><strong>-Comisi\u00f3n Mixta de Seguimiento del Centro de Educaci\u00f3n Preescolar de Betelu<\/strong><\/td>\n<td style=\"height: 47px;width: 416.633px\" colspan=\"2\">\n<p>1. Nerea Yeregui Balda<\/p>\n<p>2. Maria Cristina Val Sardon<\/td>\n<\/tr>\n<tr style=\"height: 30px\">\n<td style=\"width: 296px;text-align: center;vertical-align: middle;height: 10px\"><strong>-Comisi\u00f3n de seguimiento para la redacci\u00f3n del Plan General Urban\u00edstico de Betelu.<\/strong><\/td>\n<td style=\"width: 416.633px;height: 10px\" colspan=\"2\">\n<p>1. Lorenzo Zubillaga Goicoechea<\/p>\n<p>2. Igor Otermin Eguia<\/p>\n<p>3. Ander Prados Otamendi<\/td>\n<\/tr>\n<tr style=\"height: 137px\">\n<td style=\"height: 65px;width: 296px;text-align: center;vertical-align: middle\"><strong>-Comision Especial de Cuentas<\/strong><\/td>\n<td style=\"height: 65px\" colspan=\"2\">\n<p>1. Lorenzo Zubillaga Goicoechea<\/p>\n<p>2. Maria Cristina Val Sardon<\/p>\n<p>3. I\u00f1aki Elizalde Zubillaga<\/td>\n<\/tr>\n<\/tbody>\n<\/table>\n<p><\/p>","protected":false},"excerpt":{"rendered":"<p>Corporacion municipal ARRITXU TALDEA Alcalde: Lorenzo Zubillaga Goicoechea \u00a0 Primer teniente de alcade: Nerea Yeregui Balda \u00a0 \u00a0 \u00a0\u00a0 Segundo teniente de alcalde: Igor Otermin Eguia Concejales: Igor Otermin Eguia Maria Cristina Val Sardon I\u00f1aki Elizalde Zubillaga Nerea Yeregui Balda\u00a0&hellip; <\/p>\n","protected":false},"author":1,"featured_media":0,"parent":297,"menu_order":52,"comment_status":"closed","ping_status":"closed","template":"","meta":{"_monsterinsights_skip_tracking":false,"_monsterinsights_sitenote_active":false,"_monsterinsights_sitenote_note":"","_monsterinsights_sitenote_category":0,"footnotes":""},"class_list":["post-198","page","type-page","status-publish","hentry"],"yoast_head":"<!-- This site is optimized with the Yoast SEO plugin v26.8 - https:\/\/yoast.com\/product\/yoast-seo-wordpress\/ -->\r\n<title>Composicion del ayuntamiento - Ayuntamiento de BETELU<\/title>\r\n<meta name=\"robots\" content=\"index, follow, max-snippet:-1, max-image-preview:large, max-video-preview:-1\" \/>\r\n<link rel=\"canonical\" href=\"http:\/\/www.betelu.eus\/udal-zerbitzuak\/udaletxea\/\" \/>\r\n<meta property=\"og:locale\" content=\"es_ES\" \/>\r\n<meta property=\"og:type\" content=\"article\" \/>\r\n<meta property=\"og:title\" content=\"[:es]Composicion del ayuntamiento[:eu]Udalaren osaera[:] - Ayuntamiento de BETELU\" \/>\r\n<meta property=\"og:description\" content=\"Corporacion municipal ARRITXU TALDEA Alcalde: Lorenzo Zubillaga Goicoechea \u00a0 Primer teniente de alcade: Nerea Yeregui Balda \u00a0 \u00a0 \u00a0\u00a0 Segundo teniente de alcalde: Igor Otermin Eguia Concejales: Igor Otermin Eguia Maria Cristina Val Sardon I\u00f1aki Elizalde Zubillaga Nerea Yeregui Balda\u00a0&hellip;\" \/>\r\n<meta property=\"og:url\" content=\"http:\/\/www.betelu.eus\/udal-zerbitzuak\/udaletxea\/\" \/>\r\n<meta property=\"og:site_name\" content=\"Ayuntamiento de BETELU\" \/>\r\n<meta property=\"article:modified_time\" content=\"2023-11-04T16:06:05+00:00\" \/>\r\n<meta name=\"twitter:card\" content=\"summary_large_image\" \/>\r\n<meta name=\"twitter:label1\" content=\"Tiempo de lectura\" \/>\n\t<meta name=\"twitter:data1\" content=\"2 minutos\" \/>\r\n<script type=\"application\/ld+json\" class=\"yoast-schema-graph\">{\"@context\":\"https:\/\/schema.org\",\"@graph\":[{\"@type\":\"WebPage\",\"@id\":\"http:\/\/www.betelu.eus\/udal-zerbitzuak\/udaletxea\/\",\"url\":\"http:\/\/www.betelu.eus\/udal-zerbitzuak\/udaletxea\/\",\"name\":\"[:es]Composicion del ayuntamiento[:eu]Udalaren osaera[:] - Ayuntamiento de BETELU\",\"isPartOf\":{\"@id\":\"http:\/\/www.betelu.eus\/#website\"},\"datePublished\":\"2015-11-12T16:24:59+00:00\",\"dateModified\":\"2023-11-04T16:06:05+00:00\",\"breadcrumb\":{\"@id\":\"http:\/\/www.betelu.eus\/udal-zerbitzuak\/udaletxea\/#breadcrumb\"},\"inLanguage\":\"es\",\"potentialAction\":[{\"@type\":\"ReadAction\",\"target\":[\"http:\/\/www.betelu.eus\/udal-zerbitzuak\/udaletxea\/\"]}]},{\"@type\":\"BreadcrumbList\",\"@id\":\"http:\/\/www.betelu.eus\/udal-zerbitzuak\/udaletxea\/#breadcrumb\",\"itemListElement\":[{\"@type\":\"ListItem\",\"position\":1,\"name\":\"Portada\",\"item\":\"http:\/\/www.betelu.eus\/\"},{\"@type\":\"ListItem\",\"position\":2,\"name\":\"Servicios del ayuntamiento\",\"item\":\"http:\/\/www.betelu.eus\/es\/udal-zerbitzuak\/\"},{\"@type\":\"ListItem\",\"position\":3,\"name\":\"Composicion del ayuntamiento\"}]},{\"@type\":\"WebSite\",\"@id\":\"http:\/\/www.betelu.eus\/#website\",\"url\":\"http:\/\/www.betelu.eus\/\",\"name\":\"Ayuntamiento de BETELU\",\"description\":\"Web del Ayuntamiento de BETELU\",\"potentialAction\":[{\"@type\":\"SearchAction\",\"target\":{\"@type\":\"EntryPoint\",\"urlTemplate\":\"http:\/\/www.betelu.eus\/?s={search_term_string}\"},\"query-input\":{\"@type\":\"PropertyValueSpecification\",\"valueRequired\":true,\"valueName\":\"search_term_string\"}}],\"inLanguage\":\"es\"}]}<\/script>\r\n<!-- \/ Yoast SEO plugin. -->","yoast_head_json":{"title":"[:es]Composicion del ayuntamiento[:eu]Udalaren osaera[:] - Ayuntamiento de BETELU","robots":{"index":"index","follow":"follow","max-snippet":"max-snippet:-1","max-image-preview":"max-image-preview:large","max-video-preview":"max-video-preview:-1"},"canonical":"http:\/\/www.betelu.eus\/udal-zerbitzuak\/udaletxea\/","og_locale":"es_ES","og_type":"article","og_title":"[:es]Composicion del ayuntamiento[:eu]Udalaren osaera[:] - Ayuntamiento de BETELU","og_description":"Corporacion municipal ARRITXU TALDEA Alcalde: Lorenzo Zubillaga Goicoechea \u00a0 Primer teniente de alcade: Nerea Yeregui Balda \u00a0 \u00a0 \u00a0\u00a0 Segundo teniente de alcalde: Igor Otermin Eguia Concejales: Igor Otermin Eguia Maria Cristina Val Sardon I\u00f1aki Elizalde Zubillaga Nerea Yeregui Balda\u00a0&hellip;","og_url":"http:\/\/www.betelu.eus\/udal-zerbitzuak\/udaletxea\/","og_site_name":"Ayuntamiento de BETELU","article_modified_time":"2023-11-04T16:06:05+00:00","twitter_card":"summary_large_image","twitter_misc":{"Tiempo de lectura":"2 minutos"},"schema":{"@context":"https:\/\/schema.org","@graph":[{"@type":"WebPage","@id":"http:\/\/www.betelu.eus\/udal-zerbitzuak\/udaletxea\/","url":"http:\/\/www.betelu.eus\/udal-zerbitzuak\/udaletxea\/","name":"[:es]Composicion del ayuntamiento[:eu]Udalaren osaera[:] - Ayuntamiento de BETELU","isPartOf":{"@id":"http:\/\/www.betelu.eus\/#website"},"datePublished":"2015-11-12T16:24:59+00:00","dateModified":"2023-11-04T16:06:05+00:00","breadcrumb":{"@id":"http:\/\/www.betelu.eus\/udal-zerbitzuak\/udaletxea\/#breadcrumb"},"inLanguage":"es","potentialAction":[{"@type":"ReadAction","target":["http:\/\/www.betelu.eus\/udal-zerbitzuak\/udaletxea\/"]}]},{"@type":"BreadcrumbList","@id":"http:\/\/www.betelu.eus\/udal-zerbitzuak\/udaletxea\/#breadcrumb","itemListElement":[{"@type":"ListItem","position":1,"name":"Portada","item":"http:\/\/www.betelu.eus\/"},{"@type":"ListItem","position":2,"name":"Servicios del ayuntamiento","item":"http:\/\/www.betelu.eus\/es\/udal-zerbitzuak\/"},{"@type":"ListItem","position":3,"name":"Composicion del ayuntamiento"}]},{"@type":"WebSite","@id":"http:\/\/www.betelu.eus\/#website","url":"http:\/\/www.betelu.eus\/","name":"Ayuntamiento de BETELU","description":"Web del Ayuntamiento de BETELU","potentialAction":[{"@type":"SearchAction","target":{"@type":"EntryPoint","urlTemplate":"http:\/\/www.betelu.eus\/?s={search_term_string}"},"query-input":{"@type":"PropertyValueSpecification","valueRequired":true,"valueName":"search_term_string"}}],"inLanguage":"es"}]}},"_links":{"self":[{"href":"http:\/\/www.betelu.eus\/es\/wp-json\/wp\/v2\/pages\/198","targetHints":{"allow":["GET"]}}],"collection":[{"href":"http:\/\/www.betelu.eus\/es\/wp-json\/wp\/v2\/pages"}],"about":[{"href":"http:\/\/www.betelu.eus\/es\/wp-json\/wp\/v2\/types\/page"}],"author":[{"embeddable":true,"href":"http:\/\/www.betelu.eus\/es\/wp-json\/wp\/v2\/users\/1"}],"replies":[{"embeddable":true,"href":"http:\/\/www.betelu.eus\/es\/wp-json\/wp\/v2\/comments?post=198"}],"version-history":[{"count":15,"href":"http:\/\/www.betelu.eus\/es\/wp-json\/wp\/v2\/pages\/198\/revisions"}],"predecessor-version":[{"id":8215,"href":"http:\/\/www.betelu.eus\/es\/wp-json\/wp\/v2\/pages\/198\/revisions\/8215"}],"up":[{"embeddable":true,"href":"http:\/\/www.betelu.eus\/es\/wp-json\/wp\/v2\/pages\/297"}],"wp:attachment":[{"href":"http:\/\/www.betelu.eus\/es\/wp-json\/wp\/v2\/media?parent=198"}],"curies":[{"name":"wp","href":"https:\/\/api.w.org\/{rel}","templated":true}]}}