{"id":21,"date":"2014-10-30T07:48:01","date_gmt":"2014-10-30T07:48:01","guid":{"rendered":"http:\/\/www.betelu.eus\/?page_id=21"},"modified":"2018-07-30T10:15:23","modified_gmt":"2018-07-30T08:15:23","slug":"telefonoak","status":"publish","type":"page","link":"http:\/\/www.betelu.eus\/es\/udal-zerbitzuak\/telefonoak\/","title":{"rendered":"Guia de tel\u00e9fonos"},"content":{"rendered":"<p><strong>C.P. Araxes<\/strong><\/p>\n<ul>\n<li><strong>Tel\u00e9fono<\/strong>: 948 51 33 12 \/\u00a0948 51 33 85<\/li>\n<li><strong>Direcci\u00f3n<\/strong>: Calle Antigua 9<\/li>\n<\/ul>\n<hr \/>\n<p><strong><span style=\"color: #666666;\">Sorgintxo Haur Eskola<\/span><\/strong><\/p>\n<ul>\n<li><strong>Tel\u00e9fono<\/strong>:\u00a0<span style=\"color: #666666;\">948 513001<\/span><\/li>\n<li><strong>Direcci\u00f3n<\/strong>: Calle Antigua 5<\/li>\n<\/ul>\n<hr \/>\n<p><strong>Escuela de M\u00fasica Aralar<\/strong><\/p>\n<ul>\n<li><strong>Tel\u00e9fono<\/strong>:\u00a0948 50 44 89<\/li>\n<li><strong>Direcci\u00f3n<\/strong>: Calle Antigua 5<\/li>\n<\/ul>\n<hr \/>\n<p><strong>Consultorio M\u00e9dico<\/strong><\/p>\n<ul>\n<li><strong>Tel\u00e9fono<\/strong>:\u00a0948 51 33 00<\/li>\n<li><strong>Direcci\u00f3n<\/strong>:\u00a0Calle Antigua 5<\/li>\n<li>Las <strong>farmacias de guardia<\/strong> las pod\u00e9is encontrar en la siguiente\u00a0web<\/li>\n<li><a href=\"http:\/\/www.navarra.es\/appsext\/FarmaciasGuardia\/ctaFarmaciaDeGuardia.aspx\">http:\/\/www.navarra.es\/appsext\/FarmaciasGuardia\/ctaFarmaciaDeGuardia.aspx<\/a><\/li>\n<\/ul>\n<hr \/>\n<p><strong>Mancomunidad de Deportes<\/strong><\/p>\n<ul>\n<li><strong>Tel\u00e9fono<\/strong>:\u00a0948 51 32 91 \/\u00a0948 60 45 45 \/\u00a0649 205 310<\/li>\n<li><strong>Direcci\u00f3n<\/strong>:\u00a0Calle Antigua 5<\/li>\n<\/ul>\n<hr \/>\n<p><strong>Amma Betelu (Residencia Tercera Edad)<\/strong><\/p>\n<ul>\n<li><strong>Tel\u00e9fono<\/strong>: 948 513322<\/li>\n<li><strong>Fax<\/strong>: 948 513497<\/li>\n<li><strong>Direcci\u00f3n<\/strong>: Barrio Irigoyen 2<\/li>\n<\/ul>\n<hr \/>\n<p><strong>Taberna &#8211; Jatetxea &#8211; Hostala Betelu<\/strong><\/p>\n<ul>\n<li><strong>Tel\u00e9fono<\/strong>: 948 51 30 26<\/li>\n<li><strong>Direcci\u00f3n<\/strong>: Calle Mayor 7<\/li>\n<\/ul>\n<hr \/>\n<p><strong>Hogar del Jubilado<\/strong><\/p>\n<ul>\n<li><strong>Tel\u00e9fono<\/strong>: 948 51 31 10<\/li>\n<li><strong>Direcci\u00f3n<\/strong>: Calle Antigua 5<\/li>\n<\/ul>\n<hr \/>\n<p><strong>Farmacia A. Carrillo<\/strong><\/p>\n<ul>\n<li><strong>Tel\u00e9fono<\/strong>: 948 513495<\/li>\n<li><strong>Direcci\u00f3n<\/strong>: Calle Mayor 5<\/li>\n<\/ul>\n<hr \/>\n<p><strong>Caja Rural<\/strong><\/p>\n<ul>\n<li><strong>Tel\u00e9fono<\/strong>: 948 513470<\/li>\n<li><strong>Direcci\u00f3n<\/strong>: Calle Mayor 12<\/li>\n<\/ul>\n<hr \/>\n<p><strong>Maite Harategia<\/strong><\/p>\n<ul>\n<li><strong>Tel\u00e9fono<\/strong>: 948 513088<\/li>\n<li><strong>Direcci\u00f3n<\/strong>: Calle Antigua 5<\/li>\n<\/ul>\n<hr \/>\n<p><strong>Piensos Lasa<\/strong><\/p>\n<ul>\n<li><strong>Tel\u00e9fono<\/strong>: 948 513010<\/li>\n<li><strong>Direcci\u00f3n<\/strong>: Calle Mayor<\/li>\n<\/ul>\n<hr \/>\n<p><strong>Productos Lacteos Gar-Goik S.L.<\/strong><\/p>\n<ul>\n<li><strong>Tel\u00e9fono<\/strong>: 948 513082<\/li>\n<li><strong>Direcci\u00f3n<\/strong>: Calle Mayor<\/li>\n<\/ul>\n<hr \/>\n<p><strong>Manantiales de Betelu<\/strong><\/p>\n<ul>\n<li><strong>Tel\u00e9fono<\/strong>: 948 513230<\/li>\n<li><strong>Direcci\u00f3n<\/strong>: Calle Mayor<\/li>\n<\/ul>\n<hr \/>\n<p><strong>Panader\u00eda Atabal<\/strong><\/p>\n<ul>\n<li><strong>Tel\u00e9fono<\/strong>: 948 513151<\/li>\n<li><strong>Direcci\u00f3n<\/strong>: Atabalenea<\/li>\n<\/ul>\n<hr \/>\n<p><strong>Garaje Sotil<\/strong><\/p>\n<ul>\n<li><strong>Tel\u00e9fono<\/strong>: 948 513007<\/li>\n<li><strong>Fax<\/strong>:\u00a0<span style=\"color: #333333;\">948 513393<\/span><\/li>\n<li><strong>Direcci\u00f3n<\/strong>: Calle Mayor<\/li>\n<\/ul>\n<hr \/>\n<p><strong> Peluquer\u00eda y Esteticien Aitz-Berri<\/strong><\/p>\n<ul>\n<li><strong>Tel\u00e9fono<\/strong>: 948 513083 \/ 696 732290<\/li>\n<li><strong>Direcci\u00f3n<\/strong>: Calle Lakobeikoa 4 Bajo<\/li>\n<\/ul>\n<hr \/>\n<p><strong>Wisco Espa\u00f1ola S.A.<\/strong><\/p>\n<ul>\n<li><strong>Tel\u00e9fono<\/strong>: 948 513050<\/li>\n<li><strong>Direcci\u00f3n<\/strong>: Calle Lakobeikoa<\/li>\n<\/ul>\n<hr \/>\n<p><strong>Tienda Rosa<\/strong><\/p>\n<ul>\n<li><strong>Tel\u00e9fono<\/strong>: 948 513494<\/li>\n<li><strong>Direcci\u00f3n<\/strong>: Calle Antigua<\/li>\n<\/ul>\n<hr \/>\n<p><strong>Cuajadas y Quesos Arraztio<\/strong><\/p>\n<ul>\n<li><strong>Tel\u00e9fono<\/strong>: 948 513031<\/li>\n<li><strong>Direcci\u00f3n<\/strong>: Calle Mayor<\/li>\n<\/ul>\n<hr \/>\n<p><strong>Betelu Vending S.L.<\/strong><\/p>\n<ul>\n<li><strong>Tel\u00e9fono<\/strong>: 606 880417<\/li>\n<li><strong>Direcci\u00f3n<\/strong>: Casa Matxinea<\/li>\n<\/ul>\n<hr \/>\n<p><strong>Carpinter\u00eda Rekalde<\/strong><\/p>\n<ul>\n<li><strong>Tel\u00e9fono<\/strong>: 948 513094 \/ 669 462845<\/li>\n<li><strong>Direcci\u00f3n<\/strong>: Casa Martinenea<\/li>\n<\/ul>\n<hr \/>\n<p><strong>Bautista Argi\u00f1arena Alba\u00f1il<\/strong><\/p>\n<ul>\n<li><strong>Tel\u00e9fono<\/strong>: 948 513073<\/li>\n<li><strong>Direcci\u00f3n<\/strong>: Lakobeikoa 6<\/li>\n<\/ul>\n<hr \/>\n<p><strong>Excavaciones Manolo Iriarte<\/strong><\/p>\n<ul>\n<li><strong>Direcci\u00f3n<\/strong>: Casa Bordatxo Berri<\/li>\n<\/ul>\n<hr \/>\n<p><strong>Seguros Mapfre (Jokin Estanga)<\/strong><\/p>\n<ul>\n<li><strong>Tel\u00e9fono<\/strong>: 948 513094<\/li>\n<li><strong>Direcci\u00f3n<\/strong>: Lakobeikoa 4, 2 Izquierda<\/li>\n<\/ul>\n<hr \/>\n<p><strong>Tanatorio (Grupo Irache)<\/strong><\/p>\n<ul>\n<li><strong>Tel\u00e9fono<\/strong>: 948 637404<\/li>\n<li><strong>Direcci\u00f3n<\/strong>: Calle Antigua<\/li>\n<\/ul>\n<hr \/>\n<p><strong>Av\u00edcola Betelu<\/strong><\/p>\n<ul>\n<li><strong>Tel\u00e9fono<\/strong>: 948 513010<\/li>\n<li><strong>Direcci\u00f3n<\/strong>: Calle Mayor<\/li>\n<\/ul>\n<hr \/>\n<p><strong>Iosu Estanga Fisioterapeuta<\/strong><\/p>\n<ul>\n<li><strong>Tel\u00e9fono<\/strong>: 948 513080<\/li>\n<li><strong>Direcci\u00f3n<\/strong>: Casa Iturrigi<\/li>\n<\/ul>\n<hr \/>\n<p><strong>Vicente Iriarte<\/strong><\/p>\n<ul>\n<li><strong>Tel\u00e9fono<\/strong>: 646 474166<\/li>\n<li><strong>Direcci\u00f3n<\/strong>: Lakobeikoa 5, 1 Derecha<\/li>\n<\/ul>\n<hr \/>\n<p><strong>Fontaner\u00eda Buldain<\/strong><\/p>\n<ul>\n<li><strong>Tel\u00e9fono<\/strong>: 948 504032<\/li>\n<li><strong>Direcci\u00f3n<\/strong>: Lekunberri<\/li>\n<\/ul>\n<hr \/>\n<p><strong>Miguel Mar\u00eda Buldain Electricista<\/strong><\/p>\n<ul>\n<li><strong>Tel\u00e9fono<\/strong>: 948 513084<\/li>\n<li><strong>Direcci\u00f3n<\/strong>: Calle Mayor 9, Bajo (Manuelenea)<\/li>\n<\/ul>\n<hr \/>\n<p><strong>Aralar Ganaduak<\/strong><\/p>\n<ul>\n<li><strong>Tel\u00e9fono<\/strong>: 948 513088<\/li>\n<li><strong>Direcci\u00f3n<\/strong>: Calle Antigua 7<\/li>\n<\/ul>\n<hr \/>\n<p><strong>Construcciones Uli, S.C.<\/strong><\/p>\n<ul>\n<li><strong>Tel\u00e9fono<\/strong>: 943 674881<\/li>\n<li><strong>Direcci\u00f3n<\/strong>: Calle Ibaiondo 8 (Tolosa)<\/li>\n<\/ul>\n<hr \/>\n<p><strong>Josu y Jos\u00e9 Mart\u00edn Estanga Carpinteros<\/strong><\/p>\n<ul>\n<li><strong>Tel\u00e9fono<\/strong>: 679 948878<\/li>\n<li><strong>Direcci\u00f3n<\/strong>: Calle Antigua 9, 2<\/li>\n<\/ul>\n<hr \/>\n<p><strong> Jes\u00fas Gonz\u00e1lez Explotaci\u00f3n Forestal<\/strong><\/p>\n<ul>\n<li><strong>Tel\u00e9fono<\/strong>: 948 513103 \/ 619 781345<\/li>\n<li><strong>Direcci\u00f3n<\/strong>: Caser\u00edo Juanduztenea<\/li>\n<\/ul>\n<hr \/>\n<p><strong> Patxi Arrizabalaga Carpintero<\/strong><\/p>\n<ul>\n<li><strong>Tel\u00e9fono<\/strong>: 620 280861<\/li>\n<li><strong>Direcci\u00f3n<\/strong>: Calle Mayor 36 (Errota)<\/li>\n<\/ul>\n<hr \/>\n<p><strong>Antonio Oreja Transportes<\/strong><\/p>\n<ul>\n<li><strong>Tel\u00e9fono<\/strong>: 948 513081<\/li>\n<li><strong>Direcci\u00f3n<\/strong>: Calle Mayor 10 (Albisunea)<\/li>\n<\/ul>\n<hr \/>\n<p><\/p>","protected":false},"excerpt":{"rendered":"<p>C.P. Araxes Tel\u00e9fono: 948 51 33 12 \/\u00a0948 51 33 85 Direcci\u00f3n: Calle Antigua 9 Sorgintxo Haur Eskola Tel\u00e9fono:\u00a0948 513001 Direcci\u00f3n: Calle Antigua 5 Escuela de M\u00fasica Aralar Tel\u00e9fono:\u00a0948 50 44 89 Direcci\u00f3n: Calle Antigua 5 Consultorio M\u00e9dico Tel\u00e9fono:\u00a0948 51&hellip; <\/p>\n","protected":false},"author":1,"featured_media":0,"parent":297,"menu_order":93,"comment_status":"closed","ping_status":"closed","template":"","meta":{"_monsterinsights_skip_tracking":false,"_monsterinsights_sitenote_active":false,"_monsterinsights_sitenote_note":"","_monsterinsights_sitenote_category":0,"footnotes":""},"class_list":["post-21","page","type-page","status-publish","hentry"],"yoast_head":"<!-- This site is optimized with the Yoast SEO plugin v26.8 - https:\/\/yoast.com\/product\/yoast-seo-wordpress\/ -->\r\n<title>Guia de tel\u00e9fonos - Ayuntamiento de BETELU<\/title>\r\n<meta name=\"robots\" content=\"index, follow, max-snippet:-1, max-image-preview:large, max-video-preview:-1\" \/>\r\n<link rel=\"canonical\" href=\"http:\/\/www.betelu.eus\/es\/udal-zerbitzuak\/telefonoak\/\" \/>\r\n<meta property=\"og:locale\" content=\"es_ES\" \/>\r\n<meta property=\"og:type\" content=\"article\" \/>\r\n<meta property=\"og:title\" content=\"[:es]Guia de tel\u00e9fonos[:eu]Telefono gida[:] - Ayuntamiento de BETELU\" \/>\r\n<meta property=\"og:description\" content=\"C.P. Araxes Tel\u00e9fono: 948 51 33 12 \/\u00a0948 51 33 85 Direcci\u00f3n: Calle Antigua 9 Sorgintxo Haur Eskola Tel\u00e9fono:\u00a0948 513001 Direcci\u00f3n: Calle Antigua 5 Escuela de M\u00fasica Aralar Tel\u00e9fono:\u00a0948 50 44 89 Direcci\u00f3n: Calle Antigua 5 Consultorio M\u00e9dico Tel\u00e9fono:\u00a0948 51&hellip;\" \/>\r\n<meta property=\"og:url\" content=\"http:\/\/www.betelu.eus\/es\/udal-zerbitzuak\/telefonoak\/\" \/>\r\n<meta property=\"og:site_name\" content=\"Ayuntamiento de BETELU\" \/>\r\n<meta property=\"article:modified_time\" content=\"2018-07-30T08:15:23+00:00\" \/>\r\n<meta name=\"twitter:card\" content=\"summary_large_image\" \/>\r\n<meta name=\"twitter:label1\" content=\"Tiempo de lectura\" \/>\n\t<meta name=\"twitter:data1\" content=\"3 minutos\" \/>\r\n<script type=\"application\/ld+json\" class=\"yoast-schema-graph\">{\"@context\":\"https:\/\/schema.org\",\"@graph\":[{\"@type\":\"WebPage\",\"@id\":\"http:\/\/www.betelu.eus\/es\/udal-zerbitzuak\/telefonoak\/\",\"url\":\"http:\/\/www.betelu.eus\/es\/udal-zerbitzuak\/telefonoak\/\",\"name\":\"[:es]Guia de tel\u00e9fonos[:eu]Telefono gida[:] - Ayuntamiento de BETELU\",\"isPartOf\":{\"@id\":\"http:\/\/www.betelu.eus\/#website\"},\"datePublished\":\"2014-10-30T07:48:01+00:00\",\"dateModified\":\"2018-07-30T08:15:23+00:00\",\"breadcrumb\":{\"@id\":\"http:\/\/www.betelu.eus\/es\/udal-zerbitzuak\/telefonoak\/#breadcrumb\"},\"inLanguage\":\"es\",\"potentialAction\":[{\"@type\":\"ReadAction\",\"target\":[\"http:\/\/www.betelu.eus\/es\/udal-zerbitzuak\/telefonoak\/\"]}]},{\"@type\":\"BreadcrumbList\",\"@id\":\"http:\/\/www.betelu.eus\/es\/udal-zerbitzuak\/telefonoak\/#breadcrumb\",\"itemListElement\":[{\"@type\":\"ListItem\",\"position\":1,\"name\":\"Portada\",\"item\":\"http:\/\/www.betelu.eus\/\"},{\"@type\":\"ListItem\",\"position\":2,\"name\":\"Servicios del ayuntamiento\",\"item\":\"http:\/\/www.betelu.eus\/es\/udal-zerbitzuak\/\"},{\"@type\":\"ListItem\",\"position\":3,\"name\":\"Guia de tel\u00e9fonos\"}]},{\"@type\":\"WebSite\",\"@id\":\"http:\/\/www.betelu.eus\/#website\",\"url\":\"http:\/\/www.betelu.eus\/\",\"name\":\"Ayuntamiento de BETELU\",\"description\":\"Web del Ayuntamiento de BETELU\",\"potentialAction\":[{\"@type\":\"SearchAction\",\"target\":{\"@type\":\"EntryPoint\",\"urlTemplate\":\"http:\/\/www.betelu.eus\/?s={search_term_string}\"},\"query-input\":{\"@type\":\"PropertyValueSpecification\",\"valueRequired\":true,\"valueName\":\"search_term_string\"}}],\"inLanguage\":\"es\"}]}<\/script>\r\n<!-- \/ Yoast SEO plugin. -->","yoast_head_json":{"title":"[:es]Guia de tel\u00e9fonos[:eu]Telefono gida[:] - Ayuntamiento de BETELU","robots":{"index":"index","follow":"follow","max-snippet":"max-snippet:-1","max-image-preview":"max-image-preview:large","max-video-preview":"max-video-preview:-1"},"canonical":"http:\/\/www.betelu.eus\/es\/udal-zerbitzuak\/telefonoak\/","og_locale":"es_ES","og_type":"article","og_title":"[:es]Guia de tel\u00e9fonos[:eu]Telefono gida[:] - Ayuntamiento de BETELU","og_description":"C.P. Araxes Tel\u00e9fono: 948 51 33 12 \/\u00a0948 51 33 85 Direcci\u00f3n: Calle Antigua 9 Sorgintxo Haur Eskola Tel\u00e9fono:\u00a0948 513001 Direcci\u00f3n: Calle Antigua 5 Escuela de M\u00fasica Aralar Tel\u00e9fono:\u00a0948 50 44 89 Direcci\u00f3n: Calle Antigua 5 Consultorio M\u00e9dico Tel\u00e9fono:\u00a0948 51&hellip;","og_url":"http:\/\/www.betelu.eus\/es\/udal-zerbitzuak\/telefonoak\/","og_site_name":"Ayuntamiento de BETELU","article_modified_time":"2018-07-30T08:15:23+00:00","twitter_card":"summary_large_image","twitter_misc":{"Tiempo de lectura":"3 minutos"},"schema":{"@context":"https:\/\/schema.org","@graph":[{"@type":"WebPage","@id":"http:\/\/www.betelu.eus\/es\/udal-zerbitzuak\/telefonoak\/","url":"http:\/\/www.betelu.eus\/es\/udal-zerbitzuak\/telefonoak\/","name":"[:es]Guia de tel\u00e9fonos[:eu]Telefono gida[:] - Ayuntamiento de BETELU","isPartOf":{"@id":"http:\/\/www.betelu.eus\/#website"},"datePublished":"2014-10-30T07:48:01+00:00","dateModified":"2018-07-30T08:15:23+00:00","breadcrumb":{"@id":"http:\/\/www.betelu.eus\/es\/udal-zerbitzuak\/telefonoak\/#breadcrumb"},"inLanguage":"es","potentialAction":[{"@type":"ReadAction","target":["http:\/\/www.betelu.eus\/es\/udal-zerbitzuak\/telefonoak\/"]}]},{"@type":"BreadcrumbList","@id":"http:\/\/www.betelu.eus\/es\/udal-zerbitzuak\/telefonoak\/#breadcrumb","itemListElement":[{"@type":"ListItem","position":1,"name":"Portada","item":"http:\/\/www.betelu.eus\/"},{"@type":"ListItem","position":2,"name":"Servicios del ayuntamiento","item":"http:\/\/www.betelu.eus\/es\/udal-zerbitzuak\/"},{"@type":"ListItem","position":3,"name":"Guia de tel\u00e9fonos"}]},{"@type":"WebSite","@id":"http:\/\/www.betelu.eus\/#website","url":"http:\/\/www.betelu.eus\/","name":"Ayuntamiento de BETELU","description":"Web del Ayuntamiento de BETELU","potentialAction":[{"@type":"SearchAction","target":{"@type":"EntryPoint","urlTemplate":"http:\/\/www.betelu.eus\/?s={search_term_string}"},"query-input":{"@type":"PropertyValueSpecification","valueRequired":true,"valueName":"search_term_string"}}],"inLanguage":"es"}]}},"_links":{"self":[{"href":"http:\/\/www.betelu.eus\/es\/wp-json\/wp\/v2\/pages\/21","targetHints":{"allow":["GET"]}}],"collection":[{"href":"http:\/\/www.betelu.eus\/es\/wp-json\/wp\/v2\/pages"}],"about":[{"href":"http:\/\/www.betelu.eus\/es\/wp-json\/wp\/v2\/types\/page"}],"author":[{"embeddable":true,"href":"http:\/\/www.betelu.eus\/es\/wp-json\/wp\/v2\/users\/1"}],"replies":[{"embeddable":true,"href":"http:\/\/www.betelu.eus\/es\/wp-json\/wp\/v2\/comments?post=21"}],"version-history":[{"count":2,"href":"http:\/\/www.betelu.eus\/es\/wp-json\/wp\/v2\/pages\/21\/revisions"}],"predecessor-version":[{"id":7382,"href":"http:\/\/www.betelu.eus\/es\/wp-json\/wp\/v2\/pages\/21\/revisions\/7382"}],"up":[{"embeddable":true,"href":"http:\/\/www.betelu.eus\/es\/wp-json\/wp\/v2\/pages\/297"}],"wp:attachment":[{"href":"http:\/\/www.betelu.eus\/es\/wp-json\/wp\/v2\/media?parent=21"}],"curies":[{"name":"wp","href":"https:\/\/api.w.org\/{rel}","templated":true}]}}