{"id":29,"date":"2014-10-30T09:08:23","date_gmt":"2014-10-30T09:08:23","guid":{"rendered":"http:\/\/www.betelu.eus\/?page_id=29"},"modified":"2024-08-08T15:07:32","modified_gmt":"2024-08-08T13:07:32","slug":"sede-electronica","status":"publish","type":"page","link":"http:\/\/www.betelu.eus\/es\/udal-zerbitzuak\/sede-electronica\/","title":{"rendered":"+ info."},"content":{"rendered":"<p><\/p>\n<hr \/>\n<p><strong>Presupuestos Ayuntamiento:<\/strong><\/p>\n<p><a href=\"http:\/\/www.betelu.eus\/wp-content\/uploads\/sites\/140\/2024\/08\/presupuestos-2024.pdf\" class=\"mtli_attachment mtli_pdf\">presupuestos 2024<\/a><\/p>\n<p><span style=\"text-decoration: underline\"><b>Cuentas Ayuntamiento:<\/b><\/span><\/p>\n<p><a href=\"http:\/\/www.betelu.eus\/wp-content\/uploads\/sites\/140\/2024\/08\/Cuentas-2023.pdf\" class=\"mtli_attachment mtli_pdf\">Cuentas 2023<\/a><\/p>\n<p><span style=\"text-decoration: underline\"><strong>Documento de instancias:<\/strong><\/span><\/p>\n<p><a href=\"https:\/\/sedeelectronica.betelu.eus\/registro-electronico\/\">Acceda a la Sede Electr\u00f3nica<\/a><\/p>\n<p><span style=\"text-decoration: underline\"><strong>Documento domiciliacion bancaria:<\/strong><\/span><\/p>\n<p><a style=\"color: #439f55\" href=\"https:\/\/sedeelectronica.betelu.eus\/tramites\/domiciliacion-bancaria\/\" target=\"_blank\" rel=\"noopener\">Kontua helbideratzeko eskaera<\/a><\/p>\n<p><span style=\"text-decoration: underline\"><strong style=\"font-size: 14px\">Plan Urbanistico:<\/strong><\/span><\/p>\n<p><a href=\"http:\/\/www.betelu.es\/wp-content\/uploads\/sites\/140\/2015\/11\/PRESENTACION-PUM-AVANCE-2015-30-59.pdf\" class=\"mtli_attachment mtli_pdf\">PRESENTACION-PUM-AVANCE parte1<\/a>\u00a0\u00a0<a href=\"http:\/\/www.betelu.es\/wp-content\/uploads\/sites\/140\/2015\/11\/PRESENTACION-PUM-AVANCE-2015-1-29.pdf\" class=\"mtli_attachment mtli_pdf\">PRESENTACION-PUM-AVANCE parte2<\/a><\/p>\n<p><a href=\"http:\/\/www.betelu.es\/wp-content\/uploads\/sites\/140\/2015\/11\/CAT\u00c1LOGO.pdf\" class=\"mtli_attachment mtli_pdf\">CAT\u00c1LOGO \u00a0 <\/a><a href=\"http:\/\/www.betelu.es\/wp-content\/uploads\/sites\/140\/2015\/11\/O.1.Calificaci\u00f3n.pdf\" class=\"mtli_attachment mtli_pdf\">O.1.Calificaci\u00f3n <\/a><a href=\"http:\/\/www.betelu.es\/wp-content\/uploads\/sites\/140\/2015\/11\/O.2.Gesti\u00f3n.pdf\" class=\"mtli_attachment mtli_pdf\">O.2.Gesti\u00f3n <\/a><a href=\"http:\/\/www.betelu.es\/wp-content\/uploads\/sites\/140\/2015\/11\/O.3.Suelo-Urbano.pdf\" class=\"mtli_attachment mtli_pdf\">O.3.Suelo Urbano <\/a><a href=\"http:\/\/www.betelu.es\/wp-content\/uploads\/sites\/140\/2015\/11\/O.4.\u00c1reas-de-riesgo.pdf\" class=\"mtli_attachment mtli_pdf\">O.4.\u00c1reas de riesgo<\/a><\/p>\n<p><a style=\"font-size: 14px\" href=\"http:\/\/www.betelu.es\/wp-content\/uploads\/sites\/140\/2014\/10\/SUELO-URBANO-CONSOLIDADO.-NUEVA-EDIFICACI\u00d3N.pdf\" class=\"mtli_attachment mtli_pdf\">Suelo Urbano Consolidado, nueva edificacion<\/a><strong style=\"font-size: 14px\">\u00a0 <\/strong><a style=\"font-size: 14px\" href=\"http:\/\/www.betelu.es\/wp-content\/uploads\/sites\/140\/2015\/11\/PLAN-DE-PARTICIPACION.pdf\" class=\"mtli_attachment mtli_pdf\">PLAN DE PARTICIPACION<\/a>\u00a0<a href=\"http:\/\/www.betelu.eus\/wp-content\/uploads\/sites\/140\/2016\/03\/Udal-Planarekiko-daukazun-interesa.docx\" class=\"mtli_attachment mtli_docx\">Encuesta sobre el Plan Urbanistico<\/a><\/p>\n<p style=\"text-align: left\"><strong><span style=\"text-decoration: underline\">Estudio hidrologico Rio Araxes:<\/span><br \/>\n<\/strong><\/p>\n<p>\u00a0<a title=\"Estudio Hirdologico planos Betelu\" href=\"https:\/\/www.dropbox.com\/sh\/63ysvv2ugg0qjnv\/AAD5WUY_HdXdewtQZ3WPgoXca?dl=0#\" target=\"_blank\" rel=\"noopener\">Planos (dropbox)<\/a>\u00a0\u00a0\u00a0 <a href=\"http:\/\/www.betelu.es\/wp-content\/uploads\/sites\/140\/2015\/11\/Hidraulico-Betelu-Junio-2015-v2.pdf\" class=\"mtli_attachment mtli_pdf\">Estudio Hidraulico Araxes Betelu Junio 2015<\/a><\/p>\n<p><span style=\"text-decoration: underline\"><strong>Diversos documentos:<\/strong><\/span><\/p>\n<p><a href=\"http:\/\/www.betelu.es\/wp-content\/uploads\/sites\/140\/2014\/10\/Betelu-GRAVAMENES-2016-tablon-anuncios.pdf\" class=\"mtli_attachment mtli_pdf\">Tipo de gravamen para 2016<\/a>\u00a0<a href=\"http:\/\/www.betelu.es\/wp-content\/uploads\/sites\/140\/2016\/02\/fotokopia20160205121225.pdf\" class=\"mtli_attachment mtli_pdf\">Tarjeta aparcamiento minusvalidos<\/a><\/p>\n<p><span style=\"text-decoration: underline\"><strong>Actas de plenos:<\/strong><\/span><\/p>\n<p><a href=\"https:\/\/sedeelectronica.betelu.eus\/actas\" target=\"_blank\" rel=\"noopener\">Para consultar las actas municipales, acceda a la Sede Electr\u00f3nica.<\/a><\/p>","protected":false},"excerpt":{"rendered":"<p>Presupuestos Ayuntamiento: presupuestos 2024 Cuentas Ayuntamiento: Cuentas 2023 Documento de instancias: Acceda a la Sede Electr\u00f3nica Documento domiciliacion bancaria: Kontua helbideratzeko eskaera Plan Urbanistico: PRESENTACION-PUM-AVANCE parte1\u00a0\u00a0PRESENTACION-PUM-AVANCE parte2 CAT\u00c1LOGO \u00a0 O.1.Calificaci\u00f3n O.2.Gesti\u00f3n O.3.Suelo Urbano O.4.\u00c1reas de riesgo Suelo Urbano Consolidado, nueva&hellip; <\/p>\n","protected":false},"author":1,"featured_media":0,"parent":297,"menu_order":38,"comment_status":"closed","ping_status":"closed","template":"","meta":{"_monsterinsights_skip_tracking":false,"_monsterinsights_sitenote_active":false,"_monsterinsights_sitenote_note":"","_monsterinsights_sitenote_category":0,"footnotes":""},"class_list":["post-29","page","type-page","status-publish","hentry"],"yoast_head":"<!-- This site is optimized with the Yoast SEO plugin v26.8 - https:\/\/yoast.com\/product\/yoast-seo-wordpress\/ -->\r\n<title>+ info. - Ayuntamiento de BETELU<\/title>\r\n<meta name=\"robots\" content=\"index, follow, max-snippet:-1, max-image-preview:large, max-video-preview:-1\" \/>\r\n<link rel=\"canonical\" href=\"http:\/\/www.betelu.eus\/udal-zerbitzuak\/sede-electronica\/\" \/>\r\n<meta property=\"og:locale\" content=\"es_ES\" \/>\r\n<meta property=\"og:type\" content=\"article\" \/>\r\n<meta property=\"og:title\" content=\"+ info. - Ayuntamiento de BETELU\" \/>\r\n<meta property=\"og:description\" content=\"Presupuestos Ayuntamiento: presupuestos 2024 Cuentas Ayuntamiento: Cuentas 2023 Documento de instancias: Acceda a la Sede Electr\u00f3nica Documento domiciliacion bancaria: Kontua helbideratzeko eskaera Plan Urbanistico: PRESENTACION-PUM-AVANCE parte1\u00a0\u00a0PRESENTACION-PUM-AVANCE parte2 CAT\u00c1LOGO \u00a0 O.1.Calificaci\u00f3n O.2.Gesti\u00f3n O.3.Suelo Urbano O.4.\u00c1reas de riesgo Suelo Urbano Consolidado, nueva&hellip;\" \/>\r\n<meta property=\"og:url\" content=\"http:\/\/www.betelu.eus\/udal-zerbitzuak\/sede-electronica\/\" \/>\r\n<meta property=\"og:site_name\" content=\"Ayuntamiento de BETELU\" \/>\r\n<meta property=\"article:modified_time\" content=\"2024-08-08T13:07:32+00:00\" \/>\r\n<meta name=\"twitter:card\" content=\"summary_large_image\" \/>\r\n<meta name=\"twitter:label1\" content=\"Tiempo de lectura\" \/>\n\t<meta name=\"twitter:data1\" content=\"1 minuto\" \/>\r\n<script type=\"application\/ld+json\" class=\"yoast-schema-graph\">{\"@context\":\"https:\/\/schema.org\",\"@graph\":[{\"@type\":\"WebPage\",\"@id\":\"http:\/\/www.betelu.eus\/udal-zerbitzuak\/sede-electronica\/\",\"url\":\"http:\/\/www.betelu.eus\/udal-zerbitzuak\/sede-electronica\/\",\"name\":\"+ info. - Ayuntamiento de BETELU\",\"isPartOf\":{\"@id\":\"http:\/\/www.betelu.eus\/#website\"},\"datePublished\":\"2014-10-30T09:08:23+00:00\",\"dateModified\":\"2024-08-08T13:07:32+00:00\",\"breadcrumb\":{\"@id\":\"http:\/\/www.betelu.eus\/udal-zerbitzuak\/sede-electronica\/#breadcrumb\"},\"inLanguage\":\"es\",\"potentialAction\":[{\"@type\":\"ReadAction\",\"target\":[\"http:\/\/www.betelu.eus\/udal-zerbitzuak\/sede-electronica\/\"]}]},{\"@type\":\"BreadcrumbList\",\"@id\":\"http:\/\/www.betelu.eus\/udal-zerbitzuak\/sede-electronica\/#breadcrumb\",\"itemListElement\":[{\"@type\":\"ListItem\",\"position\":1,\"name\":\"Portada\",\"item\":\"http:\/\/www.betelu.eus\/\"},{\"@type\":\"ListItem\",\"position\":2,\"name\":\"Servicios del ayuntamiento\",\"item\":\"http:\/\/www.betelu.eus\/es\/udal-zerbitzuak\/\"},{\"@type\":\"ListItem\",\"position\":3,\"name\":\"+ info.\"}]},{\"@type\":\"WebSite\",\"@id\":\"http:\/\/www.betelu.eus\/#website\",\"url\":\"http:\/\/www.betelu.eus\/\",\"name\":\"Ayuntamiento de BETELU\",\"description\":\"Web del Ayuntamiento de BETELU\",\"potentialAction\":[{\"@type\":\"SearchAction\",\"target\":{\"@type\":\"EntryPoint\",\"urlTemplate\":\"http:\/\/www.betelu.eus\/?s={search_term_string}\"},\"query-input\":{\"@type\":\"PropertyValueSpecification\",\"valueRequired\":true,\"valueName\":\"search_term_string\"}}],\"inLanguage\":\"es\"}]}<\/script>\r\n<!-- \/ Yoast SEO plugin. -->","yoast_head_json":{"title":"+ info. - Ayuntamiento de BETELU","robots":{"index":"index","follow":"follow","max-snippet":"max-snippet:-1","max-image-preview":"max-image-preview:large","max-video-preview":"max-video-preview:-1"},"canonical":"http:\/\/www.betelu.eus\/udal-zerbitzuak\/sede-electronica\/","og_locale":"es_ES","og_type":"article","og_title":"+ info. - Ayuntamiento de BETELU","og_description":"Presupuestos Ayuntamiento: presupuestos 2024 Cuentas Ayuntamiento: Cuentas 2023 Documento de instancias: Acceda a la Sede Electr\u00f3nica Documento domiciliacion bancaria: Kontua helbideratzeko eskaera Plan Urbanistico: PRESENTACION-PUM-AVANCE parte1\u00a0\u00a0PRESENTACION-PUM-AVANCE parte2 CAT\u00c1LOGO \u00a0 O.1.Calificaci\u00f3n O.2.Gesti\u00f3n O.3.Suelo Urbano O.4.\u00c1reas de riesgo Suelo Urbano Consolidado, nueva&hellip;","og_url":"http:\/\/www.betelu.eus\/udal-zerbitzuak\/sede-electronica\/","og_site_name":"Ayuntamiento de BETELU","article_modified_time":"2024-08-08T13:07:32+00:00","twitter_card":"summary_large_image","twitter_misc":{"Tiempo de lectura":"1 minuto"},"schema":{"@context":"https:\/\/schema.org","@graph":[{"@type":"WebPage","@id":"http:\/\/www.betelu.eus\/udal-zerbitzuak\/sede-electronica\/","url":"http:\/\/www.betelu.eus\/udal-zerbitzuak\/sede-electronica\/","name":"+ info. - Ayuntamiento de BETELU","isPartOf":{"@id":"http:\/\/www.betelu.eus\/#website"},"datePublished":"2014-10-30T09:08:23+00:00","dateModified":"2024-08-08T13:07:32+00:00","breadcrumb":{"@id":"http:\/\/www.betelu.eus\/udal-zerbitzuak\/sede-electronica\/#breadcrumb"},"inLanguage":"es","potentialAction":[{"@type":"ReadAction","target":["http:\/\/www.betelu.eus\/udal-zerbitzuak\/sede-electronica\/"]}]},{"@type":"BreadcrumbList","@id":"http:\/\/www.betelu.eus\/udal-zerbitzuak\/sede-electronica\/#breadcrumb","itemListElement":[{"@type":"ListItem","position":1,"name":"Portada","item":"http:\/\/www.betelu.eus\/"},{"@type":"ListItem","position":2,"name":"Servicios del ayuntamiento","item":"http:\/\/www.betelu.eus\/es\/udal-zerbitzuak\/"},{"@type":"ListItem","position":3,"name":"+ info."}]},{"@type":"WebSite","@id":"http:\/\/www.betelu.eus\/#website","url":"http:\/\/www.betelu.eus\/","name":"Ayuntamiento de BETELU","description":"Web del Ayuntamiento de BETELU","potentialAction":[{"@type":"SearchAction","target":{"@type":"EntryPoint","urlTemplate":"http:\/\/www.betelu.eus\/?s={search_term_string}"},"query-input":{"@type":"PropertyValueSpecification","valueRequired":true,"valueName":"search_term_string"}}],"inLanguage":"es"}]}},"_links":{"self":[{"href":"http:\/\/www.betelu.eus\/es\/wp-json\/wp\/v2\/pages\/29","targetHints":{"allow":["GET"]}}],"collection":[{"href":"http:\/\/www.betelu.eus\/es\/wp-json\/wp\/v2\/pages"}],"about":[{"href":"http:\/\/www.betelu.eus\/es\/wp-json\/wp\/v2\/types\/page"}],"author":[{"embeddable":true,"href":"http:\/\/www.betelu.eus\/es\/wp-json\/wp\/v2\/users\/1"}],"replies":[{"embeddable":true,"href":"http:\/\/www.betelu.eus\/es\/wp-json\/wp\/v2\/comments?post=29"}],"version-history":[{"count":5,"href":"http:\/\/www.betelu.eus\/es\/wp-json\/wp\/v2\/pages\/29\/revisions"}],"predecessor-version":[{"id":8383,"href":"http:\/\/www.betelu.eus\/es\/wp-json\/wp\/v2\/pages\/29\/revisions\/8383"}],"up":[{"embeddable":true,"href":"http:\/\/www.betelu.eus\/es\/wp-json\/wp\/v2\/pages\/297"}],"wp:attachment":[{"href":"http:\/\/www.betelu.eus\/es\/wp-json\/wp\/v2\/media?parent=29"}],"curies":[{"name":"wp","href":"https:\/\/api.w.org\/{rel}","templated":true}]}}