{"id":37,"date":"2014-10-30T10:41:03","date_gmt":"2014-10-30T10:41:03","guid":{"rendered":"http:\/\/www.betelu.eus\/?page_id=37"},"modified":"2018-07-30T09:47:15","modified_gmt":"2018-07-30T07:47:15","slug":"politica-de-cookies","status":"publish","type":"page","link":"http:\/\/www.betelu.eus\/es\/general\/politica-de-cookies\/","title":{"rendered":"Pol\u00edtica de cookies"},"content":{"rendered":"<p><\/p>\n<p style=\"text-align: justify;\">Nuestra entidad informa sobre el uso de las cookies que se realizan a trav\u00e9s de esta p\u00e1gina web.<\/p>\n<p style=\"text-align: justify;\">Las cookies son peque\u00f1os archivos o programas inform\u00e1ticos que se almacenan en el terminal (ordenador\/smartphone\/tablet) del usuario al acceder a determinadas p\u00e1ginas web y que se almacenan en la memoria del mismo. Estos archivos pueden facilitar la navegaci\u00f3n haciendo un seguimiento de los movimientos por el sitio, recordando el inicio de sesi\u00f3n, rellenando autom\u00e1ticamente formularios, recordando preferencias seleccionadas\u2026<\/p>\n<p style=\"text-align: justify;\">Estas caracter\u00edsticas pueden desvelar aspectos de la vida privada la persona que navega y es por ello importante que est\u00e9 adecuadamente informada y disponga de mecanismos que le permita preservar su privacidad.<\/p>\n<p style=\"text-align: justify;\">Tipos de cookies que utiliza este sitio web:<\/p>\n<p style=\"text-align: justify;\">Seg\u00fan la entidad que las gestione, las cookies se clasifican en dos grupos:<\/p>\n<ul style=\"text-align: justify;\">\n<li>Cookies propias: aquellas que se env\u00edan al equipo del usuario desde un equipo o dominio gestionado por el propio editor y desde el que se presta el servicio solicitado por el usuario.<\/li>\n<\/ul>\n<ul style=\"text-align: justify;\">\n<li>Cookies de tercero: aquellas que se env\u00edan al equipo del usuario desde un equipo o dominio que no es gestionado por el editor, sino por otra entidad que trata los datos obtenidos a trav\u00e9s de las cookies.<\/li>\n<\/ul>\n<p style=\"text-align: justify;\">Seg\u00fan el plazo de tiempo que permanecen almacenadas en el navegador del cliente, pueden tratarse de cookies de sesi\u00f3n o cookies permanentes:<\/p>\n<ul style=\"text-align: justify;\">\n<li>Cookies de sesi\u00f3n: son archivos de cookies temporales, que se borran cuando se cierra el navegador.<\/li>\n<\/ul>\n<ul style=\"text-align: justify;\">\n<li>Cookies permanentes: estos archivos permanece en una subcarpeta del navegador hasta que se eliminan manualmente o el navegador que se usa las elimina de acuerdo con el per\u00edodo de duraci\u00f3n establecido en el archivo.<\/li>\n<\/ul>\n<p style=\"text-align: justify;\">Seg\u00fan la finalidad para la que se traten los datos obtenidos:<\/p>\n<ul style=\"text-align: justify;\">\n<li>Cookies t\u00e9cnicas: Permiten al usuario la navegaci\u00f3n a trav\u00e9s de una p\u00e1gina web, plataforma o aplicaci\u00f3n y la utilizaci\u00f3n de las diferentes opciones o servicios existan , por ejemplo, controlar el tr\u00e1fico, identificar la sesi\u00f3n, utilizar elementos de seguridad durante la navegaci\u00f3n, almacenar contenidos para la difusi\u00f3n de videos o sonido o compartir contenido a trav\u00e9s de redes sociales.<\/li>\n<\/ul>\n<ul style=\"text-align: justify;\">\n<li>Cookies de personalizaci\u00f3n: Permiten al usuario acceder al servicio con algunas caracter\u00edsticas de car\u00e1cter general predefinidas en funci\u00f3n de una serie de criterios en el terminal del usuario como por ejemplo el idioma, el tipo de navegador.<\/li>\n<\/ul>\n<ul style=\"text-align: justify;\">\n<li>Cookies de an\u00e1lisis: Son aqu\u00e9llas que permiten al responsable de las mismas, el seguimiento y an\u00e1lisis del comportamiento de los usuarios de los sitios web a los que est\u00e1n vinculadas.<\/li>\n<\/ul>\n<ul style=\"text-align: justify;\">\n<li>Cookies publicitarias Son aqu\u00e9llas que permiten la gesti\u00f3n, de la forma m\u00e1s eficaz posible, de los espacios publicitarios que, en su caso, el editor haya incluido en una p\u00e1gina web, en base a criterios como el contenido editado o la frecuencia en la que se muestran los anuncios.<\/li>\n<\/ul>\n<ul style=\"text-align: justify;\">\n<li>Cookies de publicidad comportamental. Son aqu\u00e9llas que permiten la gesti\u00f3n, de la forma m\u00e1s eficaz posible, de los espacios publicitarios que, en su caso, el editor haya incluido en una p\u00e1gina web. Estas cookies almacenan informaci\u00f3n del comportamiento de los usuarios obtenida a trav\u00e9s de la observaci\u00f3n continuada de sus h\u00e1bitos de navegaci\u00f3n, lo que permite desarrollar un perfil espec\u00edfico para mostrar publicidad en funci\u00f3n del mismo.<\/li>\n<\/ul>\n<p style=\"text-align: justify;\">Para m\u00e1s informaci\u00f3n a este respecto puede consultar la Gu\u00eda sobre el uso de las cookies de la Agencia Espa\u00f1ola de Protecci\u00f3n de Datos Cookies utilizadas en esta p\u00e1gina web:<\/p>\n<ul style=\"text-align: justify;\">\n<li>qtrans_cookie_test: Cookies de uso interno necesaria para el funcionamiento de la web, ID de usuario y comprobaci\u00f3n del lenguaje predeterminado.<\/li>\n<\/ul>\n<ul style=\"text-align: justify;\">\n<li>w3tc_referrer: Cookie de terceros. El plugin de WordPress que almacena un identificador de sesi\u00f3n necesario para mejorar el rendimiento del sitio web. La cookie expira al final de la sesi\u00f3n.<\/li>\n<\/ul>\n<ul style=\"text-align: justify;\">\n<li>bp-activity-oldestpage: Cookies propias y cookies de sesi\u00f3n, para garantizar que los usuarios que escriban comentarios en el blog sean humanos y no aplicaciones automatizadas<\/li>\n<\/ul>\n<ul style=\"text-align: justify;\">\n<li>ASP_NET_SessionId: Cookie de sesi\u00f3n, establece una sesi\u00f3n de usuario y para transmitir datos de estado a trav\u00e9s de una cookie temporal.<\/li>\n<\/ul>\n<ul style=\"text-align: justify;\">\n<li>NID: Cookie de terceros, cookies de Google Maps para visualizar ubicaciones<\/li>\n<\/ul>\n<p style=\"text-align: justify;\">geogr\u00e1ficas. Estas cookies son gestionadas enteramente por Google.<\/p>\n<ul style=\"text-align: justify;\">\n<li>SID: Cookie de terceros, cookies de Google Maps para visualizar ubicaciones<\/li>\n<\/ul>\n<p style=\"text-align: justify;\">geogr\u00e1ficas. Estas cookies son gestionadas enteramente por Google.<\/p>\n<ul style=\"text-align: justify;\">\n<li>CID: Cookie de publicidad, se utiliza para ofrecer los anuncios m\u00e1s relevantes para el visitante. Tambi\u00e9n se utilizan para limitar el n\u00famero de veces que se visualiza cada uno de los anuncios, as\u00ed como para ayudarnos a medir la efectividad de nuestras campa\u00f1as publicitarias.<\/li>\n<\/ul>\n<ul style=\"text-align: justify;\">\n<li>__ar_v4. Cookie de publicidad, esta cookie se asocia con el servicio de publicidad de DoubleClick de Google. Ayuda con el seguimiento de las tasas de conversi\u00f3n de los anuncios.<\/li>\n<\/ul>\n<ul style=\"text-align: justify;\">\n<li>Esta p\u00e1gina utiliza Google Analytics, un servicio de anal\u00edtica web desarrollada por Google, que permite la medici\u00f3n y an\u00e1lisis de la navegaci\u00f3n en las p\u00e1ginas web. En su navegador podr\u00e1 observar 5 cookies de este servicio. Seg\u00fan la tipolog\u00eda anterior se trata de cookies de terceros, de sesi\u00f3n y de an\u00e1lisis. Puede encontrar m\u00e1s informaci\u00f3n al respecto e inhabilitar el uso de estas cookies www.google.es\/intl\/es\/analytics\/privacyoverview.html. Las cookies insertadas son:<\/li>\n<\/ul>\n<ul style=\"text-align: justify;\">\n<li>__utma<\/li>\n<\/ul>\n<ul style=\"text-align: justify;\">\n<li>__utmb<\/li>\n<li>__utmc<\/li>\n<li>__utmz<\/li>\n<\/ul>\n<ul style=\"text-align: justify;\">\n<li>wp-saving-post-16: Cookie de WordPress necesaria para el funcionamiento de la p\u00e1gina. Almacena informaci\u00f3n de los comentarios en los art\u00edculos.<\/li>\n<\/ul>\n<ul style=\"text-align: justify;\">\n<li>wp-saving-post-715: Cookie de WordPress necesaria para el funcionamiento de la p\u00e1gina. Almacena informaci\u00f3n de los comentarios en los art\u00edculos.<\/li>\n<\/ul>\n<ul style=\"text-align: justify;\">\n<li>wp-saving-post-115: Cookie de WordPress necesaria para el funcionamiento de la p\u00e1gina. Almacena informaci\u00f3n de los comentarios en los art\u00edculos.<\/li>\n<\/ul>\n<ul style=\"text-align: justify;\">\n<li>wp-saving-post-940: Cookie de WordPress necesaria para el funcionamiento de la p\u00e1gina. Almacena informaci\u00f3n de los comentarios en los art\u00edculos.<\/li>\n<\/ul>\n<ul style=\"text-align: justify;\">\n<li>wp-saving-post-837: Cookie de WordPress necesaria para el funcionamiento de la p\u00e1gina. Almacena informaci\u00f3n de los comentarios en los art\u00edculos.<\/li>\n<\/ul>\n<ul style=\"text-align: justify;\">\n<li>wp-saving-post-982: Cookie de WordPress necesaria para el funcionamiento de la p\u00e1gina. Almacena informaci\u00f3n de los comentarios en los art\u00edculos.<\/li>\n<\/ul>\n<ul style=\"text-align: justify;\">\n<li>Cookies desconocidas: _ctxpop; merimediait2014; id893_s; stu\u00f1e: adFB;<\/li>\n<\/ul>\n<p style=\"text-align: justify;\">mindsparktb_211827548;mindsparktbsupport_211827548;mindspark_extension_api_feat<\/p>\n<p style=\"text-align: justify;\">ures_211827548; mindsparktb_100000425; mindsparktbsupport_100000425<\/p>\n<p style=\"text-align: justify;\">Aceptaci\u00f3n de la pol\u00edtica de cookies:<\/p>\n<p style=\"text-align: justify;\">Ante la informaci\u00f3n que le estamos ofreciendo es posible llevar a cabo las siguientes acciones:<\/p>\n<ul style=\"text-align: justify;\">\n<li>Aceptar cookies: Se acepta el uso de cookies y no se volver\u00e1 a visualizar este aviso.<\/li>\n<\/ul>\n<ul style=\"text-align: justify;\">\n<li>Configuraci\u00f3n para desactivar las cookies: Se pone en su conocimiento que en cualquier momento podr\u00e1 elegir qu\u00e9 cookies quiere que funcionen en este sitio web mediante la configuraci\u00f3n de navegador a trav\u00e9s de los siguientes enlaces:<\/li>\n<\/ul>\n<ul style=\"text-align: justify;\">\n<li>Internet Explorer: windows.microsoft.com\/es-xl\/internet-explorer\/delete-managecookies#ie=\u00bbie-10\u201d<\/li>\n<\/ul>\n<ul style=\"text-align: justify;\">\n<li>FireFox: support.mozilla.org\/es\/kb\/Borrar%20cookies<\/li>\n<\/ul>\n<ul style=\"text-align: justify;\">\n<li>Chrome: support.google.com\/chrome\/answer\/95647?hl=\u00bbes\u00bb<\/li>\n<\/ul>\n<ul style=\"text-align: justify;\">\n<li>Safari: http:\/\/support.apple.com\/kb\/ph5042<\/li>\n<\/ul>\n<p style=\"text-align: justify;\">Tambi\u00e9n puede gestionar las cookies en su navegador a trav\u00e9s de las siguientes herramientas:<\/p>\n<ul style=\"text-align: justify;\">\n<li>Ghostery: http:\/\/www.ghostery.com<\/li>\n<\/ul>\n<ul style=\"text-align: justify;\">\n<li>Your online choices: http:\/\/www.youronlinechoices.com\/es<\/li>\n<\/ul>\n<p style=\"text-align: justify;\">\u00bfActualizamos nuestra Pol\u00edtica de Cookies?<\/p>\n<p style=\"text-align: justify;\">Es posible que actualicemos la Pol\u00edtica de Cookies de nuestro Sitio Web, por ello le recomendamos revisar esta pol\u00edtica cada vez que acceda a nuestro Sitio Web con el objetivo de estar adecuadamente informado sobre c\u00f3mo y para qu\u00e9 usamos las cookies.<\/p>\n<p style=\"text-align: justify;\">La Pol\u00edtica de Cookies se actualiz\u00f3 por \u00faltima vez a fecha [1 de abril de 2014].<\/p>\n<p><\/p>","protected":false},"excerpt":{"rendered":"<p>Nuestra entidad informa sobre el uso de las cookies que se realizan a trav\u00e9s de esta p\u00e1gina web. Las cookies son peque\u00f1os archivos o programas inform\u00e1ticos que se almacenan en el terminal (ordenador\/smartphone\/tablet) del usuario al acceder a determinadas p\u00e1ginas&hellip; <\/p>\n","protected":false},"author":1,"featured_media":0,"parent":35,"menu_order":4,"comment_status":"closed","ping_status":"closed","template":"","meta":{"_monsterinsights_skip_tracking":false,"_monsterinsights_sitenote_active":false,"_monsterinsights_sitenote_note":"","_monsterinsights_sitenote_category":0,"footnotes":""},"class_list":["post-37","page","type-page","status-publish","hentry"],"yoast_head":"<!-- This site is optimized with the Yoast SEO plugin v26.8 - https:\/\/yoast.com\/product\/yoast-seo-wordpress\/ -->\r\n<title>Pol\u00edtica de cookies - Ayuntamiento de BETELU<\/title>\r\n<meta name=\"robots\" content=\"index, follow, max-snippet:-1, max-image-preview:large, max-video-preview:-1\" \/>\r\n<link rel=\"canonical\" href=\"http:\/\/www.betelu.eus\/es\/general\/politica-de-cookies\/\" \/>\r\n<meta property=\"og:locale\" content=\"es_ES\" \/>\r\n<meta property=\"og:type\" content=\"article\" \/>\r\n<meta property=\"og:title\" content=\"[:es]Pol\u00edtica de cookies[:eu]Cookiei buruzko politika[:] - Ayuntamiento de BETELU\" \/>\r\n<meta property=\"og:description\" content=\"Nuestra entidad informa sobre el uso de las cookies que se realizan a trav\u00e9s de esta p\u00e1gina web. Las cookies son peque\u00f1os archivos o programas inform\u00e1ticos que se almacenan en el terminal (ordenador\/smartphone\/tablet) del usuario al acceder a determinadas p\u00e1ginas&hellip;\" \/>\r\n<meta property=\"og:url\" content=\"http:\/\/www.betelu.eus\/es\/general\/politica-de-cookies\/\" \/>\r\n<meta property=\"og:site_name\" content=\"Ayuntamiento de BETELU\" \/>\r\n<meta property=\"article:modified_time\" content=\"2018-07-30T07:47:15+00:00\" \/>\r\n<meta name=\"twitter:card\" content=\"summary_large_image\" \/>\r\n<meta name=\"twitter:label1\" content=\"Tiempo de lectura\" \/>\n\t<meta name=\"twitter:data1\" content=\"11 minutos\" \/>\r\n<script type=\"application\/ld+json\" class=\"yoast-schema-graph\">{\"@context\":\"https:\/\/schema.org\",\"@graph\":[{\"@type\":\"WebPage\",\"@id\":\"http:\/\/www.betelu.eus\/es\/general\/politica-de-cookies\/\",\"url\":\"http:\/\/www.betelu.eus\/es\/general\/politica-de-cookies\/\",\"name\":\"[:es]Pol\u00edtica de cookies[:eu]Cookiei buruzko politika[:] - Ayuntamiento de BETELU\",\"isPartOf\":{\"@id\":\"http:\/\/www.betelu.eus\/#website\"},\"datePublished\":\"2014-10-30T10:41:03+00:00\",\"dateModified\":\"2018-07-30T07:47:15+00:00\",\"breadcrumb\":{\"@id\":\"http:\/\/www.betelu.eus\/es\/general\/politica-de-cookies\/#breadcrumb\"},\"inLanguage\":\"es\",\"potentialAction\":[{\"@type\":\"ReadAction\",\"target\":[\"http:\/\/www.betelu.eus\/es\/general\/politica-de-cookies\/\"]}]},{\"@type\":\"BreadcrumbList\",\"@id\":\"http:\/\/www.betelu.eus\/es\/general\/politica-de-cookies\/#breadcrumb\",\"itemListElement\":[{\"@type\":\"ListItem\",\"position\":1,\"name\":\"Portada\",\"item\":\"http:\/\/www.betelu.eus\/\"},{\"@type\":\"ListItem\",\"position\":2,\"name\":\"Pol\u00edtica de cookies\"}]},{\"@type\":\"WebSite\",\"@id\":\"http:\/\/www.betelu.eus\/#website\",\"url\":\"http:\/\/www.betelu.eus\/\",\"name\":\"Ayuntamiento de BETELU\",\"description\":\"Web del Ayuntamiento de BETELU\",\"potentialAction\":[{\"@type\":\"SearchAction\",\"target\":{\"@type\":\"EntryPoint\",\"urlTemplate\":\"http:\/\/www.betelu.eus\/?s={search_term_string}\"},\"query-input\":{\"@type\":\"PropertyValueSpecification\",\"valueRequired\":true,\"valueName\":\"search_term_string\"}}],\"inLanguage\":\"es\"}]}<\/script>\r\n<!-- \/ Yoast SEO plugin. -->","yoast_head_json":{"title":"[:es]Pol\u00edtica de cookies[:eu]Cookiei buruzko politika[:] - Ayuntamiento de BETELU","robots":{"index":"index","follow":"follow","max-snippet":"max-snippet:-1","max-image-preview":"max-image-preview:large","max-video-preview":"max-video-preview:-1"},"canonical":"http:\/\/www.betelu.eus\/es\/general\/politica-de-cookies\/","og_locale":"es_ES","og_type":"article","og_title":"[:es]Pol\u00edtica de cookies[:eu]Cookiei buruzko politika[:] - Ayuntamiento de BETELU","og_description":"Nuestra entidad informa sobre el uso de las cookies que se realizan a trav\u00e9s de esta p\u00e1gina web. Las cookies son peque\u00f1os archivos o programas inform\u00e1ticos que se almacenan en el terminal (ordenador\/smartphone\/tablet) del usuario al acceder a determinadas p\u00e1ginas&hellip;","og_url":"http:\/\/www.betelu.eus\/es\/general\/politica-de-cookies\/","og_site_name":"Ayuntamiento de BETELU","article_modified_time":"2018-07-30T07:47:15+00:00","twitter_card":"summary_large_image","twitter_misc":{"Tiempo de lectura":"11 minutos"},"schema":{"@context":"https:\/\/schema.org","@graph":[{"@type":"WebPage","@id":"http:\/\/www.betelu.eus\/es\/general\/politica-de-cookies\/","url":"http:\/\/www.betelu.eus\/es\/general\/politica-de-cookies\/","name":"[:es]Pol\u00edtica de cookies[:eu]Cookiei buruzko politika[:] - Ayuntamiento de BETELU","isPartOf":{"@id":"http:\/\/www.betelu.eus\/#website"},"datePublished":"2014-10-30T10:41:03+00:00","dateModified":"2018-07-30T07:47:15+00:00","breadcrumb":{"@id":"http:\/\/www.betelu.eus\/es\/general\/politica-de-cookies\/#breadcrumb"},"inLanguage":"es","potentialAction":[{"@type":"ReadAction","target":["http:\/\/www.betelu.eus\/es\/general\/politica-de-cookies\/"]}]},{"@type":"BreadcrumbList","@id":"http:\/\/www.betelu.eus\/es\/general\/politica-de-cookies\/#breadcrumb","itemListElement":[{"@type":"ListItem","position":1,"name":"Portada","item":"http:\/\/www.betelu.eus\/"},{"@type":"ListItem","position":2,"name":"Pol\u00edtica de cookies"}]},{"@type":"WebSite","@id":"http:\/\/www.betelu.eus\/#website","url":"http:\/\/www.betelu.eus\/","name":"Ayuntamiento de BETELU","description":"Web del Ayuntamiento de BETELU","potentialAction":[{"@type":"SearchAction","target":{"@type":"EntryPoint","urlTemplate":"http:\/\/www.betelu.eus\/?s={search_term_string}"},"query-input":{"@type":"PropertyValueSpecification","valueRequired":true,"valueName":"search_term_string"}}],"inLanguage":"es"}]}},"_links":{"self":[{"href":"http:\/\/www.betelu.eus\/es\/wp-json\/wp\/v2\/pages\/37","targetHints":{"allow":["GET"]}}],"collection":[{"href":"http:\/\/www.betelu.eus\/es\/wp-json\/wp\/v2\/pages"}],"about":[{"href":"http:\/\/www.betelu.eus\/es\/wp-json\/wp\/v2\/types\/page"}],"author":[{"embeddable":true,"href":"http:\/\/www.betelu.eus\/es\/wp-json\/wp\/v2\/users\/1"}],"replies":[{"embeddable":true,"href":"http:\/\/www.betelu.eus\/es\/wp-json\/wp\/v2\/comments?post=37"}],"version-history":[{"count":1,"href":"http:\/\/www.betelu.eus\/es\/wp-json\/wp\/v2\/pages\/37\/revisions"}],"predecessor-version":[{"id":7310,"href":"http:\/\/www.betelu.eus\/es\/wp-json\/wp\/v2\/pages\/37\/revisions\/7310"}],"up":[{"embeddable":true,"href":"http:\/\/www.betelu.eus\/es\/wp-json\/wp\/v2\/pages\/35"}],"wp:attachment":[{"href":"http:\/\/www.betelu.eus\/es\/wp-json\/wp\/v2\/media?parent=37"}],"curies":[{"name":"wp","href":"https:\/\/api.w.org\/{rel}","templated":true}]}}