{"id":7284,"date":"2015-12-09T12:59:46","date_gmt":"2015-12-09T12:59:46","guid":{"rendered":"http:\/\/www.animsa.es\/?page_id=7284"},"modified":"2016-03-04T10:29:18","modified_gmt":"2016-03-04T09:29:18","slug":"procedimientos-de-contratacion","status":"publish","type":"page","link":"http:\/\/www.betelu.eus\/es\/general\/transparencia\/contrataciones-convenios-subvenciones-y-costes-de-los-servicios\/procedimientos-de-contratacion\/","title":{"rendered":"Procedimientos de contrataci\u00f3n"},"content":{"rendered":"<p><\/p>\n<ul>\n<li>Convocatorias, designaci\u00f3n y composici\u00f3n de las mesas de contrataci\u00f3n.<\/li>\n<li>Actas de las mesas de contrataci\u00f3n.<\/li>\n<\/ul>\n<p><\/p>","protected":false},"excerpt":{"rendered":"<p>Convocatorias, designaci\u00f3n y composici\u00f3n de las mesas de contrataci\u00f3n. Actas de las mesas de contrataci\u00f3n.<\/p>\n","protected":false},"author":1,"featured_media":0,"parent":7256,"menu_order":0,"comment_status":"closed","ping_status":"closed","template":"","meta":{"_monsterinsights_skip_tracking":false,"_monsterinsights_sitenote_active":false,"_monsterinsights_sitenote_note":"","_monsterinsights_sitenote_category":0,"footnotes":""},"class_list":["post-7284","page","type-page","status-publish","hentry"],"yoast_head":"<!-- This site is optimized with the Yoast SEO plugin v26.8 - https:\/\/yoast.com\/product\/yoast-seo-wordpress\/ -->\r\n<title>Procedimientos de contrataci\u00f3nKontratazio-prozedurak - Ayuntamiento de BETELU<\/title>\r\n<meta name=\"robots\" content=\"index, follow, max-snippet:-1, max-image-preview:large, max-video-preview:-1\" \/>\r\n<link rel=\"canonical\" href=\"http:\/\/www.betelu.eus\/general\/transparencia\/contrataciones-convenios-subvenciones-y-costes-de-los-servicios\/procedimientos-de-contratacion\/\" \/>\r\n<meta property=\"og:locale\" content=\"es_ES\" \/>\r\n<meta property=\"og:type\" content=\"article\" \/>\r\n<meta property=\"og:title\" content=\"Procedimientos de contrataci\u00f3nKontratazio-prozedurak - Ayuntamiento de BETELU\" \/>\r\n<meta property=\"og:description\" content=\"Convocatorias, designaci\u00f3n y composici\u00f3n de las mesas de contrataci\u00f3n. Actas de las mesas de contrataci\u00f3n.\" \/>\r\n<meta property=\"og:url\" content=\"http:\/\/www.betelu.eus\/general\/transparencia\/contrataciones-convenios-subvenciones-y-costes-de-los-servicios\/procedimientos-de-contratacion\/\" \/>\r\n<meta property=\"og:site_name\" content=\"Ayuntamiento de BETELU\" \/>\r\n<meta property=\"article:modified_time\" content=\"2016-03-04T09:29:18+00:00\" \/>\r\n<meta name=\"twitter:card\" content=\"summary_large_image\" \/>\r\n<script type=\"application\/ld+json\" class=\"yoast-schema-graph\">{\"@context\":\"https:\/\/schema.org\",\"@graph\":[{\"@type\":\"WebPage\",\"@id\":\"http:\/\/www.betelu.eus\/general\/transparencia\/contrataciones-convenios-subvenciones-y-costes-de-los-servicios\/procedimientos-de-contratacion\/\",\"url\":\"http:\/\/www.betelu.eus\/general\/transparencia\/contrataciones-convenios-subvenciones-y-costes-de-los-servicios\/procedimientos-de-contratacion\/\",\"name\":\"Procedimientos de contrataci\u00f3nKontratazio-prozedurak - Ayuntamiento de BETELU\",\"isPartOf\":{\"@id\":\"http:\/\/www.betelu.eus\/#website\"},\"datePublished\":\"2015-12-09T12:59:46+00:00\",\"dateModified\":\"2016-03-04T09:29:18+00:00\",\"breadcrumb\":{\"@id\":\"http:\/\/www.betelu.eus\/general\/transparencia\/contrataciones-convenios-subvenciones-y-costes-de-los-servicios\/procedimientos-de-contratacion\/#breadcrumb\"},\"inLanguage\":\"es\",\"potentialAction\":[{\"@type\":\"ReadAction\",\"target\":[\"http:\/\/www.betelu.eus\/general\/transparencia\/contrataciones-convenios-subvenciones-y-costes-de-los-servicios\/procedimientos-de-contratacion\/\"]}]},{\"@type\":\"BreadcrumbList\",\"@id\":\"http:\/\/www.betelu.eus\/general\/transparencia\/contrataciones-convenios-subvenciones-y-costes-de-los-servicios\/procedimientos-de-contratacion\/#breadcrumb\",\"itemListElement\":[{\"@type\":\"ListItem\",\"position\":1,\"name\":\"Portada\",\"item\":\"http:\/\/www.betelu.eus\/\"},{\"@type\":\"ListItem\",\"position\":2,\"name\":\"Gardentasun\",\"item\":\"http:\/\/www.betelu.eus\/general\/transparencia\/\"},{\"@type\":\"ListItem\",\"position\":3,\"name\":\"Kontratazioak, hitzarmenak, diru-laguntzak eta zerbitzuen kostuak\",\"item\":\"http:\/\/www.betelu.eus\/general\/transparencia\/contrataciones-convenios-subvenciones-y-costes-de-los-servicios\/\"},{\"@type\":\"ListItem\",\"position\":4,\"name\":\"Kontratazio-prozedurak\"}]},{\"@type\":\"WebSite\",\"@id\":\"http:\/\/www.betelu.eus\/#website\",\"url\":\"http:\/\/www.betelu.eus\/\",\"name\":\"Ayuntamiento de BETELU\",\"description\":\"Web del Ayuntamiento de BETELU\",\"potentialAction\":[{\"@type\":\"SearchAction\",\"target\":{\"@type\":\"EntryPoint\",\"urlTemplate\":\"http:\/\/www.betelu.eus\/?s={search_term_string}\"},\"query-input\":{\"@type\":\"PropertyValueSpecification\",\"valueRequired\":true,\"valueName\":\"search_term_string\"}}],\"inLanguage\":\"es\"}]}<\/script>\r\n<!-- \/ Yoast SEO plugin. -->","yoast_head_json":{"title":"Procedimientos de contrataci\u00f3nKontratazio-prozedurak - Ayuntamiento de BETELU","robots":{"index":"index","follow":"follow","max-snippet":"max-snippet:-1","max-image-preview":"max-image-preview:large","max-video-preview":"max-video-preview:-1"},"canonical":"http:\/\/www.betelu.eus\/general\/transparencia\/contrataciones-convenios-subvenciones-y-costes-de-los-servicios\/procedimientos-de-contratacion\/","og_locale":"es_ES","og_type":"article","og_title":"Procedimientos de contrataci\u00f3nKontratazio-prozedurak - Ayuntamiento de BETELU","og_description":"Convocatorias, designaci\u00f3n y composici\u00f3n de las mesas de contrataci\u00f3n. Actas de las mesas de contrataci\u00f3n.","og_url":"http:\/\/www.betelu.eus\/general\/transparencia\/contrataciones-convenios-subvenciones-y-costes-de-los-servicios\/procedimientos-de-contratacion\/","og_site_name":"Ayuntamiento de BETELU","article_modified_time":"2016-03-04T09:29:18+00:00","twitter_card":"summary_large_image","schema":{"@context":"https:\/\/schema.org","@graph":[{"@type":"WebPage","@id":"http:\/\/www.betelu.eus\/general\/transparencia\/contrataciones-convenios-subvenciones-y-costes-de-los-servicios\/procedimientos-de-contratacion\/","url":"http:\/\/www.betelu.eus\/general\/transparencia\/contrataciones-convenios-subvenciones-y-costes-de-los-servicios\/procedimientos-de-contratacion\/","name":"Procedimientos de contrataci\u00f3nKontratazio-prozedurak - Ayuntamiento de BETELU","isPartOf":{"@id":"http:\/\/www.betelu.eus\/#website"},"datePublished":"2015-12-09T12:59:46+00:00","dateModified":"2016-03-04T09:29:18+00:00","breadcrumb":{"@id":"http:\/\/www.betelu.eus\/general\/transparencia\/contrataciones-convenios-subvenciones-y-costes-de-los-servicios\/procedimientos-de-contratacion\/#breadcrumb"},"inLanguage":"es","potentialAction":[{"@type":"ReadAction","target":["http:\/\/www.betelu.eus\/general\/transparencia\/contrataciones-convenios-subvenciones-y-costes-de-los-servicios\/procedimientos-de-contratacion\/"]}]},{"@type":"BreadcrumbList","@id":"http:\/\/www.betelu.eus\/general\/transparencia\/contrataciones-convenios-subvenciones-y-costes-de-los-servicios\/procedimientos-de-contratacion\/#breadcrumb","itemListElement":[{"@type":"ListItem","position":1,"name":"Portada","item":"http:\/\/www.betelu.eus\/"},{"@type":"ListItem","position":2,"name":"Gardentasun","item":"http:\/\/www.betelu.eus\/general\/transparencia\/"},{"@type":"ListItem","position":3,"name":"Kontratazioak, hitzarmenak, diru-laguntzak eta zerbitzuen kostuak","item":"http:\/\/www.betelu.eus\/general\/transparencia\/contrataciones-convenios-subvenciones-y-costes-de-los-servicios\/"},{"@type":"ListItem","position":4,"name":"Kontratazio-prozedurak"}]},{"@type":"WebSite","@id":"http:\/\/www.betelu.eus\/#website","url":"http:\/\/www.betelu.eus\/","name":"Ayuntamiento de BETELU","description":"Web del Ayuntamiento de BETELU","potentialAction":[{"@type":"SearchAction","target":{"@type":"EntryPoint","urlTemplate":"http:\/\/www.betelu.eus\/?s={search_term_string}"},"query-input":{"@type":"PropertyValueSpecification","valueRequired":true,"valueName":"search_term_string"}}],"inLanguage":"es"}]}},"_links":{"self":[{"href":"http:\/\/www.betelu.eus\/es\/wp-json\/wp\/v2\/pages\/7284","targetHints":{"allow":["GET"]}}],"collection":[{"href":"http:\/\/www.betelu.eus\/es\/wp-json\/wp\/v2\/pages"}],"about":[{"href":"http:\/\/www.betelu.eus\/es\/wp-json\/wp\/v2\/types\/page"}],"author":[{"embeddable":true,"href":"http:\/\/www.betelu.eus\/es\/wp-json\/wp\/v2\/users\/1"}],"replies":[{"embeddable":true,"href":"http:\/\/www.betelu.eus\/es\/wp-json\/wp\/v2\/comments?post=7284"}],"version-history":[{"count":0,"href":"http:\/\/www.betelu.eus\/es\/wp-json\/wp\/v2\/pages\/7284\/revisions"}],"up":[{"embeddable":true,"href":"http:\/\/www.betelu.eus\/es\/wp-json\/wp\/v2\/pages\/7256"}],"wp:attachment":[{"href":"http:\/\/www.betelu.eus\/es\/wp-json\/wp\/v2\/media?parent=7284"}],"curies":[{"name":"wp","href":"https:\/\/api.w.org\/{rel}","templated":true}]}}