{"id":7987,"date":"2022-11-10T11:45:41","date_gmt":"2022-11-10T10:45:41","guid":{"rendered":"http:\/\/www.betelu.eus\/aldi-baterako-enplegua-egonkortzeko-eta-finkatzeko-ezohiko-prozesua\/"},"modified":"2023-09-18T16:45:50","modified_gmt":"2023-09-18T14:45:50","slug":"aldi-baterako-enplegua-egonkortzeko-eta-finkatzeko-ezohiko-prozesua","status":"publish","type":"page","link":"http:\/\/www.betelu.eus\/es\/aldi-baterako-enplegua-egonkortzeko-eta-finkatzeko-ezohiko-prozesua\/","title":{"rendered":"Procesos de estabilizaci\u00f3n"},"content":{"rendered":"<p>Resoluci\u00f3n de alcald\u00eda-presidencia, por la que se aprueba la convocatoria para la provisi\u00f3n, mediante concurso de m\u00e9ritos, de vacantes de puestos correspondientes al proceso extraordinario de estabilizaci\u00f3n y consolidaci\u00f3n de empleo temporal, seg\u00fan lo dispuesto en la Ley 20\/2021, de 28 de diciembre, de medidas urgentes para la reducci\u00f3n de la temporalidad en el empleo p\u00fablico<\/p>\n<p>&nbsp;<\/p>\n<p>Las bases de la convocatoria:<\/p>\n<p><a href=\"https:\/\/bon.navarra.es\/es\/anuncio\/-\/texto\/2022\/231\/8\">Anuncio &#8211; Bolet\u00edn Oficial de Navarra<\/a><\/p>\n<p><strong>RESOLUCI\u00d3N DE ALCALD\u00cdA 93\/2022 DE 20 DE DICIEMBRE DE 2022: NOMBRAMIENTO DEL TRIBUNAL CALIFICADOR<\/strong><\/p>\n<p><a href=\"http:\/\/www.betelu.eus\/wp-content\/uploads\/sites\/140\/2022\/12\/SKMBT_42322122716161.pdf\" class=\"mtli_attachment mtli_pdf\">SKMBT_42322122716161<\/a><\/p>\n<p><strong>LISTA DEFINITIVA DE PERSONAS ADMITIDAS<\/strong><\/p>\n<p><a href=\"http:\/\/www.betelu.eus\/wp-content\/uploads\/sites\/140\/2023\/01\/EBAZPENA-BEHIN-BETIKO-ZERRENDA-1.pdf\" class=\"mtli_attachment mtli_pdf\">EBAZPENA BEHIN BETIKO ZERRENDA<\/a><\/p>\n<p><strong>RENOVACI\u00d3N DEL TRIBUNAL CALIFICADOR POR CAMBIO CARGOS P\u00daBLICOS<\/strong><\/p>\n<p><a href=\"http:\/\/www.betelu.eus\/wp-content\/uploads\/sites\/140\/2023\/08\/60-2023-EBAZPENA-EPAIMAHAIAREN-ALDAKETA.pdf\" class=\"mtli_attachment mtli_pdf\">60-2023 EBAZPENA EPAIMAHAIAREN ALDAKETA<\/a><\/p>\n<p><strong>VALORACI\u00d3N PROVISIONAL DE M\u00c9RITOS. (Las alegaciones se pueden presentar desde el 24 de agosto de 2023 hasta el 31 de agosto de 2023)<\/strong><\/p>\n<p><a href=\"http:\/\/www.betelu.eus\/wp-content\/uploads\/sites\/140\/2023\/08\/behin-behineko-balorazioaren-akta.pdf\" class=\"mtli_attachment mtli_pdf\">behin behineko balorazioaren akta<\/a><\/p>\n<p><strong>VALORACI\u00d3N DEFINITIVA DE M\u00c9RITOS Y PROPOSICI\u00d3N DE NOMBRAMIENTO ( La persona propuesta deber\u00e1 presentar hasta el d\u00eda 3 de octubre de 2023 la documentaci\u00f3n prevista la base 9.2)<\/strong><\/p>\n<p><a href=\"http:\/\/www.betelu.eus\/wp-content\/uploads\/sites\/140\/2023\/09\/izendapen-proposamena-1.pdf\" class=\"mtli_attachment mtli_pdf\">izendapen proposamena<\/a><\/p>","protected":false},"excerpt":{"rendered":"<p>Resoluci\u00f3n de alcald\u00eda-presidencia, por la que se aprueba la convocatoria para la provisi\u00f3n, mediante concurso de m\u00e9ritos, de vacantes de puestos correspondientes al proceso extraordinario de estabilizaci\u00f3n y consolidaci\u00f3n de empleo temporal, seg\u00fan lo dispuesto en la Ley 20\/2021, de&hellip; <\/p>\n","protected":false},"author":10586,"featured_media":0,"parent":0,"menu_order":0,"comment_status":"closed","ping_status":"closed","template":"","meta":{"_monsterinsights_skip_tracking":false,"_monsterinsights_sitenote_active":false,"_monsterinsights_sitenote_note":"","_monsterinsights_sitenote_category":0,"footnotes":""},"class_list":["post-7987","page","type-page","status-publish","hentry"],"yoast_head":"<!-- This site is optimized with the Yoast SEO plugin v26.8 - https:\/\/yoast.com\/product\/yoast-seo-wordpress\/ -->\r\n<title>Procesos de estabilizaci\u00f3n - Ayuntamiento de BETELU<\/title>\r\n<meta name=\"robots\" content=\"index, follow, max-snippet:-1, max-image-preview:large, max-video-preview:-1\" \/>\r\n<link rel=\"canonical\" href=\"http:\/\/www.betelu.eus\/aldi-baterako-enplegua-egonkortzeko-eta-finkatzeko-ezohiko-prozesua\/\" \/>\r\n<meta property=\"og:locale\" content=\"es_ES\" \/>\r\n<meta property=\"og:type\" content=\"article\" \/>\r\n<meta property=\"og:title\" content=\"[:es]Procesos de estabilizaci\u00f3n[:eu]Estabilizazio prozesua[:] - Ayuntamiento de BETELU\" \/>\r\n<meta property=\"og:description\" content=\"Resoluci\u00f3n de alcald\u00eda-presidencia, por la que se aprueba la convocatoria para la provisi\u00f3n, mediante concurso de m\u00e9ritos, de vacantes de puestos correspondientes al proceso extraordinario de estabilizaci\u00f3n y consolidaci\u00f3n de empleo temporal, seg\u00fan lo dispuesto en la Ley 20\/2021, de&hellip;\" \/>\r\n<meta property=\"og:url\" content=\"http:\/\/www.betelu.eus\/aldi-baterako-enplegua-egonkortzeko-eta-finkatzeko-ezohiko-prozesua\/\" \/>\r\n<meta property=\"og:site_name\" content=\"Ayuntamiento de BETELU\" \/>\r\n<meta property=\"article:modified_time\" content=\"2023-09-18T14:45:50+00:00\" \/>\r\n<meta name=\"twitter:card\" content=\"summary_large_image\" \/>\r\n<meta name=\"twitter:label1\" content=\"Tiempo de lectura\" \/>\n\t<meta name=\"twitter:data1\" content=\"1 minuto\" \/>\r\n<script type=\"application\/ld+json\" class=\"yoast-schema-graph\">{\"@context\":\"https:\/\/schema.org\",\"@graph\":[{\"@type\":\"WebPage\",\"@id\":\"http:\/\/www.betelu.eus\/aldi-baterako-enplegua-egonkortzeko-eta-finkatzeko-ezohiko-prozesua\/\",\"url\":\"http:\/\/www.betelu.eus\/aldi-baterako-enplegua-egonkortzeko-eta-finkatzeko-ezohiko-prozesua\/\",\"name\":\"[:es]Procesos de estabilizaci\u00f3n[:eu]Estabilizazio prozesua[:] - Ayuntamiento de BETELU\",\"isPartOf\":{\"@id\":\"http:\/\/www.betelu.eus\/#website\"},\"datePublished\":\"2022-11-10T10:45:41+00:00\",\"dateModified\":\"2023-09-18T14:45:50+00:00\",\"breadcrumb\":{\"@id\":\"http:\/\/www.betelu.eus\/aldi-baterako-enplegua-egonkortzeko-eta-finkatzeko-ezohiko-prozesua\/#breadcrumb\"},\"inLanguage\":\"es\",\"potentialAction\":[{\"@type\":\"ReadAction\",\"target\":[\"http:\/\/www.betelu.eus\/aldi-baterako-enplegua-egonkortzeko-eta-finkatzeko-ezohiko-prozesua\/\"]}]},{\"@type\":\"BreadcrumbList\",\"@id\":\"http:\/\/www.betelu.eus\/aldi-baterako-enplegua-egonkortzeko-eta-finkatzeko-ezohiko-prozesua\/#breadcrumb\",\"itemListElement\":[{\"@type\":\"ListItem\",\"position\":1,\"name\":\"Portada\",\"item\":\"http:\/\/www.betelu.eus\/\"},{\"@type\":\"ListItem\",\"position\":2,\"name\":\"Estabilizazio prozesua\"}]},{\"@type\":\"WebSite\",\"@id\":\"http:\/\/www.betelu.eus\/#website\",\"url\":\"http:\/\/www.betelu.eus\/\",\"name\":\"Ayuntamiento de BETELU\",\"description\":\"Web del Ayuntamiento de BETELU\",\"potentialAction\":[{\"@type\":\"SearchAction\",\"target\":{\"@type\":\"EntryPoint\",\"urlTemplate\":\"http:\/\/www.betelu.eus\/?s={search_term_string}\"},\"query-input\":{\"@type\":\"PropertyValueSpecification\",\"valueRequired\":true,\"valueName\":\"search_term_string\"}}],\"inLanguage\":\"es\"}]}<\/script>\r\n<!-- \/ Yoast SEO plugin. -->","yoast_head_json":{"title":"[:es]Procesos de estabilizaci\u00f3n[:eu]Estabilizazio prozesua[:] - Ayuntamiento de BETELU","robots":{"index":"index","follow":"follow","max-snippet":"max-snippet:-1","max-image-preview":"max-image-preview:large","max-video-preview":"max-video-preview:-1"},"canonical":"http:\/\/www.betelu.eus\/aldi-baterako-enplegua-egonkortzeko-eta-finkatzeko-ezohiko-prozesua\/","og_locale":"es_ES","og_type":"article","og_title":"[:es]Procesos de estabilizaci\u00f3n[:eu]Estabilizazio prozesua[:] - Ayuntamiento de BETELU","og_description":"Resoluci\u00f3n de alcald\u00eda-presidencia, por la que se aprueba la convocatoria para la provisi\u00f3n, mediante concurso de m\u00e9ritos, de vacantes de puestos correspondientes al proceso extraordinario de estabilizaci\u00f3n y consolidaci\u00f3n de empleo temporal, seg\u00fan lo dispuesto en la Ley 20\/2021, de&hellip;","og_url":"http:\/\/www.betelu.eus\/aldi-baterako-enplegua-egonkortzeko-eta-finkatzeko-ezohiko-prozesua\/","og_site_name":"Ayuntamiento de BETELU","article_modified_time":"2023-09-18T14:45:50+00:00","twitter_card":"summary_large_image","twitter_misc":{"Tiempo de lectura":"1 minuto"},"schema":{"@context":"https:\/\/schema.org","@graph":[{"@type":"WebPage","@id":"http:\/\/www.betelu.eus\/aldi-baterako-enplegua-egonkortzeko-eta-finkatzeko-ezohiko-prozesua\/","url":"http:\/\/www.betelu.eus\/aldi-baterako-enplegua-egonkortzeko-eta-finkatzeko-ezohiko-prozesua\/","name":"[:es]Procesos de estabilizaci\u00f3n[:eu]Estabilizazio prozesua[:] - Ayuntamiento de BETELU","isPartOf":{"@id":"http:\/\/www.betelu.eus\/#website"},"datePublished":"2022-11-10T10:45:41+00:00","dateModified":"2023-09-18T14:45:50+00:00","breadcrumb":{"@id":"http:\/\/www.betelu.eus\/aldi-baterako-enplegua-egonkortzeko-eta-finkatzeko-ezohiko-prozesua\/#breadcrumb"},"inLanguage":"es","potentialAction":[{"@type":"ReadAction","target":["http:\/\/www.betelu.eus\/aldi-baterako-enplegua-egonkortzeko-eta-finkatzeko-ezohiko-prozesua\/"]}]},{"@type":"BreadcrumbList","@id":"http:\/\/www.betelu.eus\/aldi-baterako-enplegua-egonkortzeko-eta-finkatzeko-ezohiko-prozesua\/#breadcrumb","itemListElement":[{"@type":"ListItem","position":1,"name":"Portada","item":"http:\/\/www.betelu.eus\/"},{"@type":"ListItem","position":2,"name":"Estabilizazio prozesua"}]},{"@type":"WebSite","@id":"http:\/\/www.betelu.eus\/#website","url":"http:\/\/www.betelu.eus\/","name":"Ayuntamiento de BETELU","description":"Web del Ayuntamiento de BETELU","potentialAction":[{"@type":"SearchAction","target":{"@type":"EntryPoint","urlTemplate":"http:\/\/www.betelu.eus\/?s={search_term_string}"},"query-input":{"@type":"PropertyValueSpecification","valueRequired":true,"valueName":"search_term_string"}}],"inLanguage":"es"}]}},"_links":{"self":[{"href":"http:\/\/www.betelu.eus\/es\/wp-json\/wp\/v2\/pages\/7987","targetHints":{"allow":["GET"]}}],"collection":[{"href":"http:\/\/www.betelu.eus\/es\/wp-json\/wp\/v2\/pages"}],"about":[{"href":"http:\/\/www.betelu.eus\/es\/wp-json\/wp\/v2\/types\/page"}],"author":[{"embeddable":true,"href":"http:\/\/www.betelu.eus\/es\/wp-json\/wp\/v2\/users\/10586"}],"replies":[{"embeddable":true,"href":"http:\/\/www.betelu.eus\/es\/wp-json\/wp\/v2\/comments?post=7987"}],"version-history":[{"count":9,"href":"http:\/\/www.betelu.eus\/es\/wp-json\/wp\/v2\/pages\/7987\/revisions"}],"predecessor-version":[{"id":8156,"href":"http:\/\/www.betelu.eus\/es\/wp-json\/wp\/v2\/pages\/7987\/revisions\/8156"}],"wp:attachment":[{"href":"http:\/\/www.betelu.eus\/es\/wp-json\/wp\/v2\/media?parent=7987"}],"curies":[{"name":"wp","href":"https:\/\/api.w.org\/{rel}","templated":true}]}}