{"id":8072,"date":"2023-08-18T13:05:47","date_gmt":"2023-08-18T11:05:47","guid":{"rendered":"http:\/\/www.betelu.eus\/?page_id=8072"},"modified":"2023-12-14T08:35:58","modified_gmt":"2023-12-14T07:35:58","slug":"castellano-politica-de-privacidad","status":"publish","type":"page","link":"http:\/\/www.betelu.eus\/es\/general\/castellano-politica-de-privacidad\/","title":{"rendered":"Pol\u00edtica de privacidad"},"content":{"rendered":"<p>El Ayuntamiento de Betelu (en adelante<br \/>\n<strong>Ayuntamiento<\/strong>) ha elaborado esta pol\u00edtica\u00a0 de privacidad con el fin de proporcionar a todas las personas interesadas la m\u00e1s amplia informaci\u00f3n sobre los tratamientos de datos personales que realiza.<\/p>\n<p>Si cualquier persona que acceda a esta informaci\u00f3n no la comprende puede contactar con el Delegado de Protecci\u00f3n de Datos de la entidad<br \/>\n<a href=\"mailto:dbo@betelu.eus\">dbo@betelu.eus<\/a> \u00a0quien le podr\u00e1 aclarar las cuestiones relativas al tratamiento de sus datos personales.<\/p>\n<p><span style=\"font-size: 14px;\">Es recomendable que la persona usuaria, antes de facilitar sus datos personales en cualquiera de los formularios Web o en aquellos que est\u00e1n disponibles f\u00edsicamente en las oficinas del Ayuntamiento \u00a0\u00a0lea atentamente la Informaci\u00f3n B\u00e1sica\u00a0 que se indica de forma resumida en los mismos. La persona usuaria siempre puede\u00a0 ampliar la informaci\u00f3n acudiendo a la\u00a0 presente pol\u00edtica de privacidad.\u00a0\u00a0<\/span><\/p>\n<div class=\"bloque class-col-xs-12\"><a href=\"#quien-es\" class=\"bloque-tab\">\u00bfQui\u00e9n es el responsable del tratamiento? <\/a><div class=\"contenido-bloque\" id=\"quien-es\" style=\"display: none;\"><\/p>\n<p>El responsable del tratamiento de los datos personales es el Ayuntamiento de Betelu con domicilio en C\/ Antigua, 5, 31890 Betelu \u00a0(Navarra).<\/p>\n<p><strong>Tel\u00e9fono: <\/strong>948 51 30 11<\/p>\n<p><strong>Direcci\u00f3n de contacto<\/strong>: <a style=\"font-size: 14px;\" href=\"mailto:dbo@betelu.eus\">dbo@betelu.eus<\/a><\/p>\n<p><\/div><\/div>\n<div class=\"bloque class-col-xs-12\"><a href=\"#finalidad\" class=\"bloque-tab\">\u00bfCon qu\u00e9 finalidad se tratan sus datos? <\/a><div class=\"contenido-bloque\" id=\"finalidad\" style=\"display: none;\"><\/p>\n<p>El Ayuntamiento trata los datos personales con distintas finalidades que se corresponden con cada una de las actividades de tratamiento que realiza y que est\u00e1n accesibles en el apartado PROTECCI\u00d3N DE DATOS, REGISTRO DE ACTIVIDADES DE TRATAMIENTO. Por cada actividad, se identifica la finalidad del tratamiento.<\/p>\n<p>Los tratamientos de datos personales que se recaban a trav\u00e9s del formulario Web tienen por finalidad atender las solicitudes, sugerencias, dudas de las personas interesadas y poder contactar con ellas para ofrecerles informaci\u00f3n m\u00e1s detallada relacionada con las mismas.<\/p>\n<p><\/div><\/div>\n<div class=\"bloque class-col-xs-12\"><a href=\"#base-legitima\" class=\"bloque-tab\">\u00bfCu\u00e1l es la base que legitima el tratamiento de datos?<\/a><div class=\"contenido-bloque\" id=\"base-legitima\" style=\"display: none;\"><\/p>\n<p>El tratamiento de los datos se realiza para el cumplimiento de obligaciones legales, para el cumplimiento de misiones realizadas en inter\u00e9s p\u00fablico o en el ejercicio de poderes p\u00fablicos, para la ejecuci\u00f3n de un contrato o con base en el consentimiento, en cuyo caso habr\u00e1 de ser prestado mediante una clara acci\u00f3n afirmativa.<\/p>\n<p>Puede consultar la base legal para cada una de las actividades de tratamiento que lleva a cabo el Ayuntamiento en el registro de actividades de tratamiento que est\u00e1 disponible en el apartado PROTECCI\u00d3N DE DATOS.<\/p>\n<p><\/div><\/div>\n<div class=\"bloque class-col-xs-12\"><a href=\"#tiempo-datos\" class=\"bloque-tab\">\u00bfCu\u00e1nto tiempo conserva los datos el ayuntamiento? <\/a><div class=\"contenido-bloque\" id=\"tiempo-datos\" style=\"display: none;\"><\/p>\n<p>Con car\u00e1cter general los datos personales proporcionados se conservar\u00e1n durante el tiempo necesario para cumplir con la finalidad para la que se recaban y para determinar las posibles responsabilidades que se pudieran derivar de dicha finalidad y del tratamiento de datos. No obstante, el Ayuntamiento se someter\u00e1 a la normativa foral sobre archivos y documentaci\u00f3n.<\/p>\n<p>Puede consultarse el criterio de conservaci\u00f3n que afecta a cada tratamiento en el registro de actividades de tratamiento que est\u00e1 disponible en el apartado PROTECCI\u00d3N DE DATOS.<\/p>\n<p><\/div><\/div>\n<div class=\"bloque class-col-xs-12\"><a href=\"#comunicacion\" class=\"bloque-tab\">\u00bfA qui\u00e9n se comunican los datos personales? <\/a><div class=\"contenido-bloque\" id=\"comunicacion\" style=\"display: none;\"><\/p>\n<p>Con car\u00e1cter general los datos solo se comunican si existe obligaci\u00f3n legal, pero pueden darse otras comunicaciones de datos basadas en otros supuestos de tratamiento leg\u00edtimo. Puede consultar las personas destinatarias para cada una de las actividades de tratamiento que lleva a cabo el Ayuntamiento \u00a0\u00a0en el registro de actividades de tratamiento que est\u00e1 disponible en el apartado PROTECCI\u00d3N DE DATOS.<\/p>\n<p>Tambi\u00e9n tendr\u00e1n acceso a los datos personales aquellas entidades o personas con los que <strong>el<br \/>\nAyuntamiento<\/strong> contrate alg\u00fan servicio que implique el tratamiento de datos. En estos casos el acceso se realizar\u00e1 con base en un contrato que incluir\u00e1 todas las garant\u00edas de conformidad con lo dispuesto en el art. 28 del Reglamento General de Protecci\u00f3n de Datos.<\/p>\n<p><\/div><\/div>\n<div class=\"bloque class-col-xs-12\"><a href=\"#origen-datos\" class=\"bloque-tab\">\u00bfCu\u00e1l es el origen de los datos?<\/a><div class=\"contenido-bloque\" id=\"origen-datos\" style=\"display: none;\"><\/p>\n<p>Con car\u00e1cter general los datos que trata el Ayuntamiento se obtienen de la propia persona interesada no obstante se puede consultar el registro de actividades de tratamiento en el que se especifican los tratamientos de datos con otros or\u00edgenes distintos a la persona interesada.<\/p>\n<p><\/div><\/div>\n<div class=\"bloque class-col-xs-12\"><a href=\"#delegado-lopd\" class=\"bloque-tab\">\u00bfQui\u00e9n es el delegado de protecci\u00f3n de datos?<\/a><div class=\"contenido-bloque\" id=\"delegado-lopd\" style=\"display: none;\"><\/p>\n<p>El Delegado de Protecci\u00f3n de Datos (DPD) es la persona f\u00edsica o jur\u00eddica que de forma independiente supervisa el cumplimiento de la normativa, asesora al responsable en relaci\u00f3n con la protecci\u00f3n de datos personales y garantiza el respeto de este derecho fundamental.\u00a0 El DPD no recibe instrucciones en lo que respecta al desempe\u00f1o de sus funciones y est\u00e1 obligado a mantener el secreto o la confidencialidad.<\/p>\n<p><strong>El<br \/>\nAyuntamiento<\/strong> ha designado un Delegado de Protecci\u00f3n de Datos. Cualquier persona puede ponerse en contacto con \u00e9l para resolver dudas sobre los tratamientos de datos o para ejercer los derechos que le asisten o para hacer cualquier sugerencia o reclamaci\u00f3n en esta materia. Esta reclamaci\u00f3n puede hacerla la persona afectada con car\u00e1cter previo a la presentaci\u00f3n de la misma ante la Agencia Espa\u00f1ola de Protecci\u00f3n de datos. En este caso el DPD comunicar\u00e1 a la persona afectada la decisi\u00f3n que se hubiera adoptado sobre su reclamaci\u00f3n en el plazo de dos meses.<\/p>\n<p>La forma de contactar con el delegado es v\u00eda electr\u00f3nica <a href=\"mailto:dbo@betelu.eus\">dbo@betelu.eus<\/a> \u00a0o postal en la direcci\u00f3n del Ayuntamiento indicada al inicio de esta pol\u00edtica (a la atenci\u00f3n del Delegado de Protecci\u00f3n de Datos).<\/p>\n<p><\/div><\/div>\n<div class=\"bloque class-col-xs-12\"><a href=\"#que-derechos\" class=\"bloque-tab\">\u00bfQu\u00e9 derechos tienen los interesados?<\/a><div class=\"contenido-bloque\" id=\"que-derechos\" style=\"display: none;\"><\/p>\n<p>Las personas interesadas pueden ejercer los siguientes derechos:<\/p>\n<p>&nbsp;<\/p>\n<table>\n<tbody>\n<tr>\n<th scope=\"row\"><strong>Derecho de acceso<\/strong><\/th>\n<td>Derecho a obtener informaci\u00f3n sobre:<\/p>\n<ul>\n<li>si sus datos se est\u00e1n tratando o no por el Ayuntamiento<\/li>\n<li>en su caso, la finalidad para la cual se tratan, las categor\u00edas de datos que se tratan, las personas<br \/>\ndestinatarias de sus datos, el plazo de conservaci\u00f3n, el origen de los datos y la posible existencia<br \/>\nde decisiones automatizadas, incluida la elaboraci\u00f3n de perfiles.<\/li>\n<\/ul>\n<\/td>\n<\/tr>\n<tr>\n<th scope=\"row\"><strong>Derecho de rectificaci\u00f3n<\/strong><\/th>\n<td>Derecho a obtener la rectificaci\u00f3n de los datos personales inexactos o incompletos.<\/td>\n<\/tr>\n<tr>\n<th scope=\"row\"><strong>Derecho de supresi\u00f3n<\/strong><\/th>\n<td>Derecho a obtener la supresi\u00f3n de sus datos cuando se den alguna de estas circunstancias:<\/p>\n<ul>\n<li>Que los datos ya no sean necesarios para los fines para los cuales se recogieron.<\/li>\n<li>Que la persona interesada retire el consentimiento.<\/li>\n<li>Que la persona interesada se oponga al tratamiento.<\/li>\n<li>Que la persona interesada considere que los datos han sido tratados il\u00edcitamente.<\/li>\n<li>Que deban suprimirse por una obligaci\u00f3n legal.<\/li>\n<li>Que los datos se hayan obtenido en relaci\u00f3n con un servicio de la sociedad de la informaci\u00f3n de los<br \/>\nestablecidos en el art. 8 apartado 1 del Reglamento General de Protecci\u00f3n de Datos.<\/li>\n<\/ul>\n<\/td>\n<\/tr>\n<tr>\n<th scope=\"row\"><strong>Derecho de oposici\u00f3n<\/strong><\/th>\n<td>Derecho a oponerse a un determinado tratamiento, por motivos relacionados con su situaci\u00f3n particular,<br \/>\ncuando \u00e9ste est\u00e9 basado en el inter\u00e9s p\u00fablico o inter\u00e9s leg\u00edtimo.<\/td>\n<\/tr>\n<tr>\n<th scope=\"row\"><strong>Derecho de portabilidad<\/strong><\/th>\n<td>Derecho a recibir los datos facilitados al Ayuntamiento en un formato estructurado y a transmitirlos a otro<br \/>\nresponsable siempre y cuando se den las dos circunstancias:<\/p>\n<ul>\n<li>El tratamiento se haya basado en el consentimiento o en un contrato.<\/li>\n<li>El tratamiento se realice por medios automatizados.<\/li>\n<\/ul>\n<\/td>\n<\/tr>\n<tr>\n<th scope=\"row\"><strong>Derecho de limitaci\u00f3n<\/strong><\/th>\n<td>Derecho a obtener la limitaci\u00f3n del tratamiento siempre y cuando se cumpla alguna de las condiciones<br \/>\nsiguientes:<\/p>\n<ul>\n<li>La persona interesada impugne la exactitud de sus datos personales.<\/li>\n<li>El tratamiento sea il\u00edcito y la persona interesada se oponga a la supresi\u00f3n de los datos solicitando<br \/>\nen su lugar la limitaci\u00f3n de su uso.<\/li>\n<li>El responsable ya no necesite los datos para los fines del tratamiento, pero la persona interesada<br \/>\ns\u00ed los necesite para formular, ejercer o defender reclamaciones.<\/li>\n<li>La persona interesada se ha opuesto al tratamiento y solicita la limitaci\u00f3n mientras se verifica si<br \/>\nlos motivos del responsable prevalecen sobre los de la persona interesada.<\/li>\n<\/ul>\n<\/td>\n<\/tr>\n<tr>\n<th scope=\"row\">Derecho a presentar una reclamaci\u00f3n<\/th>\n<td>\n<ul>\n<li>ante la autoridad de control (www.aepd.es) si considera que el tratamiento no se ajusta a la<br \/>\nnormativa vigente.<\/li>\n<li>Previamente, ante el DPD quien le trasladar\u00e1 su decisi\u00f3n en el plazo m\u00e1ximo de dos meses.<\/li>\n<\/ul>\n<\/td>\n<\/tr>\n<\/tbody>\n<\/table>\n<p>Las personas interesadas pueden ejercer los derechos anteriores utilizando los siguientes medios:<\/p>\n<ul>\n<li>En las oficinas del Ayuntamiento person\u00e1ndose f\u00edsicamente o por correo postal, en c\/ Antigua, 5 31890 Betelu (Navarra).<\/li>\n<li>Dirigi\u00e9ndose al delegado de protecci\u00f3n de datos <a href=\"mailto:dbo@betelu.eus\">dbo@betelu.eus<\/a><\/li>\n<\/ul>\n<p>Puede utilizar el modelo de ejercicio disponible en el apartado PROTECCI\u00d3N DE DATOS<\/p>\n<p><\/div><\/div>\n<div class=\"bloque class-col-xs-12\"><a href=\"#actividades-tratamiento\" class=\"bloque-tab\">Registro de actividades de tratamiento<\/a><div class=\"contenido-bloque\" id=\"actividades-tratamiento\" style=\"display: none;\">\n<p>De conformidad con el art\u00edculo 30 del Reglamento (UE) 2016\/679 de 27 de abril de 2016 (RGPD), el Ayuntamiento deber\u00e1 llevar y conservar actualizado un REGISTRO DE LAS ACTIVIDADES DE TRATAMIENTO efectuadas bajo su responsabilidad, en formato electr\u00f3nico, que contenga:<\/p>\n<ul>\n<li>Nombre y datos de contacto del Responsable del tratamiento y DPD.<\/li>\n<li>Fines del tratamiento.<\/li>\n<li>Descripci\u00f3n de las categor\u00edas de interesados.<\/li>\n<li>Descripci\u00f3n de las categor\u00edas de datos.<\/li>\n<li>Categor\u00edas de Destinatarios.<\/li>\n<li>Transferencias de datos a terceros pa\u00edses, con la identificaci\u00f3n de los mismos y documentaci\u00f3n de garant\u00edas adecuadas.<\/li>\n<li>Cuando sea posible:\n<ul>\n<li>Plazos previstos para la supresi\u00f3n de las diferentes categor\u00edas de datos.<\/li>\n<li>Descripci\u00f3n general de las medidas t\u00e9cnicas y organizativas de seguridad.<\/li>\n<\/ul>\n<\/li>\n<\/ul>\n<p>Este registro, de acuerdo con el Art. 6. bis de la Ley 19\/2013 de Transparencia, Acceso a la informaci\u00f3n y Buen Gobierno deber\u00e1 ser objeto de publicaci\u00f3n por lo que est\u00e1 a disposici\u00f3n de los interesados en el apartado \u201cPROTECCI\u00d3N DE DATOS\u201d de esta Web.<\/p>\n<p><\/div><\/div><\/p>","protected":false},"excerpt":{"rendered":"<p>El Ayuntamiento de Betelu (en adelante Ayuntamiento) ha elaborado esta pol\u00edtica\u00a0 de privacidad con el fin de proporcionar a todas las personas interesadas la m\u00e1s amplia informaci\u00f3n sobre los tratamientos de datos personales que realiza. Si cualquier persona que acceda&hellip; <\/p>\n","protected":false},"author":2,"featured_media":0,"parent":35,"menu_order":0,"comment_status":"closed","ping_status":"closed","template":"","meta":{"_monsterinsights_skip_tracking":false,"_monsterinsights_sitenote_active":false,"_monsterinsights_sitenote_note":"","_monsterinsights_sitenote_category":0,"footnotes":""},"class_list":["post-8072","page","type-page","status-publish","hentry"],"yoast_head":"<!-- This site is optimized with the Yoast SEO plugin v26.8 - https:\/\/yoast.com\/product\/yoast-seo-wordpress\/ -->\r\n<title>Pol\u00edtica de privacidad - Ayuntamiento de BETELU<\/title>\r\n<meta name=\"robots\" content=\"index, follow, max-snippet:-1, max-image-preview:large, max-video-preview:-1\" \/>\r\n<link rel=\"canonical\" href=\"http:\/\/www.betelu.eus\/general\/castellano-politica-de-privacidad\/\" \/>\r\n<meta property=\"og:locale\" content=\"es_ES\" \/>\r\n<meta property=\"og:type\" content=\"article\" \/>\r\n<meta property=\"og:title\" content=\"[:es]Pol\u00edtica de privacidad[:eu]Pribatutasun-politika[:] - Ayuntamiento de BETELU\" \/>\r\n<meta property=\"og:description\" content=\"El Ayuntamiento de Betelu (en adelante Ayuntamiento) ha elaborado esta pol\u00edtica\u00a0 de privacidad con el fin de proporcionar a todas las personas interesadas la m\u00e1s amplia informaci\u00f3n sobre los tratamientos de datos personales que realiza. Si cualquier persona que acceda&hellip;\" \/>\r\n<meta property=\"og:url\" content=\"http:\/\/www.betelu.eus\/general\/castellano-politica-de-privacidad\/\" \/>\r\n<meta property=\"og:site_name\" content=\"Ayuntamiento de BETELU\" \/>\r\n<meta property=\"article:modified_time\" content=\"2023-12-14T07:35:58+00:00\" \/>\r\n<meta name=\"twitter:card\" content=\"summary_large_image\" \/>\r\n<meta name=\"twitter:label1\" content=\"Tiempo de lectura\" \/>\n\t<meta name=\"twitter:data1\" content=\"13 minutos\" \/>\r\n<script type=\"application\/ld+json\" class=\"yoast-schema-graph\">{\"@context\":\"https:\/\/schema.org\",\"@graph\":[{\"@type\":\"WebPage\",\"@id\":\"http:\/\/www.betelu.eus\/general\/castellano-politica-de-privacidad\/\",\"url\":\"http:\/\/www.betelu.eus\/general\/castellano-politica-de-privacidad\/\",\"name\":\"[:es]Pol\u00edtica de privacidad[:eu]Pribatutasun-politika[:] - Ayuntamiento de BETELU\",\"isPartOf\":{\"@id\":\"http:\/\/www.betelu.eus\/#website\"},\"datePublished\":\"2023-08-18T11:05:47+00:00\",\"dateModified\":\"2023-12-14T07:35:58+00:00\",\"breadcrumb\":{\"@id\":\"http:\/\/www.betelu.eus\/general\/castellano-politica-de-privacidad\/#breadcrumb\"},\"inLanguage\":\"es\",\"potentialAction\":[{\"@type\":\"ReadAction\",\"target\":[\"http:\/\/www.betelu.eus\/general\/castellano-politica-de-privacidad\/\"]}]},{\"@type\":\"BreadcrumbList\",\"@id\":\"http:\/\/www.betelu.eus\/general\/castellano-politica-de-privacidad\/#breadcrumb\",\"itemListElement\":[{\"@type\":\"ListItem\",\"position\":1,\"name\":\"Portada\",\"item\":\"http:\/\/www.betelu.eus\/\"},{\"@type\":\"ListItem\",\"position\":2,\"name\":\"Pribatutasun-politika\"}]},{\"@type\":\"WebSite\",\"@id\":\"http:\/\/www.betelu.eus\/#website\",\"url\":\"http:\/\/www.betelu.eus\/\",\"name\":\"Ayuntamiento de BETELU\",\"description\":\"Web del Ayuntamiento de BETELU\",\"potentialAction\":[{\"@type\":\"SearchAction\",\"target\":{\"@type\":\"EntryPoint\",\"urlTemplate\":\"http:\/\/www.betelu.eus\/?s={search_term_string}\"},\"query-input\":{\"@type\":\"PropertyValueSpecification\",\"valueRequired\":true,\"valueName\":\"search_term_string\"}}],\"inLanguage\":\"es\"}]}<\/script>\r\n<!-- \/ Yoast SEO plugin. -->","yoast_head_json":{"title":"[:es]Pol\u00edtica de privacidad[:eu]Pribatutasun-politika[:] - Ayuntamiento de BETELU","robots":{"index":"index","follow":"follow","max-snippet":"max-snippet:-1","max-image-preview":"max-image-preview:large","max-video-preview":"max-video-preview:-1"},"canonical":"http:\/\/www.betelu.eus\/general\/castellano-politica-de-privacidad\/","og_locale":"es_ES","og_type":"article","og_title":"[:es]Pol\u00edtica de privacidad[:eu]Pribatutasun-politika[:] - Ayuntamiento de BETELU","og_description":"El Ayuntamiento de Betelu (en adelante Ayuntamiento) ha elaborado esta pol\u00edtica\u00a0 de privacidad con el fin de proporcionar a todas las personas interesadas la m\u00e1s amplia informaci\u00f3n sobre los tratamientos de datos personales que realiza. Si cualquier persona que acceda&hellip;","og_url":"http:\/\/www.betelu.eus\/general\/castellano-politica-de-privacidad\/","og_site_name":"Ayuntamiento de BETELU","article_modified_time":"2023-12-14T07:35:58+00:00","twitter_card":"summary_large_image","twitter_misc":{"Tiempo de lectura":"13 minutos"},"schema":{"@context":"https:\/\/schema.org","@graph":[{"@type":"WebPage","@id":"http:\/\/www.betelu.eus\/general\/castellano-politica-de-privacidad\/","url":"http:\/\/www.betelu.eus\/general\/castellano-politica-de-privacidad\/","name":"[:es]Pol\u00edtica de privacidad[:eu]Pribatutasun-politika[:] - Ayuntamiento de BETELU","isPartOf":{"@id":"http:\/\/www.betelu.eus\/#website"},"datePublished":"2023-08-18T11:05:47+00:00","dateModified":"2023-12-14T07:35:58+00:00","breadcrumb":{"@id":"http:\/\/www.betelu.eus\/general\/castellano-politica-de-privacidad\/#breadcrumb"},"inLanguage":"es","potentialAction":[{"@type":"ReadAction","target":["http:\/\/www.betelu.eus\/general\/castellano-politica-de-privacidad\/"]}]},{"@type":"BreadcrumbList","@id":"http:\/\/www.betelu.eus\/general\/castellano-politica-de-privacidad\/#breadcrumb","itemListElement":[{"@type":"ListItem","position":1,"name":"Portada","item":"http:\/\/www.betelu.eus\/"},{"@type":"ListItem","position":2,"name":"Pribatutasun-politika"}]},{"@type":"WebSite","@id":"http:\/\/www.betelu.eus\/#website","url":"http:\/\/www.betelu.eus\/","name":"Ayuntamiento de BETELU","description":"Web del Ayuntamiento de BETELU","potentialAction":[{"@type":"SearchAction","target":{"@type":"EntryPoint","urlTemplate":"http:\/\/www.betelu.eus\/?s={search_term_string}"},"query-input":{"@type":"PropertyValueSpecification","valueRequired":true,"valueName":"search_term_string"}}],"inLanguage":"es"}]}},"_links":{"self":[{"href":"http:\/\/www.betelu.eus\/es\/wp-json\/wp\/v2\/pages\/8072","targetHints":{"allow":["GET"]}}],"collection":[{"href":"http:\/\/www.betelu.eus\/es\/wp-json\/wp\/v2\/pages"}],"about":[{"href":"http:\/\/www.betelu.eus\/es\/wp-json\/wp\/v2\/types\/page"}],"author":[{"embeddable":true,"href":"http:\/\/www.betelu.eus\/es\/wp-json\/wp\/v2\/users\/2"}],"replies":[{"embeddable":true,"href":"http:\/\/www.betelu.eus\/es\/wp-json\/wp\/v2\/comments?post=8072"}],"version-history":[{"count":10,"href":"http:\/\/www.betelu.eus\/es\/wp-json\/wp\/v2\/pages\/8072\/revisions"}],"predecessor-version":[{"id":8297,"href":"http:\/\/www.betelu.eus\/es\/wp-json\/wp\/v2\/pages\/8072\/revisions\/8297"}],"up":[{"embeddable":true,"href":"http:\/\/www.betelu.eus\/es\/wp-json\/wp\/v2\/pages\/35"}],"wp:attachment":[{"href":"http:\/\/www.betelu.eus\/es\/wp-json\/wp\/v2\/media?parent=8072"}],"curies":[{"name":"wp","href":"https:\/\/api.w.org\/{rel}","templated":true}]}}