{"id":8084,"date":"2023-08-18T13:36:04","date_gmt":"2023-08-18T11:36:04","guid":{"rendered":"http:\/\/www.betelu.eus\/?page_id=8084"},"modified":"2023-12-14T08:36:03","modified_gmt":"2023-12-14T07:36:03","slug":"proteccion-de-datos","status":"publish","type":"page","link":"http:\/\/www.betelu.eus\/es\/general\/proteccion-de-datos\/","title":{"rendered":"Protecci\u00f3n de datos"},"content":{"rendered":"<p><div class=\"bloque class-col-xs-12\"><a href=\"#registro-actividades\" class=\"bloque-tab\">Registro de actividades de tratamiento<\/a><div class=\"contenido-bloque\" id=\"registro-actividades\" style=\"display: none;\"><\/p>\n<p>De conformidad con el art\u00edculo 30 del Reglamento (UE) 2016\/679 de 27 de abril de 2016 (RGPD), el Ayuntamiento deber\u00e1 llevar y conservar actualizado un REGISTRO DE LAS ACTIVIDADES DE TRATAMIENTO efectuadas bajo su responsabilidad, en formato electr\u00f3nico, que contenga:<\/p>\n<ul>\n<li>Nombre y datos de contacto del Responsable del tratamiento y DPD.<\/li>\n<li>Fines del tratamiento.<\/li>\n<li>Descripci\u00f3n de las categor\u00edas de interesados.<\/li>\n<li>Descripci\u00f3n de las categor\u00edas de datos.<\/li>\n<li>Categor\u00edas de Destinatarios.<\/li>\n<li>Transferencias de datos a terceros pa\u00edses, con la identificaci\u00f3n de los mismos y documentaci\u00f3n de garant\u00edas adecuadas.<\/li>\n<li>Cuando sea posible:\n<ul>\n<li>Plazos previstos para la supresi\u00f3n de las diferentes categor\u00edas de datos.<\/li>\n<li>Descripci\u00f3n general de las medidas t\u00e9cnicas y organizativas de seguridad.<\/li>\n<\/ul>\n<\/li>\n<\/ul>\n<p>Este registro, de acuerdo con el Art. 6. bis de la Ley 19\/2013 de Transparencia, Acceso a la informaci\u00f3n y Buen Gobierno deber\u00e1 ser objeto de publicaci\u00f3n por lo que est\u00e1 a disposici\u00f3n de los interesados en el apartado \u201cPROTECCI\u00d3N DE DATOS\u201d de esta Web.<\/p>\n<p>Datos de contacto del Delegado de Protecci\u00f3n de Datos: <a href=\"mailto:dbo@betelu.eus\">dbo@betelu.eus<\/a><\/p>\n<ul>\n<li><a href=\"\/wp-content\/uploads\/sites\/140\/2023\/08\/ATENCION-A-LOS-DERECHOS-DE-LAS-PERSONAS.pdf\" class=\"mtli_attachment mtli_pdf\" target=\"_blank\" rel=\"noopener\">Atenci\u00f3n a los derechos de las personas<\/a><\/li>\n<li><a href=\"\/wp-content\/uploads\/sites\/140\/2023\/08\/CATASTRO.pdf\" class=\"mtli_attachment mtli_pdf\" target=\"_blank\" rel=\"noopener\">Catastro<\/a><\/li>\n<li><a href=\"\/wp-content\/uploads\/sites\/140\/2023\/08\/CIRCULACION.pdf\" class=\"mtli_attachment mtli_pdf\" target=\"_blank\" rel=\"noopener\">Circulaci\u00f3n<\/a><\/li>\n<li><a href=\"\/wp-content\/uploads\/sites\/140\/2023\/08\/COMUNALES.pdf\" class=\"mtli_attachment mtli_pdf\" target=\"_blank\" rel=\"noopener\">Comunales<\/a><\/li>\n<li><a href=\"\/wp-content\/uploads\/sites\/140\/2023\/08\/CONTABILIDAD-PUBLICA.pdf\" class=\"mtli_attachment mtli_pdf\" target=\"_blank\" rel=\"noopener\">Contabilidad p\u00fablica y facturaci\u00f3n<\/a><\/li>\n<li><a href=\"\/wp-content\/uploads\/sites\/140\/2023\/08\/CONTACTOS.pdf\" class=\"mtli_attachment mtli_pdf\" target=\"_blank\" rel=\"noopener\">Contactos<\/a><\/li>\n<li><a href=\"\/wp-content\/uploads\/sites\/140\/2023\/08\/CONTRATOS.pdf\" class=\"mtli_attachment mtli_pdf\" target=\"_blank\" rel=\"noopener\">Contratos<\/a><\/li>\n<li><a href=\"\/wp-content\/uploads\/sites\/140\/2023\/08\/CONVOCATORIAS-SELECCION-DE-PERSONAL.pdf\" class=\"mtli_attachment mtli_pdf\" target=\"_blank\" rel=\"noopener\">Convocatorias selecci\u00f3n de personal<\/a><\/li>\n<li><a href=\"\/wp-content\/uploads\/sites\/140\/2023\/08\/ESCUELA-INFANTIL.pdf\" class=\"mtli_attachment mtli_pdf\" target=\"_blank\" rel=\"noopener\">Escuela infantil<\/a><\/li>\n<li><a href=\"\/wp-content\/uploads\/sites\/140\/2023\/08\/GESTION-RECAUDATORIA.pdf\" class=\"mtli_attachment mtli_pdf\" target=\"_blank\" rel=\"noopener\">Gesti\u00f3n tributaria<\/a><\/li>\n<li><a href=\"\/wp-content\/uploads\/sites\/140\/2023\/08\/IMPUESTO-DE-ACTIVIDADES-ECONOMICAS.pdf\" class=\"mtli_attachment mtli_pdf\" target=\"_blank\" rel=\"noopener\">IAE<\/a><\/li>\n<li><a href=\"\/wp-content\/uploads\/sites\/140\/2023\/08\/LICENCIAS-AUTORIZACIONES-Y-CONCESIONES.pdf\" class=\"mtli_attachment mtli_pdf\" target=\"_blank\" rel=\"noopener\">Licencias, autorizaciones y concesiones<\/a><\/li>\n<li><a href=\"\/wp-content\/uploads\/sites\/140\/2023\/08\/PADRON-DE-HABITANTES.pdf\" class=\"mtli_attachment mtli_pdf\" target=\"_blank\" rel=\"noopener\">Padr\u00f3n de habitantes<\/a><\/li>\n<li><a href=\"\/wp-content\/uploads\/sites\/140\/2023\/08\/PERSONAL.pdf\" class=\"mtli_attachment mtli_pdf\" target=\"_blank\" rel=\"noopener\">Personal<\/a><\/li>\n<li><a href=\"\/wp-content\/uploads\/sites\/140\/2023\/08\/REGISTRO-DE-ANIMALES-PELIGROSOS.pdf\" class=\"mtli_attachment mtli_pdf\" target=\"_blank\" rel=\"noopener\">Registro de animales peligrosos<\/a><\/li>\n<li><a href=\"\/wp-content\/uploads\/sites\/140\/2023\/08\/REGISTRO-DE-ENTRADA-Y-SALIDA.pdf\" class=\"mtli_attachment mtli_pdf\" target=\"_blank\" rel=\"noopener\">Registro de entrada y salida<\/a><\/li>\n<li><a href=\"\/wp-content\/uploads\/sites\/140\/2023\/08\/REGISTRO-DE-INTERESES.pdf\" class=\"mtli_attachment mtli_pdf\" target=\"_blank\" rel=\"noopener\">Registro de intereses<\/a><\/li>\n<li><a href=\"\/wp-content\/uploads\/sites\/140\/2023\/08\/REGISTRO-DE-PAREJAS-ESTABLES.pdf\" class=\"mtli_attachment mtli_pdf\" target=\"_blank\" rel=\"noopener\">Registro de parejas estables<\/a><\/li>\n<li><a href=\"\/wp-content\/uploads\/sites\/140\/2023\/08\/TARJETA-DE-ESTACIONAMIENTO.pdf\" class=\"mtli_attachment mtli_pdf\" target=\"_blank\" rel=\"noopener\">Tarjeta de estacionamiento<\/a><\/li>\n<\/ul>\n<p>\u00daltima actualizaci\u00f3n, 1 de marzo de 2021<\/p>\n<p><\/div><\/div><\/p>\n<div class=\"bloque class-col-xs-12\"><a href=\"#funciones-delegado\" class=\"bloque-tab\">Funciones del delegado de protecci\u00f3n de datos<\/a><div class=\"contenido-bloque\" id=\"funciones-delegado\" style=\"display: none;\"><\/p>\n<p>El Ayuntamiento de Betelu ha realizado la designaci\u00f3n de su Delegado de Protecci\u00f3n de Datos (DPD) conforme a las indicaciones del art. 37.1.a) del Reglamento (UE) 2016\/679 (RGPD).<\/p>\n<p><strong>FUNCIONES QUE TIENE EL DPD<\/strong><\/p>\n<p>Las funciones recogidas en el RGPD a ejercer por el Delegado de Protecci\u00f3n de Datos son:<\/p>\n<ul>\n<li>informar y asesorar al responsable y a los empleados que se ocupen del tratamiento de las obligaciones que les incumben en virtud del RGPD y de otras disposiciones de protecci\u00f3n de datos de la Uni\u00f3n o de los Estados miembros<\/li>\n<li>supervisar el cumplimiento de lo dispuesto en el RGPD, de otras disposiciones de protecci\u00f3n de datos de la Uni\u00f3n o de los Estados miembros y de las pol\u00edticas del responsable en materia de protecci\u00f3n de datos personales, incluida la asignaci\u00f3n de responsabilidades, la concienciaci\u00f3n y formaci\u00f3n del personal que participa en las operaciones de tratamiento, y las auditor\u00edas correspondientes.<\/li>\n<li>ofrecer el asesoramiento que se le solicite acerca de la evaluaci\u00f3n de impacto relativa a la protecci\u00f3n de datos y supervisar su aplicaci\u00f3n de conformidad con el art\u00edculo 35 RGPD.<\/li>\n<li>cooperar con la Agencia Espa\u00f1ola de Protecci\u00f3n de Datos.<\/li>\n<li>actuar como punto de contacto de la autoridad de control para cuestiones relativas al tratamiento, incluida la consulta previa a que se refiere el art\u00edculo 36 del RGPD y realizar consultas, en su caso, sobre cualquier otro asunto.<\/li>\n<\/ul>\n<p>&nbsp;<\/p>\n<p>De conformidad con el art. 36 de la Ley 3\/2018 de 5 de diciembre de Protecci\u00f3n de Datos Personales y Garant\u00eda de los Derechos Digitales, el Delegado de Protecci\u00f3n de Datos tambi\u00e9n otras funciones:<\/p>\n<ul>\n<li>actuar\u00e1 como interlocutor del responsable o encargado del tratamiento ante la Agencia Espa\u00f1ola de Protecci\u00f3n de Datos y las autoridades auton\u00f3micas de protecci\u00f3n de datos. El delegado podr\u00e1 inspeccionar los procedimientos relacionados con el objeto de la ley org\u00e1nica y emitir recomendaciones en el \u00e1mbito de sus competencias.<\/li>\n<li>Cuando el delegado de protecci\u00f3n de datos aprecie la existencia de una vulneraci\u00f3n relevante en materia de protecci\u00f3n de datos lo documentar\u00e1 y lo comunicar\u00e1 inmediatamente a los \u00f3rganos de administraci\u00f3n y direcci\u00f3n del responsable o el encargado del tratamiento.<\/li>\n<li>Cuando el responsable o el encargado del tratamiento hubieran designado un delegado de protecci\u00f3n de datos el afectado podr\u00e1, con car\u00e1cter previo a la presentaci\u00f3n de una reclamaci\u00f3n contra aqu\u00e9llos ante la Agencia Espa\u00f1ola de Protecci\u00f3n de Datos o, en su caso, ante las autoridades auton\u00f3micas de protecci\u00f3n de datos, dirigirse al delegado de protecci\u00f3n de datos de la entidad contra la que se reclame.<\/li>\n<li>Cuando el afectado presente una reclamaci\u00f3n ante la Agencia Espa\u00f1ola de Protecci\u00f3n de Datos o, en su caso, ante las autoridades auton\u00f3micas de protecci\u00f3n de datos, aquellas podr\u00e1n remitir la reclamaci\u00f3n al delegado de protecci\u00f3n de datos a fin de que este responda en el plazo de un mes.<\/li>\n<\/ul>\n<p><strong>C\u00d3MO EJERCER\u00c1 SUS FUNCIONES <\/strong><\/p>\n<ul>\n<li>El delegado de protecci\u00f3n de datos debe desempe\u00f1ar sus funciones prestando la debida atenci\u00f3n a los riesgos asociados a las operaciones de tratamiento, teniendo en cuenta la naturaleza, el alcance, el contexto y fines del tratamiento.<\/li>\n<li>El delegado de protecci\u00f3n de datos no debe recibir ninguna instrucci\u00f3n en lo que respecta al desempe\u00f1o de sus funciones.<\/li>\n<li>Los interesados pueden ponerse en contacto con el delegado de protecci\u00f3n de datos por lo que respecta a todas las cuestiones relativas al tratamiento de sus datos personales y al ejercicio de sus derechos al amparo del RGPD <a href=\"mailto:dpdtorralba@gmail.com\">dbo@betelu.eus<\/a> .<\/li>\n<li>El delegado de protecci\u00f3n de datos est\u00e1 obligado a mantener el secreto o la confidencialidad en lo que respecta al desempe\u00f1o de sus funciones.<\/li>\n<\/ul>\n<p><\/div><\/div>\n<p><a href=\"http:\/\/www.betelu.eus\/wp-content\/uploads\/sites\/140\/2023\/08\/Formulario-solicitud-ejercicio-de-derechos_.pdf\" class=\"mtli_attachment mtli_pdf\">Modelo de solicitud de ejercicio de derechos<\/a><\/p>\n<div class=\"bloque class-col-xs-12\"><a href=\"#informacion-ampliada\" class=\"bloque-tab\">Informaci\u00f3n ampliada sobre los tratamientos de datos que realiza el ayuntamiento<\/a><div class=\"contenido-bloque\" id=\"informacion-ampliada\" style=\"display: none;\"><\/p>\n<p><strong>REGLAMENTO (UE) 2016\/679 (RGPD)<\/strong><\/p>\n<p>El Ayuntamiento de Betelu ha elaborado este documento con el fin de proporcionar a todos los interesados la m\u00e1s amplia informaci\u00f3n sobre los tratamientos de datos personales que realiza.<\/p>\n<p>Si cualquier persona que acceda a esta informaci\u00f3n no la comprende puede contactar con el delegado de protecci\u00f3n de datos de la entidad <a href=\"mailto:dbo@betelu.eus\">dbo@betelu.eus<\/a> quien le podr\u00e1 aclarar las cuestiones relativas al tratamiento de sus datos personales.<\/p>\n<p><strong>\u00bfQUI\u00c9N ES EL RESPONSABLE DEL TRATAMIENTO? <\/strong><\/p>\n<p>El responsable del tratamiento de los datos personales es el Ayuntamiento de Betelu con domicilio en calle Antigua 5, 31890 Betelu \u00a0(Navarra).<\/p>\n<p>Direcci\u00f3n de contacto: <a href=\"mailto:dbo@betelu.eus\">dbo@betelu.eus<\/a><\/p>\n<p><strong>\u00bfCON QU\u00c9 FINALIDAD SE TRATAN SUS DATOS? <\/strong><\/p>\n<p>El Ayuntamiento trata los datos personales con distintas finalidades que se corresponden con cada una de las actividades de tratamiento que realiza y que est\u00e1n accesibles en el registro de actividades de tratamiento que est\u00e1 disponible en el apartado PROTECCI\u00d3N DE DATOS.<\/p>\n<p>Por cada actividad, se identifica la finalidad del tratamiento.<\/p>\n<p>Los tratamientos de datos personales que se recaban a trav\u00e9s de los formularios \u00a0\u00a0Web tienen por finalidad atender las solicitudes, sugerencias, dudas de las personas interesadas y poder contactar con ellas para ofrecerles informaci\u00f3n m\u00e1s detallada relacionada con las mismas.<\/p>\n<p><strong><u>\u00bfCU\u00c1L ES LA BASE QUE LEGITIMA EL TRATAMIENTO DE DATOS? <\/u><\/strong><\/p>\n<p>El tratamiento de los datos se realiza para el cumplimiento de obligaciones legales, para el cumplimiento de misiones realizadas en inter\u00e9s p\u00fablico o en el ejercicio de poderes p\u00fablicos, para la ejecuci\u00f3n de un contrato o con base en el consentimiento, en cuyo caso habr\u00e1 de ser prestado mediante una clara acci\u00f3n afirmativa.<\/p>\n<p>Puede consultar la base legal para cada una de las actividades de tratamiento que lleva a cabo el Ayuntamiento en el registro de actividades de tratamiento que est\u00e1 disponible en el apartado PROTECCI\u00d3N DE DATOS.<\/p>\n<p><strong>\u00bfCU\u00c1NTO TIEMPO CONSERVA LOS DATOS EL AYUNTAMIENTO? <\/strong><\/p>\n<p>Con car\u00e1cter general los datos personales proporcionados se conservar\u00e1n durante el tiempo necesario para cumplir con la finalidad para la que se recaban y para determinar las posibles responsabilidades que se pudieran derivar de dicha finalidad y del tratamiento de datos. No obstante, el Ayuntamiento se someter\u00e1 a la normativa foral sobre archivos y documentaci\u00f3n.<\/p>\n<p>Puede consultarse el criterio de conservaci\u00f3n que afecta a cada tratamiento en el registro de actividades de tratamiento que est\u00e1 disponible en el apartado PROTECCI\u00d3N DE DATOS.<\/p>\n<p><strong>\u00bfA QUI\u00c9N SE COMUNICAN LOS DATOS PERSONALES? <\/strong><\/p>\n<p>Con car\u00e1cter general los datos solo se comunican si existe obligaci\u00f3n legal, pero pueden darse otras comunicaciones de datos basadas en otros supuestos de tratamiento leg\u00edtimo. Puede consultar las personas destinatarias para cada una de las actividades de tratamiento que lleva a cabo el Ayuntamiento \u00a0\u00a0en el registro de actividades de tratamiento que est\u00e1 disponible en el apartado PROTECCI\u00d3N DE DATOS.<\/p>\n<p>Tambi\u00e9n tendr\u00e1n acceso a los datos personales aquellas entidades o personas con los que <strong>el Ayuntamiento<\/strong> contrate alg\u00fan servicio que implique el tratamiento de datos. En estos casos el acceso se realizar\u00e1 con base en un contrato que incluir\u00e1 todas las garant\u00edas de conformidad con lo dispuesto en el art. 28 del Reglamento General de Protecci\u00f3n de Datos.<\/p>\n<p><strong>\u00bfCU\u00c1L ES EL ORIGEN DE LOS DATOS?<\/strong><\/p>\n<p>Con car\u00e1cter general los datos que trata el Ayuntamiento se obtienen de la propia persona interesada no obstante se puede consultar el registro de actividades de tratamiento en el que se especifican los tratamientos de datos con otros or\u00edgenes distintos a la persona interesada.<\/p>\n<p><strong>\u00bfQUI\u00c9N ES EL DELEGADO DE PROTECCI\u00d3N DE DATOS?<\/strong><\/p>\n<p>El Delegado de Protecci\u00f3n de Datos (DPD) es la persona f\u00edsica o jur\u00eddica que de forma independiente supervisa el cumplimiento de la normativa, asesora al responsable en relaci\u00f3n con la protecci\u00f3n de datos personales y garantiza el respeto de este derecho fundamental.\u00a0 El DPD no recibe instrucciones en lo que respecta al desempe\u00f1o de sus funciones y est\u00e1 obligado a mantener el secreto o la confidencialidad.<\/p>\n<p><strong>El Ayuntamiento <\/strong>ha designado un Delegado de Protecci\u00f3n de Datos. Cualquier persona puede ponerse en contacto con \u00e9l para resolver dudas sobre los tratamientos de datos o para ejercer los derechos que le asisten o para hacer cualquier sugerencia o reclamaci\u00f3n en esta materia. Esta reclamaci\u00f3n puede hacerla la persona afectada con car\u00e1cter previo a la presentaci\u00f3n de la misma ante la Agencia Espa\u00f1ola de Protecci\u00f3n de datos. En este caso el DPD comunicar\u00e1 a la persona afectada la decisi\u00f3n que se hubiera adoptado sobre su reclamaci\u00f3n en el plazo de dos meses.<\/p>\n<p>La forma de contactar con el delegado es v\u00eda electr\u00f3nica <a href=\"mailto:dbo@betelu.eus\">dbo@betelu.eus<\/a> \u00a0o postal en la direcci\u00f3n del Ayuntamiento indicada al inicio de esta pol\u00edtica (a la atenci\u00f3n del Delegado de Protecci\u00f3n de Datos).<\/p>\n<p><strong>\u00bfQU\u00c9 DERECHOS TIENEN LOS INTERESADOS?<\/strong><\/p>\n<p>Las personas interesadas pueden ejercer los siguientes derechos:<\/p>\n<table>\n<tbody>\n<tr>\n<th scope=\"row\"><strong>Derecho de acceso<\/strong><\/th>\n<td>Derecho a obtener informaci\u00f3n sobre:<\/p>\n<ul>\n<li>si sus datos se est\u00e1n tratando o no por el Ayuntamiento<\/li>\n<li>en su caso, la finalidad para la cual se tratan, las categor\u00edas de datos que se tratan, las personas<br \/>\ndestinatarias de sus datos, el plazo de conservaci\u00f3n, el origen de los datos y la posible existencia de<br \/>\ndecisiones automatizadas, incluida la elaboraci\u00f3n de perfiles.<\/li>\n<\/ul>\n<\/td>\n<\/tr>\n<tr>\n<th scope=\"row\"><strong>Derecho de rectificaci\u00f3n<\/strong><\/th>\n<td>Derecho a obtener la rectificaci\u00f3n de los datos personales inexactos o incompletos.<\/td>\n<\/tr>\n<tr>\n<th scope=\"row\"><strong>Derecho de supresi\u00f3n<\/strong><\/th>\n<td>Derecho a obtener la supresi\u00f3n de sus datos cuando se den alguna de estas circunstancias:<\/p>\n<ul>\n<li>Que los datos ya no sean necesarios para los fines para los cuales se recogieron.<\/li>\n<li>Que la persona interesada retire el consentimiento.<\/li>\n<li>Que la persona interesada se oponga al tratamiento.<\/li>\n<li>Que la persona interesada considere que los datos han sido tratados il\u00edcitamente.<\/li>\n<li>Que deban suprimirse por una obligaci\u00f3n legal.<\/li>\n<li>Que los datos se hayan obtenido en relaci\u00f3n con un servicio de la sociedad de la informaci\u00f3n de los<br \/>\nestablecidos en el art. 8 apartado 1 del Reglamento General de Protecci\u00f3n de Datos.<\/li>\n<\/ul>\n<\/td>\n<\/tr>\n<tr>\n<th scope=\"row\"><strong>Derecho de oposici\u00f3n<\/strong><\/th>\n<td>Derecho a oponerse a un determinado tratamiento, por motivos relacionados con su situaci\u00f3n particular,<br \/>\ncuando \u00e9ste est\u00e9 basado en el inter\u00e9s leg\u00edtimo del responsable<\/td>\n<\/tr>\n<tr>\n<th scope=\"row\"><strong>Derecho de portabilidad<\/strong><\/th>\n<td>Derecho a recibir los datos facilitados al Ayuntamiento en un formato estructurado y a transmitirlos a otro<br \/>\nresponsable siempre y cuando se den las dos circunstancias:<\/p>\n<ul>\n<li>El tratamiento se haya basado en el consentimiento o en un contrato.<\/li>\n<li>El tratamiento se realice por medios automatizados.<\/li>\n<\/ul>\n<\/td>\n<\/tr>\n<tr>\n<th scope=\"row\"><strong>Derecho de limitaci\u00f3n<\/strong><\/th>\n<td>Derecho a obtener la limitaci\u00f3n del tratamiento siempre y cuando se cumpla alguna de las condiciones<br \/>\nsiguientes:<\/p>\n<ul>\n<li>La persona interesada impugne la exactitud de sus datos personales.<\/li>\n<li>El tratamiento sea il\u00edcito y la persona interesada se oponga a la supresi\u00f3n de los datos solicitando<br \/>\nen<br \/>\nsu lugar la limitaci\u00f3n de su uso.<\/li>\n<li>El responsable ya no necesite los datos para los fines del tratamiento pero la persona interesada s\u00ed<br \/>\nlos<br \/>\nnecesite para formular, ejercer o defender reclamaciones.<\/li>\n<li>La persona interesada se ha opuesto al tratamiento y solicita la limitaci\u00f3n mientras se verifica si<br \/>\nlos<br \/>\nmotivos del responsable prevalecen sobre los de la persona interesada.<\/li>\n<\/ul>\n<\/td>\n<\/tr>\n<tr>\n<th scope=\"row\"><strong>Derecho a presentar una reclamaci\u00f3n<\/strong><\/th>\n<td>\n<ul>\n<li>ante la autoridad de control (<a href=\"http:\/\/www.aepd.es\">www.aepd.es<\/a>) si considera que el<br \/>\ntratamiento no se ajusta a la normativa vigente.<\/li>\n<li>Previamente, ante el DPD quien le trasladar\u00e1 su decisi\u00f3n en el plazo m\u00e1ximo de dos meses.<\/li>\n<\/ul>\n<\/td>\n<\/tr>\n<\/tbody>\n<\/table>\n<p>Las personas interesadas pueden ejercer los derechos anteriores utilizando los siguientes medios:<\/p>\n<ul>\n<li>En las oficinas del Ayuntamiento person\u00e1ndose f\u00edsicamente o por correo postal, en c\/ Antigua, 5, 31890 Betelu (Navarra)<\/li>\n<li>Dirigi\u00e9ndose al delegado de protecci\u00f3n de datos <a href=\"mailto:dbo@betelu.eus\">dbo@betelu.eus<\/a><\/li>\n<\/ul>\n<p>Puede utilizar el modelo de ejercicio disponible en el apartado PROTECCI\u00d3N DE DATOS<\/p>\n<p>Betelu a 1 de marzo de 2021<\/p>\n<p><\/div><\/div>\n<p><a href=\"http:\/\/www.betelu.eus\/wp-content\/uploads\/sites\/140\/2023\/08\/Anexo-5-QUE-DERECHOS-TENGO.pdf\" class=\"mtli_attachment mtli_pdf\">Qu\u00e9 derechos tengo.<\/a><\/p>","protected":false},"excerpt":{"rendered":"<p>Modelo de solicitud de ejercicio de derechos Qu\u00e9 derechos tengo.<\/p>\n","protected":false},"author":2,"featured_media":0,"parent":35,"menu_order":0,"comment_status":"closed","ping_status":"closed","template":"","meta":{"_monsterinsights_skip_tracking":false,"_monsterinsights_sitenote_active":false,"_monsterinsights_sitenote_note":"","_monsterinsights_sitenote_category":0,"footnotes":""},"class_list":["post-8084","page","type-page","status-publish","hentry"],"yoast_head":"<!-- This site is optimized with the Yoast SEO plugin v26.8 - https:\/\/yoast.com\/product\/yoast-seo-wordpress\/ -->\r\n<title>Protecci\u00f3n de datos - Ayuntamiento de BETELU<\/title>\r\n<meta name=\"robots\" content=\"index, follow, max-snippet:-1, max-image-preview:large, max-video-preview:-1\" \/>\r\n<link rel=\"canonical\" href=\"http:\/\/www.betelu.eus\/general\/proteccion-de-datos\/\" \/>\r\n<meta property=\"og:locale\" content=\"es_ES\" \/>\r\n<meta property=\"og:type\" content=\"article\" \/>\r\n<meta property=\"og:title\" content=\"[:es]Protecci\u00f3n de datos[:eu]Datuen babesa[:] - Ayuntamiento de BETELU\" \/>\r\n<meta property=\"og:description\" content=\"Modelo de solicitud de ejercicio de derechos Qu\u00e9 derechos tengo.\" \/>\r\n<meta property=\"og:url\" content=\"http:\/\/www.betelu.eus\/general\/proteccion-de-datos\/\" \/>\r\n<meta property=\"og:site_name\" content=\"Ayuntamiento de BETELU\" \/>\r\n<meta property=\"article:modified_time\" content=\"2023-12-14T07:36:03+00:00\" \/>\r\n<meta name=\"twitter:card\" content=\"summary_large_image\" \/>\r\n<meta name=\"twitter:label1\" content=\"Tiempo de lectura\" \/>\n\t<meta name=\"twitter:data1\" content=\"19 minutos\" \/>\r\n<script type=\"application\/ld+json\" class=\"yoast-schema-graph\">{\"@context\":\"https:\/\/schema.org\",\"@graph\":[{\"@type\":\"WebPage\",\"@id\":\"http:\/\/www.betelu.eus\/general\/proteccion-de-datos\/\",\"url\":\"http:\/\/www.betelu.eus\/general\/proteccion-de-datos\/\",\"name\":\"[:es]Protecci\u00f3n de datos[:eu]Datuen babesa[:] - Ayuntamiento de BETELU\",\"isPartOf\":{\"@id\":\"http:\/\/www.betelu.eus\/#website\"},\"datePublished\":\"2023-08-18T11:36:04+00:00\",\"dateModified\":\"2023-12-14T07:36:03+00:00\",\"breadcrumb\":{\"@id\":\"http:\/\/www.betelu.eus\/general\/proteccion-de-datos\/#breadcrumb\"},\"inLanguage\":\"es\",\"potentialAction\":[{\"@type\":\"ReadAction\",\"target\":[\"http:\/\/www.betelu.eus\/general\/proteccion-de-datos\/\"]}]},{\"@type\":\"BreadcrumbList\",\"@id\":\"http:\/\/www.betelu.eus\/general\/proteccion-de-datos\/#breadcrumb\",\"itemListElement\":[{\"@type\":\"ListItem\",\"position\":1,\"name\":\"Portada\",\"item\":\"http:\/\/www.betelu.eus\/\"},{\"@type\":\"ListItem\",\"position\":2,\"name\":\"Datuen babesa\"}]},{\"@type\":\"WebSite\",\"@id\":\"http:\/\/www.betelu.eus\/#website\",\"url\":\"http:\/\/www.betelu.eus\/\",\"name\":\"Ayuntamiento de BETELU\",\"description\":\"Web del Ayuntamiento de BETELU\",\"potentialAction\":[{\"@type\":\"SearchAction\",\"target\":{\"@type\":\"EntryPoint\",\"urlTemplate\":\"http:\/\/www.betelu.eus\/?s={search_term_string}\"},\"query-input\":{\"@type\":\"PropertyValueSpecification\",\"valueRequired\":true,\"valueName\":\"search_term_string\"}}],\"inLanguage\":\"es\"}]}<\/script>\r\n<!-- \/ Yoast SEO plugin. -->","yoast_head_json":{"title":"[:es]Protecci\u00f3n de datos[:eu]Datuen babesa[:] - Ayuntamiento de BETELU","robots":{"index":"index","follow":"follow","max-snippet":"max-snippet:-1","max-image-preview":"max-image-preview:large","max-video-preview":"max-video-preview:-1"},"canonical":"http:\/\/www.betelu.eus\/general\/proteccion-de-datos\/","og_locale":"es_ES","og_type":"article","og_title":"[:es]Protecci\u00f3n de datos[:eu]Datuen babesa[:] - Ayuntamiento de BETELU","og_description":"Modelo de solicitud de ejercicio de derechos Qu\u00e9 derechos tengo.","og_url":"http:\/\/www.betelu.eus\/general\/proteccion-de-datos\/","og_site_name":"Ayuntamiento de BETELU","article_modified_time":"2023-12-14T07:36:03+00:00","twitter_card":"summary_large_image","twitter_misc":{"Tiempo de lectura":"19 minutos"},"schema":{"@context":"https:\/\/schema.org","@graph":[{"@type":"WebPage","@id":"http:\/\/www.betelu.eus\/general\/proteccion-de-datos\/","url":"http:\/\/www.betelu.eus\/general\/proteccion-de-datos\/","name":"[:es]Protecci\u00f3n de datos[:eu]Datuen babesa[:] - Ayuntamiento de BETELU","isPartOf":{"@id":"http:\/\/www.betelu.eus\/#website"},"datePublished":"2023-08-18T11:36:04+00:00","dateModified":"2023-12-14T07:36:03+00:00","breadcrumb":{"@id":"http:\/\/www.betelu.eus\/general\/proteccion-de-datos\/#breadcrumb"},"inLanguage":"es","potentialAction":[{"@type":"ReadAction","target":["http:\/\/www.betelu.eus\/general\/proteccion-de-datos\/"]}]},{"@type":"BreadcrumbList","@id":"http:\/\/www.betelu.eus\/general\/proteccion-de-datos\/#breadcrumb","itemListElement":[{"@type":"ListItem","position":1,"name":"Portada","item":"http:\/\/www.betelu.eus\/"},{"@type":"ListItem","position":2,"name":"Datuen babesa"}]},{"@type":"WebSite","@id":"http:\/\/www.betelu.eus\/#website","url":"http:\/\/www.betelu.eus\/","name":"Ayuntamiento de BETELU","description":"Web del Ayuntamiento de BETELU","potentialAction":[{"@type":"SearchAction","target":{"@type":"EntryPoint","urlTemplate":"http:\/\/www.betelu.eus\/?s={search_term_string}"},"query-input":{"@type":"PropertyValueSpecification","valueRequired":true,"valueName":"search_term_string"}}],"inLanguage":"es"}]}},"_links":{"self":[{"href":"http:\/\/www.betelu.eus\/es\/wp-json\/wp\/v2\/pages\/8084","targetHints":{"allow":["GET"]}}],"collection":[{"href":"http:\/\/www.betelu.eus\/es\/wp-json\/wp\/v2\/pages"}],"about":[{"href":"http:\/\/www.betelu.eus\/es\/wp-json\/wp\/v2\/types\/page"}],"author":[{"embeddable":true,"href":"http:\/\/www.betelu.eus\/es\/wp-json\/wp\/v2\/users\/2"}],"replies":[{"embeddable":true,"href":"http:\/\/www.betelu.eus\/es\/wp-json\/wp\/v2\/comments?post=8084"}],"version-history":[{"count":8,"href":"http:\/\/www.betelu.eus\/es\/wp-json\/wp\/v2\/pages\/8084\/revisions"}],"predecessor-version":[{"id":8298,"href":"http:\/\/www.betelu.eus\/es\/wp-json\/wp\/v2\/pages\/8084\/revisions\/8298"}],"up":[{"embeddable":true,"href":"http:\/\/www.betelu.eus\/es\/wp-json\/wp\/v2\/pages\/35"}],"wp:attachment":[{"href":"http:\/\/www.betelu.eus\/es\/wp-json\/wp\/v2\/media?parent=8084"}],"curies":[{"name":"wp","href":"https:\/\/api.w.org\/{rel}","templated":true}]}}