{"id":8439,"date":"2024-11-28T15:04:29","date_gmt":"2024-11-28T14:04:29","guid":{"rendered":"http:\/\/www.betelu.eus\/?page_id=8439"},"modified":"2024-11-28T15:04:29","modified_gmt":"2024-11-28T14:04:29","slug":"beteluko-udal-plan-orokorra","status":"publish","type":"page","link":"http:\/\/www.betelu.eus\/es\/beteluko-udal-plan-orokorra\/","title":{"rendered":"(Euskara) Beteluko Udal Plan Orokorra"},"content":{"rendered":"<p>El Pleno del Ayuntamiento de Betelu, en sesi\u00f3n celebrada el 19 de noviembre de 2024, aprob\u00f3 provisionalmente el Plan General Municipal de Betelu redactado por Chocarro Urmeneta Arquitectos S.L.P. Para la aprobaci\u00f3n definitiva del Plan se remitir\u00e1 el expediente completo al Departamento de Cohesi\u00f3n Territorial del Gobierno de Navarra.<\/p>\n<p>Parte del gasto de la redacci\u00f3n del Plan General Municipal de Betelu ha sido subvencionado por el Gobierno de Navarra.<\/p>\n<p>&nbsp;<\/p>\n<p><img decoding=\"async\" src=\"https:\/\/www.iustel.com\/contenidos\/imagenes\/37111.%20Imagen%204.jpg\" \/><\/p>","protected":false},"excerpt":{"rendered":"<p>El Pleno del Ayuntamiento de Betelu, en sesi\u00f3n celebrada el 19 de noviembre de 2024, aprob\u00f3 provisionalmente el Plan General Municipal de Betelu redactado por Chocarro Urmeneta Arquitectos S.L.P. Para la aprobaci\u00f3n definitiva del Plan se remitir\u00e1 el expediente completo&hellip; <\/p>\n","protected":false},"author":329,"featured_media":0,"parent":0,"menu_order":0,"comment_status":"closed","ping_status":"closed","template":"","meta":{"_monsterinsights_skip_tracking":false,"_monsterinsights_sitenote_active":false,"_monsterinsights_sitenote_note":"","_monsterinsights_sitenote_category":0,"footnotes":""},"class_list":["post-8439","page","type-page","status-publish","hentry"],"yoast_head":"<!-- This site is optimized with the Yoast SEO plugin v26.8 - https:\/\/yoast.com\/product\/yoast-seo-wordpress\/ -->\r\n<title><\/title>\r\n<meta name=\"robots\" content=\"index, follow, max-snippet:-1, max-image-preview:large, max-video-preview:-1\" \/>\r\n<link rel=\"canonical\" href=\"http:\/\/www.betelu.eus\/beteluko-udal-plan-orokorra\/\" \/>\r\n<meta property=\"og:locale\" content=\"es_ES\" \/>\r\n<meta property=\"og:type\" content=\"article\" \/>\r\n<meta property=\"og:title\" content=\"[:eu]Beteluko Udal Plan Orokorra[:] - Ayuntamiento de BETELU\" \/>\r\n<meta property=\"og:description\" content=\"El Pleno del Ayuntamiento de Betelu, en sesi\u00f3n celebrada el 19 de noviembre de 2024, aprob\u00f3 provisionalmente el Plan General Municipal de Betelu redactado por Chocarro Urmeneta Arquitectos S.L.P. Para la aprobaci\u00f3n definitiva del Plan se remitir\u00e1 el expediente completo&hellip;\" \/>\r\n<meta property=\"og:url\" content=\"http:\/\/www.betelu.eus\/beteluko-udal-plan-orokorra\/\" \/>\r\n<meta property=\"og:site_name\" content=\"Ayuntamiento de BETELU\" \/>\r\n<meta property=\"og:image\" content=\"https:\/\/www.iustel.com\/contenidos\/imagenes\/37111.%20Imagen%204.jpg\" \/>\r\n<meta name=\"twitter:card\" content=\"summary_large_image\" \/>\r\n<meta name=\"twitter:label1\" content=\"Tiempo de lectura\" \/>\n\t<meta name=\"twitter:data1\" content=\"1 minuto\" \/>\r\n<script type=\"application\/ld+json\" class=\"yoast-schema-graph\">{\"@context\":\"https:\/\/schema.org\",\"@graph\":[{\"@type\":\"WebPage\",\"@id\":\"http:\/\/www.betelu.eus\/beteluko-udal-plan-orokorra\/\",\"url\":\"http:\/\/www.betelu.eus\/beteluko-udal-plan-orokorra\/\",\"name\":\"[:eu]Beteluko Udal Plan Orokorra[:] - Ayuntamiento de BETELU\",\"isPartOf\":{\"@id\":\"http:\/\/www.betelu.eus\/#website\"},\"primaryImageOfPage\":{\"@id\":\"http:\/\/www.betelu.eus\/beteluko-udal-plan-orokorra\/#primaryimage\"},\"image\":{\"@id\":\"http:\/\/www.betelu.eus\/beteluko-udal-plan-orokorra\/#primaryimage\"},\"thumbnailUrl\":\"https:\/\/www.iustel.com\/contenidos\/imagenes\/37111.%20Imagen%204.jpg\",\"datePublished\":\"2024-11-28T14:04:29+00:00\",\"breadcrumb\":{\"@id\":\"http:\/\/www.betelu.eus\/beteluko-udal-plan-orokorra\/#breadcrumb\"},\"inLanguage\":\"es\",\"potentialAction\":[{\"@type\":\"ReadAction\",\"target\":[\"http:\/\/www.betelu.eus\/beteluko-udal-plan-orokorra\/\"]}]},{\"@type\":\"ImageObject\",\"inLanguage\":\"es\",\"@id\":\"http:\/\/www.betelu.eus\/beteluko-udal-plan-orokorra\/#primaryimage\",\"url\":\"https:\/\/www.iustel.com\/contenidos\/imagenes\/37111.%20Imagen%204.jpg\",\"contentUrl\":\"https:\/\/www.iustel.com\/contenidos\/imagenes\/37111.%20Imagen%204.jpg\"},{\"@type\":\"BreadcrumbList\",\"@id\":\"http:\/\/www.betelu.eus\/beteluko-udal-plan-orokorra\/#breadcrumb\",\"itemListElement\":[{\"@type\":\"ListItem\",\"position\":1,\"name\":\"Portada\",\"item\":\"http:\/\/www.betelu.eus\/\"},{\"@type\":\"ListItem\",\"position\":2,\"name\":\"Beteluko Udal Plan Orokorra\"}]},{\"@type\":\"WebSite\",\"@id\":\"http:\/\/www.betelu.eus\/#website\",\"url\":\"http:\/\/www.betelu.eus\/\",\"name\":\"Ayuntamiento de BETELU\",\"description\":\"Web del Ayuntamiento de BETELU\",\"potentialAction\":[{\"@type\":\"SearchAction\",\"target\":{\"@type\":\"EntryPoint\",\"urlTemplate\":\"http:\/\/www.betelu.eus\/?s={search_term_string}\"},\"query-input\":{\"@type\":\"PropertyValueSpecification\",\"valueRequired\":true,\"valueName\":\"search_term_string\"}}],\"inLanguage\":\"es\"}]}<\/script>\r\n<!-- \/ Yoast SEO plugin. -->","yoast_head_json":{"title":"[:eu]Beteluko Udal Plan Orokorra[:] - Ayuntamiento de BETELU","robots":{"index":"index","follow":"follow","max-snippet":"max-snippet:-1","max-image-preview":"max-image-preview:large","max-video-preview":"max-video-preview:-1"},"canonical":"http:\/\/www.betelu.eus\/beteluko-udal-plan-orokorra\/","og_locale":"es_ES","og_type":"article","og_title":"[:eu]Beteluko Udal Plan Orokorra[:] - Ayuntamiento de BETELU","og_description":"El Pleno del Ayuntamiento de Betelu, en sesi\u00f3n celebrada el 19 de noviembre de 2024, aprob\u00f3 provisionalmente el Plan General Municipal de Betelu redactado por Chocarro Urmeneta Arquitectos S.L.P. Para la aprobaci\u00f3n definitiva del Plan se remitir\u00e1 el expediente completo&hellip;","og_url":"http:\/\/www.betelu.eus\/beteluko-udal-plan-orokorra\/","og_site_name":"Ayuntamiento de BETELU","og_image":[{"url":"https:\/\/www.iustel.com\/contenidos\/imagenes\/37111.%20Imagen%204.jpg","type":"","width":"","height":""}],"twitter_card":"summary_large_image","twitter_misc":{"Tiempo de lectura":"1 minuto"},"schema":{"@context":"https:\/\/schema.org","@graph":[{"@type":"WebPage","@id":"http:\/\/www.betelu.eus\/beteluko-udal-plan-orokorra\/","url":"http:\/\/www.betelu.eus\/beteluko-udal-plan-orokorra\/","name":"[:eu]Beteluko Udal Plan Orokorra[:] - Ayuntamiento de BETELU","isPartOf":{"@id":"http:\/\/www.betelu.eus\/#website"},"primaryImageOfPage":{"@id":"http:\/\/www.betelu.eus\/beteluko-udal-plan-orokorra\/#primaryimage"},"image":{"@id":"http:\/\/www.betelu.eus\/beteluko-udal-plan-orokorra\/#primaryimage"},"thumbnailUrl":"https:\/\/www.iustel.com\/contenidos\/imagenes\/37111.%20Imagen%204.jpg","datePublished":"2024-11-28T14:04:29+00:00","breadcrumb":{"@id":"http:\/\/www.betelu.eus\/beteluko-udal-plan-orokorra\/#breadcrumb"},"inLanguage":"es","potentialAction":[{"@type":"ReadAction","target":["http:\/\/www.betelu.eus\/beteluko-udal-plan-orokorra\/"]}]},{"@type":"ImageObject","inLanguage":"es","@id":"http:\/\/www.betelu.eus\/beteluko-udal-plan-orokorra\/#primaryimage","url":"https:\/\/www.iustel.com\/contenidos\/imagenes\/37111.%20Imagen%204.jpg","contentUrl":"https:\/\/www.iustel.com\/contenidos\/imagenes\/37111.%20Imagen%204.jpg"},{"@type":"BreadcrumbList","@id":"http:\/\/www.betelu.eus\/beteluko-udal-plan-orokorra\/#breadcrumb","itemListElement":[{"@type":"ListItem","position":1,"name":"Portada","item":"http:\/\/www.betelu.eus\/"},{"@type":"ListItem","position":2,"name":"Beteluko Udal Plan Orokorra"}]},{"@type":"WebSite","@id":"http:\/\/www.betelu.eus\/#website","url":"http:\/\/www.betelu.eus\/","name":"Ayuntamiento de BETELU","description":"Web del Ayuntamiento de BETELU","potentialAction":[{"@type":"SearchAction","target":{"@type":"EntryPoint","urlTemplate":"http:\/\/www.betelu.eus\/?s={search_term_string}"},"query-input":{"@type":"PropertyValueSpecification","valueRequired":true,"valueName":"search_term_string"}}],"inLanguage":"es"}]}},"_links":{"self":[{"href":"http:\/\/www.betelu.eus\/es\/wp-json\/wp\/v2\/pages\/8439","targetHints":{"allow":["GET"]}}],"collection":[{"href":"http:\/\/www.betelu.eus\/es\/wp-json\/wp\/v2\/pages"}],"about":[{"href":"http:\/\/www.betelu.eus\/es\/wp-json\/wp\/v2\/types\/page"}],"author":[{"embeddable":true,"href":"http:\/\/www.betelu.eus\/es\/wp-json\/wp\/v2\/users\/329"}],"replies":[{"embeddable":true,"href":"http:\/\/www.betelu.eus\/es\/wp-json\/wp\/v2\/comments?post=8439"}],"version-history":[{"count":1,"href":"http:\/\/www.betelu.eus\/es\/wp-json\/wp\/v2\/pages\/8439\/revisions"}],"predecessor-version":[{"id":8440,"href":"http:\/\/www.betelu.eus\/es\/wp-json\/wp\/v2\/pages\/8439\/revisions\/8440"}],"wp:attachment":[{"href":"http:\/\/www.betelu.eus\/es\/wp-json\/wp\/v2\/media?parent=8439"}],"curies":[{"name":"wp","href":"https:\/\/api.w.org\/{rel}","templated":true}]}}